{"id":1168,"date":"2023-06-13T11:02:04","date_gmt":"2023-06-13T14:02:04","guid":{"rendered":"https:\/\/eventos.crp.ufv.br\/jogosdigitais\/?page_id=1168"},"modified":"2024-06-23T20:37:41","modified_gmt":"2024-06-23T23:37:41","slug":"1168-2","status":"publish","type":"page","link":"https:\/\/eventos.crp.ufv.br\/jogosdigitais\/?page_id=1168","title":{"rendered":"V Mostra de Jogos digitais (2023)"},"content":{"rendered":"<h1 style=\"text-align: center;\">Jogos Educacionais<\/h1>\n<h2>Geografia:<\/h2>\n<div id=\"attachment_1466\" style=\"width: 594px\" class=\"wp-caption alignnone\"><a href=\"https:\/\/eventos.crp.ufv.br\/jogosdigitais\/?page_id=1182\"><img loading=\"lazy\" decoding=\"async\" aria-describedby=\"caption-attachment-1466\" class=\"wp-image-1466 size-large\" src=\"https:\/\/eventos.crp.ufv.br\/jogosdigitais\/wp-content\/uploads\/2023\/06\/menu_atualizado_para_o_site-1024x576.jpeg\" width=\"584\" height=\"329\" srcset=\"https:\/\/eventos.crp.ufv.br\/jogosdigitais\/wp-content\/uploads\/2023\/06\/menu_atualizado_para_o_site-1024x576.jpeg 1024w, https:\/\/eventos.crp.ufv.br\/jogosdigitais\/wp-content\/uploads\/2023\/06\/menu_atualizado_para_o_site-300x169.jpeg 300w, https:\/\/eventos.crp.ufv.br\/jogosdigitais\/wp-content\/uploads\/2023\/06\/menu_atualizado_para_o_site-768x432.jpeg 768w, https:\/\/eventos.crp.ufv.br\/jogosdigitais\/wp-content\/uploads\/2023\/06\/menu_atualizado_para_o_site-500x281.jpeg 500w, https:\/\/eventos.crp.ufv.br\/jogosdigitais\/wp-content\/uploads\/2023\/06\/menu_atualizado_para_o_site.jpeg 1366w\" sizes=\"auto, (max-width: 584px) 100vw, 584px\" \/><\/a><p id=\"caption-attachment-1466\" class=\"wp-caption-text\"><strong>Resgate Selvagem: Uma expedi\u00e7\u00e3o do conhecimento &#8211; Ensino Fundamental II (7\u00b0 ano)<\/strong><\/p><\/div>\n<h2>Matem\u00e1tica:<\/h2>\n<div id=\"attachment_1136\" style=\"width: 594px\" class=\"wp-caption alignnone\"><a href=\"https:\/\/eventos.crp.ufv.br\/jogosdigitais\/?page_id=1188\"><img loading=\"lazy\" decoding=\"async\" aria-describedby=\"caption-attachment-1136\" class=\"wp-image-1136 size-large\" src=\"https:\/\/eventos.crp.ufv.br\/jogosdigitais\/wp-content\/uploads\/2014\/07\/WhatsApp-Image-2023-06-04-at-16.24.34-1024x576.jpeg\" width=\"584\" height=\"329\" srcset=\"https:\/\/eventos.crp.ufv.br\/jogosdigitais\/wp-content\/uploads\/2014\/07\/WhatsApp-Image-2023-06-04-at-16.24.34-1024x576.jpeg 1024w, https:\/\/eventos.crp.ufv.br\/jogosdigitais\/wp-content\/uploads\/2014\/07\/WhatsApp-Image-2023-06-04-at-16.24.34-300x169.jpeg 300w, https:\/\/eventos.crp.ufv.br\/jogosdigitais\/wp-content\/uploads\/2014\/07\/WhatsApp-Image-2023-06-04-at-16.24.34-768x432.jpeg 768w, https:\/\/eventos.crp.ufv.br\/jogosdigitais\/wp-content\/uploads\/2014\/07\/WhatsApp-Image-2023-06-04-at-16.24.34-500x281.jpeg 500w, https:\/\/eventos.crp.ufv.br\/jogosdigitais\/wp-content\/uploads\/2014\/07\/WhatsApp-Image-2023-06-04-at-16.24.34.jpeg 1366w\" sizes=\"auto, (max-width: 584px) 100vw, 584px\" \/><\/a><p id=\"caption-attachment-1136\" class=\"wp-caption-text\"><strong>Math Racer: A corrida da matem\u00e1tica &#8211; Ensino M\u00e9dio (1\u00ba , 2\u00ba e 3\u00ba ano)<\/strong><\/p><\/div>\n<p>&nbsp;<\/p>\n<div id=\"attachment_1140\" style=\"width: 594px\" class=\"wp-caption alignnone\"><a href=\"https:\/\/eventos.crp.ufv.br\/jogosdigitais\/?page_id=1190\"><img loading=\"lazy\" decoding=\"async\" aria-describedby=\"caption-attachment-1140\" class=\"wp-image-1140 size-large\" src=\"https:\/\/eventos.crp.ufv.br\/jogosdigitais\/wp-content\/uploads\/2014\/07\/WhatsApp-Image-2023-06-04-at-16.24.36-1-1024x573.jpeg\" width=\"584\" height=\"327\" srcset=\"https:\/\/eventos.crp.ufv.br\/jogosdigitais\/wp-content\/uploads\/2014\/07\/WhatsApp-Image-2023-06-04-at-16.24.36-1-1024x573.jpeg 1024w, https:\/\/eventos.crp.ufv.br\/jogosdigitais\/wp-content\/uploads\/2014\/07\/WhatsApp-Image-2023-06-04-at-16.24.36-1-300x168.jpeg 300w, https:\/\/eventos.crp.ufv.br\/jogosdigitais\/wp-content\/uploads\/2014\/07\/WhatsApp-Image-2023-06-04-at-16.24.36-1-768x430.jpeg 768w, https:\/\/eventos.crp.ufv.br\/jogosdigitais\/wp-content\/uploads\/2014\/07\/WhatsApp-Image-2023-06-04-at-16.24.36-1-500x280.jpeg 500w, https:\/\/eventos.crp.ufv.br\/jogosdigitais\/wp-content\/uploads\/2014\/07\/WhatsApp-Image-2023-06-04-at-16.24.36-1.jpeg 1036w\" sizes=\"auto, (max-width: 584px) 100vw, 584px\" \/><\/a><p id=\"caption-attachment-1140\" class=\"wp-caption-text\"><strong>Opera\u00e7\u00e3o Matem\u00e1tica: A Queda do Zero &#8211; 6\u00b0 ano ensino fundamental II<\/strong><\/p><\/div>\n<p>&nbsp;<\/p>\n<div id=\"attachment_1315\" style=\"width: 594px\" class=\"wp-caption alignnone\"><a href=\" https:\/\/eventos.crp.ufv.br\/jogosdigitais\/?page_id=1192\"><img loading=\"lazy\" decoding=\"async\" aria-describedby=\"caption-attachment-1315\" class=\"wp-image-1315 size-large\" src=\"https:\/\/eventos.crp.ufv.br\/jogosdigitais\/wp-content\/uploads\/2023\/06\/WhatsApp-Image-2023-06-04-at-16.24.36-2-1024x576.jpeg\" width=\"584\" height=\"329\" srcset=\"https:\/\/eventos.crp.ufv.br\/jogosdigitais\/wp-content\/uploads\/2023\/06\/WhatsApp-Image-2023-06-04-at-16.24.36-2-1024x576.jpeg 1024w, https:\/\/eventos.crp.ufv.br\/jogosdigitais\/wp-content\/uploads\/2023\/06\/WhatsApp-Image-2023-06-04-at-16.24.36-2-300x169.jpeg 300w, https:\/\/eventos.crp.ufv.br\/jogosdigitais\/wp-content\/uploads\/2023\/06\/WhatsApp-Image-2023-06-04-at-16.24.36-2-768x432.jpeg 768w, https:\/\/eventos.crp.ufv.br\/jogosdigitais\/wp-content\/uploads\/2023\/06\/WhatsApp-Image-2023-06-04-at-16.24.36-2-500x281.jpeg 500w, https:\/\/eventos.crp.ufv.br\/jogosdigitais\/wp-content\/uploads\/2023\/06\/WhatsApp-Image-2023-06-04-at-16.24.36-2.jpeg 1600w\" sizes=\"auto, (max-width: 584px) 100vw, 584px\" \/><\/a><p id=\"caption-attachment-1315\" class=\"wp-caption-text\"><strong>RabbitLand &#8211; 5\u00b0 Ano Ensino Fundamental II<\/strong><\/p><\/div>\n<p>&nbsp;<\/p>\n<div id=\"attachment_1142\" style=\"width: 594px\" class=\"wp-caption alignnone\"><a href=\"https:\/\/eventos.crp.ufv.br\/jogosdigitais\/?page_id=1194\"><img loading=\"lazy\" decoding=\"async\" aria-describedby=\"caption-attachment-1142\" class=\"wp-image-1142 size-large\" src=\"https:\/\/eventos.crp.ufv.br\/jogosdigitais\/wp-content\/uploads\/2014\/07\/WhatsApp-Image-2023-06-04-at-16.24.36-1024x576.jpeg\" width=\"584\" height=\"329\" srcset=\"https:\/\/eventos.crp.ufv.br\/jogosdigitais\/wp-content\/uploads\/2014\/07\/WhatsApp-Image-2023-06-04-at-16.24.36-1024x576.jpeg 1024w, https:\/\/eventos.crp.ufv.br\/jogosdigitais\/wp-content\/uploads\/2014\/07\/WhatsApp-Image-2023-06-04-at-16.24.36-300x169.jpeg 300w, https:\/\/eventos.crp.ufv.br\/jogosdigitais\/wp-content\/uploads\/2014\/07\/WhatsApp-Image-2023-06-04-at-16.24.36-768x432.jpeg 768w, https:\/\/eventos.crp.ufv.br\/jogosdigitais\/wp-content\/uploads\/2014\/07\/WhatsApp-Image-2023-06-04-at-16.24.36-500x281.jpeg 500w, https:\/\/eventos.crp.ufv.br\/jogosdigitais\/wp-content\/uploads\/2014\/07\/WhatsApp-Image-2023-06-04-at-16.24.36.jpeg 1366w\" sizes=\"auto, (max-width: 584px) 100vw, 584px\" \/><\/a><p id=\"caption-attachment-1142\" class=\"wp-caption-text\"><strong>GeometryQuest &#8211; 6\u00b0 ano ensino fundamental II<\/strong><\/p><\/div>\n<p>&nbsp;<\/p>\n<div id=\"attachment_1462\" style=\"width: 594px\" class=\"wp-caption alignnone\"><a href=\"https:\/\/eventos.crp.ufv.br\/jogosdigitais\/?page_id=1196\"><img loading=\"lazy\" decoding=\"async\" aria-describedby=\"caption-attachment-1462\" class=\"size-large wp-image-1462\" src=\"https:\/\/eventos.crp.ufv.br\/jogosdigitais\/wp-content\/uploads\/2023\/06\/Menu-1024x573.png\" alt=\"\" width=\"584\" height=\"327\" srcset=\"https:\/\/eventos.crp.ufv.br\/jogosdigitais\/wp-content\/uploads\/2023\/06\/Menu-1024x573.png 1024w, https:\/\/eventos.crp.ufv.br\/jogosdigitais\/wp-content\/uploads\/2023\/06\/Menu-300x168.png 300w, https:\/\/eventos.crp.ufv.br\/jogosdigitais\/wp-content\/uploads\/2023\/06\/Menu-768x429.png 768w, https:\/\/eventos.crp.ufv.br\/jogosdigitais\/wp-content\/uploads\/2023\/06\/Menu-500x280.png 500w, https:\/\/eventos.crp.ufv.br\/jogosdigitais\/wp-content\/uploads\/2023\/06\/Menu.png 1597w\" sizes=\"auto, (max-width: 584px) 100vw, 584px\" \/><\/a><p id=\"caption-attachment-1462\" class=\"wp-caption-text\"><strong>The Last Lab &#8211; Ensino\u00a0fundamental II (6\u00b0 ao 9\u00b0 ano)<\/strong><\/p><\/div>\n<h2>M\u00fasica:<\/h2>\n<div id=\"attachment_1144\" style=\"width: 594px\" class=\"wp-caption alignnone\"><a href=\"https:\/\/eventos.crp.ufv.br\/jogosdigitais\/?page_id=1198\"><img loading=\"lazy\" decoding=\"async\" aria-describedby=\"caption-attachment-1144\" class=\"wp-image-1144 size-large\" src=\"https:\/\/eventos.crp.ufv.br\/jogosdigitais\/wp-content\/uploads\/2014\/07\/WhatsApp-Image-2023-06-04-at-16.24.37-2-1024x577.jpeg\" width=\"584\" height=\"329\" srcset=\"https:\/\/eventos.crp.ufv.br\/jogosdigitais\/wp-content\/uploads\/2014\/07\/WhatsApp-Image-2023-06-04-at-16.24.37-2-1024x577.jpeg 1024w, https:\/\/eventos.crp.ufv.br\/jogosdigitais\/wp-content\/uploads\/2014\/07\/WhatsApp-Image-2023-06-04-at-16.24.37-2-300x169.jpeg 300w, https:\/\/eventos.crp.ufv.br\/jogosdigitais\/wp-content\/uploads\/2014\/07\/WhatsApp-Image-2023-06-04-at-16.24.37-2-768x433.jpeg 768w, https:\/\/eventos.crp.ufv.br\/jogosdigitais\/wp-content\/uploads\/2014\/07\/WhatsApp-Image-2023-06-04-at-16.24.37-2-500x282.jpeg 500w, https:\/\/eventos.crp.ufv.br\/jogosdigitais\/wp-content\/uploads\/2014\/07\/WhatsApp-Image-2023-06-04-at-16.24.37-2.jpeg 1497w\" sizes=\"auto, (max-width: 584px) 100vw, 584px\" \/><\/a><p id=\"caption-attachment-1144\" class=\"wp-caption-text\"><strong>FoxMusic<\/strong><\/p><\/div>\n<h2>Portugu\u00eas:<\/h2>\n<div id=\"attachment_1138\" style=\"width: 594px\" class=\"wp-caption alignnone\"><a href=\"https:\/\/eventos.crp.ufv.br\/jogosdigitais\/?page_id=1200\"><img loading=\"lazy\" decoding=\"async\" aria-describedby=\"caption-attachment-1138\" class=\"wp-image-1138 size-large\" src=\"https:\/\/eventos.crp.ufv.br\/jogosdigitais\/wp-content\/uploads\/2014\/07\/WhatsApp-Image-2023-06-04-at-16.24.35-2-1024x574.jpeg\" width=\"584\" height=\"327\" srcset=\"https:\/\/eventos.crp.ufv.br\/jogosdigitais\/wp-content\/uploads\/2014\/07\/WhatsApp-Image-2023-06-04-at-16.24.35-2-1024x574.jpeg 1024w, https:\/\/eventos.crp.ufv.br\/jogosdigitais\/wp-content\/uploads\/2014\/07\/WhatsApp-Image-2023-06-04-at-16.24.35-2-300x168.jpeg 300w, https:\/\/eventos.crp.ufv.br\/jogosdigitais\/wp-content\/uploads\/2014\/07\/WhatsApp-Image-2023-06-04-at-16.24.35-2-768x431.jpeg 768w, https:\/\/eventos.crp.ufv.br\/jogosdigitais\/wp-content\/uploads\/2014\/07\/WhatsApp-Image-2023-06-04-at-16.24.35-2-500x281.jpeg 500w, https:\/\/eventos.crp.ufv.br\/jogosdigitais\/wp-content\/uploads\/2014\/07\/WhatsApp-Image-2023-06-04-at-16.24.35-2.jpeg 1139w\" sizes=\"auto, (max-width: 584px) 100vw, 584px\" \/><\/a><p id=\"caption-attachment-1138\" class=\"wp-caption-text\"><strong>Palavras ao Ar &#8211; E<b>nsino Fundamental (1\u00b0 ao 8 \u00b0 ano)<\/b><\/strong><\/p><\/div>\n<p>&nbsp;<\/p>\n<div id=\"attachment_1143\" style=\"width: 594px\" class=\"wp-caption alignnone\"><a href=\"https:\/\/eventos.crp.ufv.br\/jogosdigitais\/?page_id=1202\"><img loading=\"lazy\" decoding=\"async\" aria-describedby=\"caption-attachment-1143\" class=\"wp-image-1143 size-large\" src=\"https:\/\/eventos.crp.ufv.br\/jogosdigitais\/wp-content\/uploads\/2014\/07\/WhatsApp-Image-2023-06-04-at-16.24.37-1-1024x466.jpeg\" width=\"584\" height=\"266\" srcset=\"https:\/\/eventos.crp.ufv.br\/jogosdigitais\/wp-content\/uploads\/2014\/07\/WhatsApp-Image-2023-06-04-at-16.24.37-1-1024x466.jpeg 1024w, https:\/\/eventos.crp.ufv.br\/jogosdigitais\/wp-content\/uploads\/2014\/07\/WhatsApp-Image-2023-06-04-at-16.24.37-1-300x137.jpeg 300w, https:\/\/eventos.crp.ufv.br\/jogosdigitais\/wp-content\/uploads\/2014\/07\/WhatsApp-Image-2023-06-04-at-16.24.37-1-768x350.jpeg 768w, https:\/\/eventos.crp.ufv.br\/jogosdigitais\/wp-content\/uploads\/2014\/07\/WhatsApp-Image-2023-06-04-at-16.24.37-1-500x228.jpeg 500w, https:\/\/eventos.crp.ufv.br\/jogosdigitais\/wp-content\/uploads\/2014\/07\/WhatsApp-Image-2023-06-04-at-16.24.37-1.jpeg 1280w\" sizes=\"auto, (max-width: 584px) 100vw, 584px\" \/><\/a><p id=\"caption-attachment-1143\" class=\"wp-caption-text\"><strong>Linguaventura &#8211; 8\u00ba\/9\u00ba ano(Anos Finais) Ensino Fundamental II<\/strong><\/p><\/div>\n<h2>Programa\u00e7\u00e3o:<\/h2>\n<p><a href=\"https:\/\/eventos.crp.ufv.br\/jogosdigitais\/?page_id=1205\"><img loading=\"lazy\" decoding=\"async\" class=\"alignnone wp-image-1552 size-large\" src=\"https:\/\/eventos.crp.ufv.br\/jogosdigitais\/wp-content\/uploads\/2023\/06\/tela-1024x576.png\" width=\"584\" height=\"329\" srcset=\"https:\/\/eventos.crp.ufv.br\/jogosdigitais\/wp-content\/uploads\/2023\/06\/tela-1024x576.png 1024w, https:\/\/eventos.crp.ufv.br\/jogosdigitais\/wp-content\/uploads\/2023\/06\/tela-300x169.png 300w, https:\/\/eventos.crp.ufv.br\/jogosdigitais\/wp-content\/uploads\/2023\/06\/tela-768x432.png 768w, https:\/\/eventos.crp.ufv.br\/jogosdigitais\/wp-content\/uploads\/2023\/06\/tela-500x281.png 500w, https:\/\/eventos.crp.ufv.br\/jogosdigitais\/wp-content\/uploads\/2023\/06\/tela.png 1920w\" sizes=\"auto, (max-width: 584px) 100vw, 584px\" \/><\/a><\/p>\n<h1 style=\"text-align: center;\">Jogos\u00a0S\u00e9rios Apae<\/h1>\n<h2>Interpreta\u00e7\u00e3o e Matem\u00e1tica:<\/h2>\n<div id=\"attachment_1135\" style=\"width: 594px\" class=\"wp-caption alignnone\"><a href=\"https:\/\/eventos.crp.ufv.br\/jogosdigitais\/?page_id=1210\"><img loading=\"lazy\" decoding=\"async\" aria-describedby=\"caption-attachment-1135\" class=\"wp-image-1135 size-large\" src=\"https:\/\/eventos.crp.ufv.br\/jogosdigitais\/wp-content\/uploads\/2014\/07\/WhatsApp-Image-2023-06-04-at-16.24.34-1-1024x577.jpeg\" width=\"584\" height=\"329\" srcset=\"https:\/\/eventos.crp.ufv.br\/jogosdigitais\/wp-content\/uploads\/2014\/07\/WhatsApp-Image-2023-06-04-at-16.24.34-1-1024x577.jpeg 1024w, https:\/\/eventos.crp.ufv.br\/jogosdigitais\/wp-content\/uploads\/2014\/07\/WhatsApp-Image-2023-06-04-at-16.24.34-1-300x169.jpeg 300w, https:\/\/eventos.crp.ufv.br\/jogosdigitais\/wp-content\/uploads\/2014\/07\/WhatsApp-Image-2023-06-04-at-16.24.34-1-768x433.jpeg 768w, https:\/\/eventos.crp.ufv.br\/jogosdigitais\/wp-content\/uploads\/2014\/07\/WhatsApp-Image-2023-06-04-at-16.24.34-1-500x282.jpeg 500w, https:\/\/eventos.crp.ufv.br\/jogosdigitais\/wp-content\/uploads\/2014\/07\/WhatsApp-Image-2023-06-04-at-16.24.34-1.jpeg 1072w\" sizes=\"auto, (max-width: 584px) 100vw, 584px\" \/><\/a><p id=\"caption-attachment-1135\" class=\"wp-caption-text\"><strong>Trilhas do Conhecimento &#8211; (4\u00b0 e 5\u00b0 ano)<\/strong><\/p><\/div>\n<h2>Portugu\u00eas:<\/h2>\n<div id=\"attachment_1318\" style=\"width: 594px\" class=\"wp-caption alignnone\"><a href=\"https:\/\/eventos.crp.ufv.br\/jogosdigitais\/?page_id=1320\"><img loading=\"lazy\" decoding=\"async\" aria-describedby=\"caption-attachment-1318\" class=\"wp-image-1318 size-large\" src=\"https:\/\/eventos.crp.ufv.br\/jogosdigitais\/wp-content\/uploads\/2023\/06\/WhatsApp-Image-2023-06-27-at-13.54.34-1024x640.jpeg\" width=\"584\" height=\"365\" srcset=\"https:\/\/eventos.crp.ufv.br\/jogosdigitais\/wp-content\/uploads\/2023\/06\/WhatsApp-Image-2023-06-27-at-13.54.34-1024x640.jpeg 1024w, https:\/\/eventos.crp.ufv.br\/jogosdigitais\/wp-content\/uploads\/2023\/06\/WhatsApp-Image-2023-06-27-at-13.54.34-300x188.jpeg 300w, https:\/\/eventos.crp.ufv.br\/jogosdigitais\/wp-content\/uploads\/2023\/06\/WhatsApp-Image-2023-06-27-at-13.54.34-768x480.jpeg 768w, https:\/\/eventos.crp.ufv.br\/jogosdigitais\/wp-content\/uploads\/2023\/06\/WhatsApp-Image-2023-06-27-at-13.54.34-480x300.jpeg 480w, https:\/\/eventos.crp.ufv.br\/jogosdigitais\/wp-content\/uploads\/2023\/06\/WhatsApp-Image-2023-06-27-at-13.54.34.jpeg 1440w\" sizes=\"auto, (max-width: 584px) 100vw, 584px\" \/><\/a><p id=\"caption-attachment-1318\" class=\"wp-caption-text\"><strong>Ant\u00f4nio em Busca das Letras Perdidas<\/strong><\/p><\/div>\n<div id=\"attachment_1448\" style=\"width: 594px\" class=\"wp-caption alignnone\"><a href=\"https:\/\/eventos.crp.ufv.br\/jogosdigitais\/?page_id=1212\"><img loading=\"lazy\" decoding=\"async\" aria-describedby=\"caption-attachment-1448\" class=\"wp-image-1448 size-large\" src=\"https:\/\/eventos.crp.ufv.br\/jogosdigitais\/wp-content\/uploads\/2023\/06\/Screenshot_20230711-120646-1024x473.png\" width=\"584\" height=\"270\" srcset=\"https:\/\/eventos.crp.ufv.br\/jogosdigitais\/wp-content\/uploads\/2023\/06\/Screenshot_20230711-120646-1024x473.png 1024w, https:\/\/eventos.crp.ufv.br\/jogosdigitais\/wp-content\/uploads\/2023\/06\/Screenshot_20230711-120646-300x138.png 300w, https:\/\/eventos.crp.ufv.br\/jogosdigitais\/wp-content\/uploads\/2023\/06\/Screenshot_20230711-120646-768x354.png 768w, https:\/\/eventos.crp.ufv.br\/jogosdigitais\/wp-content\/uploads\/2023\/06\/Screenshot_20230711-120646-500x231.png 500w, https:\/\/eventos.crp.ufv.br\/jogosdigitais\/wp-content\/uploads\/2023\/06\/Screenshot_20230711-120646.png 1560w\" sizes=\"auto, (max-width: 584px) 100vw, 584px\" \/><\/a><p id=\"caption-attachment-1448\" class=\"wp-caption-text\"><strong>Underwater<\/strong><\/p><\/div>\n<h2>Educa\u00e7\u00e3o Infantil:<\/h2>\n<div id=\"attachment_1470\" style=\"width: 594px\" class=\"wp-caption alignnone\"><a href=\"https:\/\/eventos.crp.ufv.br\/jogosdigitais\/?page_id=1471&amp;preview=true\"><img loading=\"lazy\" decoding=\"async\" aria-describedby=\"caption-attachment-1470\" class=\"wp-image-1470\" src=\"https:\/\/eventos.crp.ufv.br\/jogosdigitais\/wp-content\/uploads\/2023\/06\/WhatsApp-Image-2023-07-13-at-19.59.46.jpeg\" width=\"584\" height=\"329\" srcset=\"https:\/\/eventos.crp.ufv.br\/jogosdigitais\/wp-content\/uploads\/2023\/06\/WhatsApp-Image-2023-07-13-at-19.59.46.jpeg 739w, https:\/\/eventos.crp.ufv.br\/jogosdigitais\/wp-content\/uploads\/2023\/06\/WhatsApp-Image-2023-07-13-at-19.59.46-300x169.jpeg 300w, https:\/\/eventos.crp.ufv.br\/jogosdigitais\/wp-content\/uploads\/2023\/06\/WhatsApp-Image-2023-07-13-at-19.59.46-500x281.jpeg 500w\" sizes=\"auto, (max-width: 584px) 100vw, 584px\" \/><\/a><p id=\"caption-attachment-1470\" class=\"wp-caption-text\"><strong>Caminhos do Aprendizado<\/strong><\/p><\/div>\n","protected":false},"excerpt":{"rendered":"<p>Jogos Educacionais Geografia: Matem\u00e1tica: &nbsp; &nbsp; &nbsp; &nbsp; M\u00fasica: Portugu\u00eas: &nbsp; Programa\u00e7\u00e3o: Jogos\u00a0S\u00e9rios Apae Interpreta\u00e7\u00e3o e Matem\u00e1tica: Portugu\u00eas: Educa\u00e7\u00e3o Infantil:<\/p>\n","protected":false},"author":5,"featured_media":0,"parent":392,"menu_order":0,"comment_status":"closed","ping_status":"closed","template":"","meta":{"footnotes":""},"class_list":["post-1168","page","type-page","status-publish","hentry"],"_links":{"self":[{"href":"https:\/\/eventos.crp.ufv.br\/jogosdigitais\/index.php?rest_route=\/wp\/v2\/pages\/1168","targetHints":{"allow":["GET"]}}],"collection":[{"href":"https:\/\/eventos.crp.ufv.br\/jogosdigitais\/index.php?rest_route=\/wp\/v2\/pages"}],"about":[{"href":"https:\/\/eventos.crp.ufv.br\/jogosdigitais\/index.php?rest_route=\/wp\/v2\/types\/page"}],"author":[{"embeddable":true,"href":"https:\/\/eventos.crp.ufv.br\/jogosdigitais\/index.php?rest_route=\/wp\/v2\/users\/5"}],"replies":[{"embeddable":true,"href":"https:\/\/eventos.crp.ufv.br\/jogosdigitais\/index.php?rest_route=%2Fwp%2Fv2%2Fcomments&post=1168"}],"version-history":[{"count":33,"href":"https:\/\/eventos.crp.ufv.br\/jogosdigitais\/index.php?rest_route=\/wp\/v2\/pages\/1168\/revisions"}],"predecessor-version":[{"id":1584,"href":"https:\/\/eventos.crp.ufv.br\/jogosdigitais\/index.php?rest_route=\/wp\/v2\/pages\/1168\/revisions\/1584"}],"up":[{"embeddable":true,"href":"https:\/\/eventos.crp.ufv.br\/jogosdigitais\/index.php?rest_route=\/wp\/v2\/pages\/392"}],"wp:attachment":[{"href":"https:\/\/eventos.crp.ufv.br\/jogosdigitais\/index.php?rest_route=%2Fwp%2Fv2%2Fmedia&parent=1168"}],"curies":[{"name":"wp","href":"https:\/\/api.w.org\/{rel}","templated":true}]}}