{"id":1188,"date":"2023-06-14T11:37:38","date_gmt":"2023-06-14T14:37:38","guid":{"rendered":"https:\/\/eventos.crp.ufv.br\/jogosdigitais\/?page_id=1188"},"modified":"2023-07-14T17:47:18","modified_gmt":"2023-07-14T20:47:18","slug":"math-racer","status":"publish","type":"page","link":"https:\/\/eventos.crp.ufv.br\/jogosdigitais\/?page_id=1188","title":{"rendered":"Math Racer"},"content":{"rendered":"<p><a href=\"https:\/\/eventos.crp.ufv.br\/jogosdigitais\/wp-content\/uploads\/2014\/07\/WhatsApp-Image-2023-06-04-at-16.24.34.jpeg\"><img loading=\"lazy\" decoding=\"async\" class=\"size-medium wp-image-1136\" src=\"https:\/\/eventos.crp.ufv.br\/jogosdigitais\/wp-content\/uploads\/2014\/07\/WhatsApp-Image-2023-06-04-at-16.24.34-300x169.jpeg\" alt=\"\" width=\"300\" height=\"169\" srcset=\"https:\/\/eventos.crp.ufv.br\/jogosdigitais\/wp-content\/uploads\/2014\/07\/WhatsApp-Image-2023-06-04-at-16.24.34-300x169.jpeg 300w, https:\/\/eventos.crp.ufv.br\/jogosdigitais\/wp-content\/uploads\/2014\/07\/WhatsApp-Image-2023-06-04-at-16.24.34-768x432.jpeg 768w, https:\/\/eventos.crp.ufv.br\/jogosdigitais\/wp-content\/uploads\/2014\/07\/WhatsApp-Image-2023-06-04-at-16.24.34-1024x576.jpeg 1024w, https:\/\/eventos.crp.ufv.br\/jogosdigitais\/wp-content\/uploads\/2014\/07\/WhatsApp-Image-2023-06-04-at-16.24.34-500x281.jpeg 500w, https:\/\/eventos.crp.ufv.br\/jogosdigitais\/wp-content\/uploads\/2014\/07\/WhatsApp-Image-2023-06-04-at-16.24.34.jpeg 1366w\" sizes=\"auto, (max-width: 300px) 100vw, 300px\" \/><\/a><\/p>\n<p><strong>Math Racer: A Corrida da Matem\u00e1tica<\/strong><br \/>\n<strong>S\u00e9rie: Ensino M\u00e9dio , 1\u00ba , 2\u00ba e 3\u00ba ano.<\/strong><br \/>\n<strong>Conteudo: Multiplica\u00e7\u00e3o, Divis\u00e3o e Potencia\u00e7\u00e3o<br \/>\n<\/strong><br \/>\nO grande cientista Henrique decidiu criar um equipamento que possibilitasse a ele fazer perguntas sobre matem\u00e1tica para um piloto de forma a calcular seu n\u00edvel matem\u00e1tico.<br \/>\nE com o aparelho finalizado ele o instala em um carro e com o objetivo de realizar os testes \u00e9 efetuada a contra\u00e7\u00e3o de um piloto de teste de forma a determinar a funcionalidade do equipamento.<br \/>\nEnt\u00e3o cabe ao jogador que ser\u00e1 aquele no comando do carro responder corretamente \u00e0s perguntas feitas pelo equipamento de forma a ajudar na conclus\u00e3o da pesquisa de Henrique.<\/p>\n<p><strong>Download:<br \/>\n<a href=\"https:\/\/drive.google.com\/u\/4\/uc?id=16c5H6pLxaH7yOADEQ0mHtsW1zB8ujX-D&amp;export=download\"><img loading=\"lazy\" decoding=\"async\" class=\"alignnone wp-image-1501\" src=\"https:\/\/eventos.crp.ufv.br\/jogosdigitais\/wp-content\/uploads\/2023\/06\/windows-150x150.png\" width=\"50\" height=\"50\" srcset=\"https:\/\/eventos.crp.ufv.br\/jogosdigitais\/wp-content\/uploads\/2023\/06\/windows-150x150.png 150w, https:\/\/eventos.crp.ufv.br\/jogosdigitais\/wp-content\/uploads\/2023\/06\/windows.png 256w\" sizes=\"auto, (max-width: 50px) 100vw, 50px\" \/><\/a><a href=\"https:\/\/drive.google.com\/u\/4\/uc?id=10vPhzoemkmwJzMupE3JG0EmMvH_NhElQ&amp;export=download\"><img loading=\"lazy\" decoding=\"async\" class=\"alignnone wp-image-1502\" src=\"https:\/\/eventos.crp.ufv.br\/jogosdigitais\/wp-content\/uploads\/2023\/06\/linux-150x150.png\" width=\"50\" height=\"50\" srcset=\"https:\/\/eventos.crp.ufv.br\/jogosdigitais\/wp-content\/uploads\/2023\/06\/linux-150x150.png 150w, https:\/\/eventos.crp.ufv.br\/jogosdigitais\/wp-content\/uploads\/2023\/06\/linux.png 256w\" sizes=\"auto, (max-width: 50px) 100vw, 50px\" \/><\/a><a href=\"https:\/\/drive.google.com\/u\/4\/uc?id=1K8NDmBq5ktIQ6epTam88kQE0Go_xC_8X&amp;export=download\"><img loading=\"lazy\" decoding=\"async\" class=\"alignnone wp-image-1503\" src=\"https:\/\/eventos.crp.ufv.br\/jogosdigitais\/wp-content\/uploads\/2023\/06\/android-150x150.png\" width=\"50\" height=\"50\" srcset=\"https:\/\/eventos.crp.ufv.br\/jogosdigitais\/wp-content\/uploads\/2023\/06\/android-150x150.png 150w, https:\/\/eventos.crp.ufv.br\/jogosdigitais\/wp-content\/uploads\/2023\/06\/android.png 256w\" sizes=\"auto, (max-width: 50px) 100vw, 50px\" \/><\/a><\/strong><\/p>\n<p><strong>Tutorial de instala\u00e7\u00e3o:<\/strong><br \/>\n<a href=\"https:\/\/drive.google.com\/file\/d\/1q9fHXbxAS5e4ISrz66lANoTYMtkQQ_9K\/view?usp=drive_link\">Link<\/a><\/p>\n<p><img loading=\"lazy\" decoding=\"async\" class=\"alignnone size-large wp-image-1230\" src=\"https:\/\/eventos.crp.ufv.br\/jogosdigitais\/wp-content\/uploads\/2023\/06\/632830e4-0a19-48bb-9eef-c7f3aaeb6708-1024x768.jpg\" alt=\"\" width=\"584\" height=\"438\" srcset=\"https:\/\/eventos.crp.ufv.br\/jogosdigitais\/wp-content\/uploads\/2023\/06\/632830e4-0a19-48bb-9eef-c7f3aaeb6708-1024x768.jpg 1024w, https:\/\/eventos.crp.ufv.br\/jogosdigitais\/wp-content\/uploads\/2023\/06\/632830e4-0a19-48bb-9eef-c7f3aaeb6708-300x225.jpg 300w, https:\/\/eventos.crp.ufv.br\/jogosdigitais\/wp-content\/uploads\/2023\/06\/632830e4-0a19-48bb-9eef-c7f3aaeb6708-768x576.jpg 768w, https:\/\/eventos.crp.ufv.br\/jogosdigitais\/wp-content\/uploads\/2023\/06\/632830e4-0a19-48bb-9eef-c7f3aaeb6708-400x300.jpg 400w, https:\/\/eventos.crp.ufv.br\/jogosdigitais\/wp-content\/uploads\/2023\/06\/632830e4-0a19-48bb-9eef-c7f3aaeb6708.jpg 1600w\" sizes=\"auto, (max-width: 584px) 100vw, 584px\" \/><\/p>\n","protected":false},"excerpt":{"rendered":"<p>Math Racer: A Corrida da Matem\u00e1tica S\u00e9rie: Ensino M\u00e9dio , 1\u00ba , 2\u00ba e 3\u00ba ano. Conteudo: Multiplica\u00e7\u00e3o, Divis\u00e3o e Potencia\u00e7\u00e3o O grande cientista Henrique decidiu criar um equipamento que possibilitasse a ele fazer perguntas sobre matem\u00e1tica para um piloto &hellip; <a href=\"https:\/\/eventos.crp.ufv.br\/jogosdigitais\/?page_id=1188\">Leia mais<\/a><\/p>\n","protected":false},"author":5,"featured_media":0,"parent":1168,"menu_order":0,"comment_status":"closed","ping_status":"closed","template":"","meta":{"footnotes":""},"class_list":["post-1188","page","type-page","status-publish","hentry"],"_links":{"self":[{"href":"https:\/\/eventos.crp.ufv.br\/jogosdigitais\/index.php?rest_route=\/wp\/v2\/pages\/1188","targetHints":{"allow":["GET"]}}],"collection":[{"href":"https:\/\/eventos.crp.ufv.br\/jogosdigitais\/index.php?rest_route=\/wp\/v2\/pages"}],"about":[{"href":"https:\/\/eventos.crp.ufv.br\/jogosdigitais\/index.php?rest_route=\/wp\/v2\/types\/page"}],"author":[{"embeddable":true,"href":"https:\/\/eventos.crp.ufv.br\/jogosdigitais\/index.php?rest_route=\/wp\/v2\/users\/5"}],"replies":[{"embeddable":true,"href":"https:\/\/eventos.crp.ufv.br\/jogosdigitais\/index.php?rest_route=%2Fwp%2Fv2%2Fcomments&post=1188"}],"version-history":[{"count":10,"href":"https:\/\/eventos.crp.ufv.br\/jogosdigitais\/index.php?rest_route=\/wp\/v2\/pages\/1188\/revisions"}],"predecessor-version":[{"id":1532,"href":"https:\/\/eventos.crp.ufv.br\/jogosdigitais\/index.php?rest_route=\/wp\/v2\/pages\/1188\/revisions\/1532"}],"up":[{"embeddable":true,"href":"https:\/\/eventos.crp.ufv.br\/jogosdigitais\/index.php?rest_route=\/wp\/v2\/pages\/1168"}],"wp:attachment":[{"href":"https:\/\/eventos.crp.ufv.br\/jogosdigitais\/index.php?rest_route=%2Fwp%2Fv2%2Fmedia&parent=1188"}],"curies":[{"name":"wp","href":"https:\/\/api.w.org\/{rel}","templated":true}]}}