{"id":1190,"date":"2023-06-14T11:39:05","date_gmt":"2023-06-14T14:39:05","guid":{"rendered":"https:\/\/eventos.crp.ufv.br\/jogosdigitais\/?page_id=1190"},"modified":"2023-07-14T17:47:26","modified_gmt":"2023-07-14T20:47:26","slug":"operacao-matematica-a-queda-do-zero","status":"publish","type":"page","link":"https:\/\/eventos.crp.ufv.br\/jogosdigitais\/?page_id=1190","title":{"rendered":"Opera\u00e7\u00e3o Matem\u00e1tica: A Queda do Zero"},"content":{"rendered":"<p><a href=\"https:\/\/eventos.crp.ufv.br\/jogosdigitais\/wp-content\/uploads\/2014\/07\/WhatsApp-Image-2023-06-04-at-16.24.36-1.jpeg\"><img loading=\"lazy\" decoding=\"async\" class=\"size-medium wp-image-1140\" src=\"https:\/\/eventos.crp.ufv.br\/jogosdigitais\/wp-content\/uploads\/2014\/07\/WhatsApp-Image-2023-06-04-at-16.24.36-1-300x168.jpeg\" alt=\"\" width=\"300\" height=\"168\" srcset=\"https:\/\/eventos.crp.ufv.br\/jogosdigitais\/wp-content\/uploads\/2014\/07\/WhatsApp-Image-2023-06-04-at-16.24.36-1-300x168.jpeg 300w, https:\/\/eventos.crp.ufv.br\/jogosdigitais\/wp-content\/uploads\/2014\/07\/WhatsApp-Image-2023-06-04-at-16.24.36-1-768x430.jpeg 768w, https:\/\/eventos.crp.ufv.br\/jogosdigitais\/wp-content\/uploads\/2014\/07\/WhatsApp-Image-2023-06-04-at-16.24.36-1-1024x573.jpeg 1024w, https:\/\/eventos.crp.ufv.br\/jogosdigitais\/wp-content\/uploads\/2014\/07\/WhatsApp-Image-2023-06-04-at-16.24.36-1-500x280.jpeg 500w, https:\/\/eventos.crp.ufv.br\/jogosdigitais\/wp-content\/uploads\/2014\/07\/WhatsApp-Image-2023-06-04-at-16.24.36-1.jpeg 1036w\" sizes=\"auto, (max-width: 300px) 100vw, 300px\" \/><\/a><\/p>\n<p><strong>Opera\u00e7\u00e3o Matem\u00e1tica : a queda do zero<\/strong><br \/>\n<strong>S\u00e9rie : 6 serie ensino fundamental.<\/strong><br \/>\n<strong>Conte\u00fado : Matem\u00e1tica b\u00e1sica (tabuada) , geometria b\u00e1sica (conceitos iniciais)<\/strong><\/p>\n<p>Mat \u00e9 um estudante, que recebe um chamado de socorro do Prof. Num\u00e9rico, que foi sequestrado, pelo vil\u00e3o Zero. A miss\u00e3o de Mat \u00e9 seguir uma jornada para resgatar o Prof. Num\u00e9rico e aprender os conceitos matem\u00e1ticos durantes as fases.<\/p>\n<p><strong>Download:<br \/>\n<a href=\"https:\/\/drive.google.com\/u\/4\/uc?id=1uY_F2xA-7pvg_nv2ZfOADOIB8LYx8c0q&amp;export=download\"><img loading=\"lazy\" decoding=\"async\" class=\"alignnone wp-image-1501\" src=\"https:\/\/eventos.crp.ufv.br\/jogosdigitais\/wp-content\/uploads\/2023\/06\/windows-150x150.png\" width=\"50\" height=\"50\" srcset=\"https:\/\/eventos.crp.ufv.br\/jogosdigitais\/wp-content\/uploads\/2023\/06\/windows-150x150.png 150w, https:\/\/eventos.crp.ufv.br\/jogosdigitais\/wp-content\/uploads\/2023\/06\/windows.png 256w\" sizes=\"auto, (max-width: 50px) 100vw, 50px\" \/><\/a><a href=\"https:\/\/drive.google.com\/u\/4\/uc?id=18h6JJUZ8K1HbVe2reTP_BxVr0Mo7NWme&amp;export=download\"><img loading=\"lazy\" decoding=\"async\" class=\"alignnone wp-image-1502\" src=\"https:\/\/eventos.crp.ufv.br\/jogosdigitais\/wp-content\/uploads\/2023\/06\/linux-150x150.png\" width=\"50\" height=\"50\" srcset=\"https:\/\/eventos.crp.ufv.br\/jogosdigitais\/wp-content\/uploads\/2023\/06\/linux-150x150.png 150w, https:\/\/eventos.crp.ufv.br\/jogosdigitais\/wp-content\/uploads\/2023\/06\/linux.png 256w\" sizes=\"auto, (max-width: 50px) 100vw, 50px\" \/><\/a><\/strong><\/p>\n<p><strong>Tutorial de instala\u00e7\u00e3o:<\/strong><br \/>\n<a href=\"https:\/\/drive.google.com\/file\/d\/1q9fHXbxAS5e4ISrz66lANoTYMtkQQ_9K\/view?usp=drive_link\">Link<\/a><\/p>\n<p><img loading=\"lazy\" decoding=\"async\" class=\"alignnone size-large wp-image-1217\" src=\"https:\/\/eventos.crp.ufv.br\/jogosdigitais\/wp-content\/uploads\/2023\/06\/2ed433c3-1962-4d0a-8a80-2b8c11c03ef5-1024x766.jpg\" alt=\"\" width=\"584\" height=\"437\" srcset=\"https:\/\/eventos.crp.ufv.br\/jogosdigitais\/wp-content\/uploads\/2023\/06\/2ed433c3-1962-4d0a-8a80-2b8c11c03ef5-1024x766.jpg 1024w, https:\/\/eventos.crp.ufv.br\/jogosdigitais\/wp-content\/uploads\/2023\/06\/2ed433c3-1962-4d0a-8a80-2b8c11c03ef5-300x224.jpg 300w, https:\/\/eventos.crp.ufv.br\/jogosdigitais\/wp-content\/uploads\/2023\/06\/2ed433c3-1962-4d0a-8a80-2b8c11c03ef5-768x574.jpg 768w, https:\/\/eventos.crp.ufv.br\/jogosdigitais\/wp-content\/uploads\/2023\/06\/2ed433c3-1962-4d0a-8a80-2b8c11c03ef5-401x300.jpg 401w, https:\/\/eventos.crp.ufv.br\/jogosdigitais\/wp-content\/uploads\/2023\/06\/2ed433c3-1962-4d0a-8a80-2b8c11c03ef5.jpg 1280w\" sizes=\"auto, (max-width: 584px) 100vw, 584px\" \/><\/p>\n","protected":false},"excerpt":{"rendered":"<p>Opera\u00e7\u00e3o Matem\u00e1tica : a queda do zero S\u00e9rie : 6 serie ensino fundamental. Conte\u00fado : Matem\u00e1tica b\u00e1sica (tabuada) , geometria b\u00e1sica (conceitos iniciais) Mat \u00e9 um estudante, que recebe um chamado de socorro do Prof. Num\u00e9rico, que foi sequestrado, pelo &hellip; <a href=\"https:\/\/eventos.crp.ufv.br\/jogosdigitais\/?page_id=1190\">Leia mais<\/a><\/p>\n","protected":false},"author":5,"featured_media":0,"parent":1168,"menu_order":0,"comment_status":"closed","ping_status":"closed","template":"","meta":{"footnotes":""},"class_list":["post-1190","page","type-page","status-publish","hentry"],"_links":{"self":[{"href":"https:\/\/eventos.crp.ufv.br\/jogosdigitais\/index.php?rest_route=\/wp\/v2\/pages\/1190","targetHints":{"allow":["GET"]}}],"collection":[{"href":"https:\/\/eventos.crp.ufv.br\/jogosdigitais\/index.php?rest_route=\/wp\/v2\/pages"}],"about":[{"href":"https:\/\/eventos.crp.ufv.br\/jogosdigitais\/index.php?rest_route=\/wp\/v2\/types\/page"}],"author":[{"embeddable":true,"href":"https:\/\/eventos.crp.ufv.br\/jogosdigitais\/index.php?rest_route=\/wp\/v2\/users\/5"}],"replies":[{"embeddable":true,"href":"https:\/\/eventos.crp.ufv.br\/jogosdigitais\/index.php?rest_route=%2Fwp%2Fv2%2Fcomments&post=1190"}],"version-history":[{"count":8,"href":"https:\/\/eventos.crp.ufv.br\/jogosdigitais\/index.php?rest_route=\/wp\/v2\/pages\/1190\/revisions"}],"predecessor-version":[{"id":1533,"href":"https:\/\/eventos.crp.ufv.br\/jogosdigitais\/index.php?rest_route=\/wp\/v2\/pages\/1190\/revisions\/1533"}],"up":[{"embeddable":true,"href":"https:\/\/eventos.crp.ufv.br\/jogosdigitais\/index.php?rest_route=\/wp\/v2\/pages\/1168"}],"wp:attachment":[{"href":"https:\/\/eventos.crp.ufv.br\/jogosdigitais\/index.php?rest_route=%2Fwp%2Fv2%2Fmedia&parent=1190"}],"curies":[{"name":"wp","href":"https:\/\/api.w.org\/{rel}","templated":true}]}}