{"id":1196,"date":"2023-06-14T11:42:09","date_gmt":"2023-06-14T14:42:09","guid":{"rendered":"https:\/\/eventos.crp.ufv.br\/jogosdigitais\/?page_id=1196"},"modified":"2023-07-14T17:48:22","modified_gmt":"2023-07-14T20:48:22","slug":"spaceborne","status":"publish","type":"page","link":"https:\/\/eventos.crp.ufv.br\/jogosdigitais\/?page_id=1196","title":{"rendered":"The Last Lab"},"content":{"rendered":"<p><img loading=\"lazy\" decoding=\"async\" class=\"alignnone wp-image-1462 size-medium\" src=\"https:\/\/eventos.crp.ufv.br\/jogosdigitais\/wp-content\/uploads\/2023\/06\/Menu-300x168.png\" width=\"300\" height=\"168\" srcset=\"https:\/\/eventos.crp.ufv.br\/jogosdigitais\/wp-content\/uploads\/2023\/06\/Menu-300x168.png 300w, https:\/\/eventos.crp.ufv.br\/jogosdigitais\/wp-content\/uploads\/2023\/06\/Menu-768x429.png 768w, https:\/\/eventos.crp.ufv.br\/jogosdigitais\/wp-content\/uploads\/2023\/06\/Menu-1024x573.png 1024w, https:\/\/eventos.crp.ufv.br\/jogosdigitais\/wp-content\/uploads\/2023\/06\/Menu-500x280.png 500w, https:\/\/eventos.crp.ufv.br\/jogosdigitais\/wp-content\/uploads\/2023\/06\/Menu.png 1597w\" sizes=\"auto, (max-width: 300px) 100vw, 300px\" \/><br \/>\n<strong>The Last Lab &#8211; Matem\u00e1tica Ensino M\u00e9dio<br \/>\nS\u00e9rie: Ensino Fundamental II, 6\u00b0 ao 9\u00b0 ano<\/strong><\/p>\n<p>The Last Lab&#8221; \u00e9 um jogo educacional de matem\u00e1tica desenvolvido para o ensino fundamental, com base em pesquisas em educa\u00e7\u00e3o matem\u00e1tica e princ\u00edpios de design de jogos. O jogo combina elementos visuais, sonoros e interativos em um ambiente virtual, visando promover a aprendizagem significativa.<\/p>\n<p><strong>Download:<br \/>\n<a href=\"https:\/\/drive.google.com\/u\/4\/uc?id=1y3dsT9Kr5frLTEWgmHkQ9UPwJTkKNzrZ&amp;export=download\"><img loading=\"lazy\" decoding=\"async\" class=\"alignnone wp-image-1501\" src=\"https:\/\/eventos.crp.ufv.br\/jogosdigitais\/wp-content\/uploads\/2023\/06\/windows-150x150.png\" width=\"50\" height=\"50\" srcset=\"https:\/\/eventos.crp.ufv.br\/jogosdigitais\/wp-content\/uploads\/2023\/06\/windows-150x150.png 150w, https:\/\/eventos.crp.ufv.br\/jogosdigitais\/wp-content\/uploads\/2023\/06\/windows.png 256w\" sizes=\"auto, (max-width: 50px) 100vw, 50px\" \/><\/a><a href=\"https:\/\/drive.google.com\/u\/4\/uc?id=1X9r3FP5WnlScS64MtAxQx2g4iI-xaacu&amp;export=download\"><img loading=\"lazy\" decoding=\"async\" class=\"alignnone wp-image-1502\" src=\"https:\/\/eventos.crp.ufv.br\/jogosdigitais\/wp-content\/uploads\/2023\/06\/linux-150x150.png\" width=\"50\" height=\"50\" srcset=\"https:\/\/eventos.crp.ufv.br\/jogosdigitais\/wp-content\/uploads\/2023\/06\/linux-150x150.png 150w, https:\/\/eventos.crp.ufv.br\/jogosdigitais\/wp-content\/uploads\/2023\/06\/linux.png 256w\" sizes=\"auto, (max-width: 50px) 100vw, 50px\" \/><\/a><\/strong><\/p>\n<p><strong>Tutorial de instala\u00e7\u00e3o:<\/strong><br \/>\n<a href=\"https:\/\/drive.google.com\/file\/d\/1q9fHXbxAS5e4ISrz66lANoTYMtkQQ_9K\/view?usp=drive_link\">Link<\/a><\/p>\n<p><img loading=\"lazy\" decoding=\"async\" class=\"alignnone size-large wp-image-1260\" src=\"https:\/\/eventos.crp.ufv.br\/jogosdigitais\/wp-content\/uploads\/2023\/06\/WhatsApp-Image-2023-06-23-at-16.30.47-1024x768.jpeg\" alt=\"\" width=\"584\" height=\"438\" srcset=\"https:\/\/eventos.crp.ufv.br\/jogosdigitais\/wp-content\/uploads\/2023\/06\/WhatsApp-Image-2023-06-23-at-16.30.47-1024x768.jpeg 1024w, https:\/\/eventos.crp.ufv.br\/jogosdigitais\/wp-content\/uploads\/2023\/06\/WhatsApp-Image-2023-06-23-at-16.30.47-300x225.jpeg 300w, https:\/\/eventos.crp.ufv.br\/jogosdigitais\/wp-content\/uploads\/2023\/06\/WhatsApp-Image-2023-06-23-at-16.30.47-768x576.jpeg 768w, https:\/\/eventos.crp.ufv.br\/jogosdigitais\/wp-content\/uploads\/2023\/06\/WhatsApp-Image-2023-06-23-at-16.30.47-400x300.jpeg 400w, https:\/\/eventos.crp.ufv.br\/jogosdigitais\/wp-content\/uploads\/2023\/06\/WhatsApp-Image-2023-06-23-at-16.30.47.jpeg 1600w\" sizes=\"auto, (max-width: 584px) 100vw, 584px\" \/><\/p>\n","protected":false},"excerpt":{"rendered":"<p>The Last Lab &#8211; Matem\u00e1tica Ensino M\u00e9dio S\u00e9rie: Ensino Fundamental II, 6\u00b0 ao 9\u00b0 ano The Last Lab&#8221; \u00e9 um jogo educacional de matem\u00e1tica desenvolvido para o ensino fundamental, com base em pesquisas em educa\u00e7\u00e3o matem\u00e1tica e princ\u00edpios de design &hellip; <a href=\"https:\/\/eventos.crp.ufv.br\/jogosdigitais\/?page_id=1196\">Leia mais<\/a><\/p>\n","protected":false},"author":5,"featured_media":0,"parent":1168,"menu_order":0,"comment_status":"closed","ping_status":"closed","template":"","meta":{"footnotes":""},"class_list":["post-1196","page","type-page","status-publish","hentry"],"_links":{"self":[{"href":"https:\/\/eventos.crp.ufv.br\/jogosdigitais\/index.php?rest_route=\/wp\/v2\/pages\/1196","targetHints":{"allow":["GET"]}}],"collection":[{"href":"https:\/\/eventos.crp.ufv.br\/jogosdigitais\/index.php?rest_route=\/wp\/v2\/pages"}],"about":[{"href":"https:\/\/eventos.crp.ufv.br\/jogosdigitais\/index.php?rest_route=\/wp\/v2\/types\/page"}],"author":[{"embeddable":true,"href":"https:\/\/eventos.crp.ufv.br\/jogosdigitais\/index.php?rest_route=\/wp\/v2\/users\/5"}],"replies":[{"embeddable":true,"href":"https:\/\/eventos.crp.ufv.br\/jogosdigitais\/index.php?rest_route=%2Fwp%2Fv2%2Fcomments&post=1196"}],"version-history":[{"count":8,"href":"https:\/\/eventos.crp.ufv.br\/jogosdigitais\/index.php?rest_route=\/wp\/v2\/pages\/1196\/revisions"}],"predecessor-version":[{"id":1538,"href":"https:\/\/eventos.crp.ufv.br\/jogosdigitais\/index.php?rest_route=\/wp\/v2\/pages\/1196\/revisions\/1538"}],"up":[{"embeddable":true,"href":"https:\/\/eventos.crp.ufv.br\/jogosdigitais\/index.php?rest_route=\/wp\/v2\/pages\/1168"}],"wp:attachment":[{"href":"https:\/\/eventos.crp.ufv.br\/jogosdigitais\/index.php?rest_route=%2Fwp%2Fv2%2Fmedia&parent=1196"}],"curies":[{"name":"wp","href":"https:\/\/api.w.org\/{rel}","templated":true}]}}