{"id":1198,"date":"2023-06-14T11:42:43","date_gmt":"2023-06-14T14:42:43","guid":{"rendered":"https:\/\/eventos.crp.ufv.br\/jogosdigitais\/?page_id=1198"},"modified":"2023-07-14T17:49:29","modified_gmt":"2023-07-14T20:49:29","slug":"foxmusic","status":"publish","type":"page","link":"https:\/\/eventos.crp.ufv.br\/jogosdigitais\/?page_id=1198","title":{"rendered":"FoxMusic"},"content":{"rendered":"<p><a href=\"https:\/\/eventos.crp.ufv.br\/jogosdigitais\/wp-content\/uploads\/2014\/07\/WhatsApp-Image-2023-06-04-at-16.24.37-2.jpeg\"><img loading=\"lazy\" decoding=\"async\" class=\"alignnone wp-image-1144 size-medium\" src=\"https:\/\/eventos.crp.ufv.br\/jogosdigitais\/wp-content\/uploads\/2014\/07\/WhatsApp-Image-2023-06-04-at-16.24.37-2-300x169.jpeg\" width=\"300\" height=\"169\" srcset=\"https:\/\/eventos.crp.ufv.br\/jogosdigitais\/wp-content\/uploads\/2014\/07\/WhatsApp-Image-2023-06-04-at-16.24.37-2-300x169.jpeg 300w, https:\/\/eventos.crp.ufv.br\/jogosdigitais\/wp-content\/uploads\/2014\/07\/WhatsApp-Image-2023-06-04-at-16.24.37-2-768x433.jpeg 768w, https:\/\/eventos.crp.ufv.br\/jogosdigitais\/wp-content\/uploads\/2014\/07\/WhatsApp-Image-2023-06-04-at-16.24.37-2-1024x577.jpeg 1024w, https:\/\/eventos.crp.ufv.br\/jogosdigitais\/wp-content\/uploads\/2014\/07\/WhatsApp-Image-2023-06-04-at-16.24.37-2-500x282.jpeg 500w, https:\/\/eventos.crp.ufv.br\/jogosdigitais\/wp-content\/uploads\/2014\/07\/WhatsApp-Image-2023-06-04-at-16.24.37-2.jpeg 1497w\" sizes=\"auto, (max-width: 300px) 100vw, 300px\" \/><\/a><\/p>\n<p><strong>FoxMusic<br \/>\nS\u00e9rie: Educa\u00e7\u00e3o Infantil<\/strong><br \/>\n<strong>Conte\u00fado: Notas, Figuras Musicais, Cifras, Acordes, Tempos, Sons e M\u00fasica.<\/strong><\/p>\n<p>Uma raposa (Fox) passeia por diversos cen\u00e1rios coletando objetos e cumprindo objetivos, notas, figuras musicais, cifras e acordes ela ir\u00e1 buscar para avan\u00e7ar de fase, respectivamente!<br \/>\nEntre nessa aventura e encontre as notas com a Fox, al\u00e9m de coletar figuras musicais, e disparar em cifras e acordes! Teste o seu racioc\u00ednio e estude jogando, FoxMusic te mostra que \u00e9 poss\u00edvel aprender m\u00fasica e se divertir ao mesmo tempo!<\/p>\n<p><strong>Download:<br \/>\n<a href=\"https:\/\/drive.google.com\/u\/4\/uc?id=1Psa51D9u3TC6XkQbf3dDkZI4FpDG7OV7&amp;export=download\"><img loading=\"lazy\" decoding=\"async\" class=\"alignnone wp-image-1501\" src=\"https:\/\/eventos.crp.ufv.br\/jogosdigitais\/wp-content\/uploads\/2023\/06\/windows-150x150.png\" width=\"50\" height=\"50\" srcset=\"https:\/\/eventos.crp.ufv.br\/jogosdigitais\/wp-content\/uploads\/2023\/06\/windows-150x150.png 150w, https:\/\/eventos.crp.ufv.br\/jogosdigitais\/wp-content\/uploads\/2023\/06\/windows.png 256w\" sizes=\"auto, (max-width: 50px) 100vw, 50px\" \/><\/a><a href=\"https:\/\/drive.google.com\/u\/4\/uc?id=1BD-0wYCxaJRA3SfTkbPliVyvY7sKQ0lp&amp;export=download\"><img loading=\"lazy\" decoding=\"async\" class=\"alignnone wp-image-1502\" src=\"https:\/\/eventos.crp.ufv.br\/jogosdigitais\/wp-content\/uploads\/2023\/06\/linux-150x150.png\" width=\"50\" height=\"50\" srcset=\"https:\/\/eventos.crp.ufv.br\/jogosdigitais\/wp-content\/uploads\/2023\/06\/linux-150x150.png 150w, https:\/\/eventos.crp.ufv.br\/jogosdigitais\/wp-content\/uploads\/2023\/06\/linux.png 256w\" sizes=\"auto, (max-width: 50px) 100vw, 50px\" \/><\/a><a href=\"https:\/\/drive.google.com\/u\/4\/uc?id=1gp0brbNLPnBjZ3wUSdCKb4ODoD4N8DZm&amp;export=download\"><img loading=\"lazy\" decoding=\"async\" class=\"alignnone wp-image-1503\" src=\"https:\/\/eventos.crp.ufv.br\/jogosdigitais\/wp-content\/uploads\/2023\/06\/android-150x150.png\" width=\"50\" height=\"50\" srcset=\"https:\/\/eventos.crp.ufv.br\/jogosdigitais\/wp-content\/uploads\/2023\/06\/android-150x150.png 150w, https:\/\/eventos.crp.ufv.br\/jogosdigitais\/wp-content\/uploads\/2023\/06\/android.png 256w\" sizes=\"auto, (max-width: 50px) 100vw, 50px\" \/><\/a><\/strong><\/p>\n<p><strong>Tutorial de instala\u00e7\u00e3o:<\/strong><br \/>\n<a href=\"https:\/\/drive.google.com\/file\/d\/1q9fHXbxAS5e4ISrz66lANoTYMtkQQ_9K\/view?usp=drive_link\">Link<\/a><\/p>\n<p><a href=\"https:\/\/eventos.crp.ufv.br\/jogosdigitais\/wp-content\/uploads\/2023\/06\/WhatsApp-Image-2023-07-14-at-15.32.40.jpeg\"><img loading=\"lazy\" decoding=\"async\" class=\"alignnone size-full wp-image-1516\" src=\"https:\/\/eventos.crp.ufv.br\/jogosdigitais\/wp-content\/uploads\/2023\/06\/WhatsApp-Image-2023-07-14-at-15.32.40.jpeg\" alt=\"\" width=\"496\" height=\"764\" srcset=\"https:\/\/eventos.crp.ufv.br\/jogosdigitais\/wp-content\/uploads\/2023\/06\/WhatsApp-Image-2023-07-14-at-15.32.40.jpeg 496w, https:\/\/eventos.crp.ufv.br\/jogosdigitais\/wp-content\/uploads\/2023\/06\/WhatsApp-Image-2023-07-14-at-15.32.40-195x300.jpeg 195w\" sizes=\"auto, (max-width: 496px) 100vw, 496px\" \/><\/a><\/p>\n<p><strong>\u00a0<\/strong><\/p>\n","protected":false},"excerpt":{"rendered":"<p>FoxMusic S\u00e9rie: Educa\u00e7\u00e3o Infantil Conte\u00fado: Notas, Figuras Musicais, Cifras, Acordes, Tempos, Sons e M\u00fasica. Uma raposa (Fox) passeia por diversos cen\u00e1rios coletando objetos e cumprindo objetivos, notas, figuras musicais, cifras e acordes ela ir\u00e1 buscar para avan\u00e7ar de fase, respectivamente! &hellip; <a href=\"https:\/\/eventos.crp.ufv.br\/jogosdigitais\/?page_id=1198\">Leia mais<\/a><\/p>\n","protected":false},"author":5,"featured_media":0,"parent":1168,"menu_order":0,"comment_status":"closed","ping_status":"closed","template":"","meta":{"footnotes":""},"class_list":["post-1198","page","type-page","status-publish","hentry"],"_links":{"self":[{"href":"https:\/\/eventos.crp.ufv.br\/jogosdigitais\/index.php?rest_route=\/wp\/v2\/pages\/1198","targetHints":{"allow":["GET"]}}],"collection":[{"href":"https:\/\/eventos.crp.ufv.br\/jogosdigitais\/index.php?rest_route=\/wp\/v2\/pages"}],"about":[{"href":"https:\/\/eventos.crp.ufv.br\/jogosdigitais\/index.php?rest_route=\/wp\/v2\/types\/page"}],"author":[{"embeddable":true,"href":"https:\/\/eventos.crp.ufv.br\/jogosdigitais\/index.php?rest_route=\/wp\/v2\/users\/5"}],"replies":[{"embeddable":true,"href":"https:\/\/eventos.crp.ufv.br\/jogosdigitais\/index.php?rest_route=%2Fwp%2Fv2%2Fcomments&post=1198"}],"version-history":[{"count":6,"href":"https:\/\/eventos.crp.ufv.br\/jogosdigitais\/index.php?rest_route=\/wp\/v2\/pages\/1198\/revisions"}],"predecessor-version":[{"id":1529,"href":"https:\/\/eventos.crp.ufv.br\/jogosdigitais\/index.php?rest_route=\/wp\/v2\/pages\/1198\/revisions\/1529"}],"up":[{"embeddable":true,"href":"https:\/\/eventos.crp.ufv.br\/jogosdigitais\/index.php?rest_route=\/wp\/v2\/pages\/1168"}],"wp:attachment":[{"href":"https:\/\/eventos.crp.ufv.br\/jogosdigitais\/index.php?rest_route=%2Fwp%2Fv2%2Fmedia&parent=1198"}],"curies":[{"name":"wp","href":"https:\/\/api.w.org\/{rel}","templated":true}]}}