{"id":1202,"date":"2023-06-14T11:44:11","date_gmt":"2023-06-14T14:44:11","guid":{"rendered":"https:\/\/eventos.crp.ufv.br\/jogosdigitais\/?page_id=1202"},"modified":"2023-07-14T17:47:08","modified_gmt":"2023-07-14T20:47:08","slug":"1202-2","status":"publish","type":"page","link":"https:\/\/eventos.crp.ufv.br\/jogosdigitais\/?page_id=1202","title":{"rendered":"Linguaventura"},"content":{"rendered":"<p><a href=\"https:\/\/eventos.crp.ufv.br\/jogosdigitais\/wp-content\/uploads\/2014\/07\/WhatsApp-Image-2023-06-04-at-16.24.37-1.jpeg\"><img loading=\"lazy\" decoding=\"async\" class=\"size-medium wp-image-1143\" src=\"https:\/\/eventos.crp.ufv.br\/jogosdigitais\/wp-content\/uploads\/2014\/07\/WhatsApp-Image-2023-06-04-at-16.24.37-1-300x137.jpeg\" alt=\"\" width=\"300\" height=\"137\" srcset=\"https:\/\/eventos.crp.ufv.br\/jogosdigitais\/wp-content\/uploads\/2014\/07\/WhatsApp-Image-2023-06-04-at-16.24.37-1-300x137.jpeg 300w, https:\/\/eventos.crp.ufv.br\/jogosdigitais\/wp-content\/uploads\/2014\/07\/WhatsApp-Image-2023-06-04-at-16.24.37-1-768x350.jpeg 768w, https:\/\/eventos.crp.ufv.br\/jogosdigitais\/wp-content\/uploads\/2014\/07\/WhatsApp-Image-2023-06-04-at-16.24.37-1-1024x466.jpeg 1024w, https:\/\/eventos.crp.ufv.br\/jogosdigitais\/wp-content\/uploads\/2014\/07\/WhatsApp-Image-2023-06-04-at-16.24.37-1-500x228.jpeg 500w, https:\/\/eventos.crp.ufv.br\/jogosdigitais\/wp-content\/uploads\/2014\/07\/WhatsApp-Image-2023-06-04-at-16.24.37-1.jpeg 1280w\" sizes=\"auto, (max-width: 300px) 100vw, 300px\" \/><\/a><\/p>\n<p><strong>Jogo: Linguaventura<\/strong><br \/>\n<strong>S\u00e9ries: 8\u00ba\/9\u00ba ano (anos finais)<br \/>\nConte\u00fado:\u00a0Ora\u00e7\u00f5es, Verbos e seus complementos, Vozes Verbais, Concord\u00e2ncia Verbal.<\/strong><\/p>\n<p>Lexiconum est\u00e1 sob perigo. Pedro, o carrasco acad\u00eamico aproveitou-se de sua influ\u00eancia para poder se aproveitar de um antigo feiti\u00e7o proibido: o arcanum verborum. Os aprendizes de magia foram orientados desde sempre a ficarem bem longe e n\u00e3o praticarem as magias das trevas. Por\u00e9m, com tanto conhecimento, Pedro acabou se rendendo \u00e0s trevas, castigando os alunos que n\u00e3o atingiam o grau de excel\u00eancia com seu ensino.<br \/>\nPedro precisa ser derrotado. E seus conhecimentos, al\u00e9m da sua magia, ser\u00e3o para mostrar a sua capacidade perante a Pedro.<\/p>\n<p><strong>Download:<br \/>\n<a href=\"https:\/\/drive.google.com\/u\/4\/uc?id=1wA5xixXeVObZHWLo5GAiEJF2NuAtKWA4&amp;export=download\"><img loading=\"lazy\" decoding=\"async\" class=\"alignnone wp-image-1501\" src=\"https:\/\/eventos.crp.ufv.br\/jogosdigitais\/wp-content\/uploads\/2023\/06\/windows-150x150.png\" width=\"50\" height=\"50\" srcset=\"https:\/\/eventos.crp.ufv.br\/jogosdigitais\/wp-content\/uploads\/2023\/06\/windows-150x150.png 150w, https:\/\/eventos.crp.ufv.br\/jogosdigitais\/wp-content\/uploads\/2023\/06\/windows.png 256w\" sizes=\"auto, (max-width: 50px) 100vw, 50px\" \/><\/a><a href=\"https:\/\/drive.google.com\/u\/4\/uc?id=1YAmoB4spV20l9QHgMDnri2e8qP7PopYA&amp;export=download\"><img loading=\"lazy\" decoding=\"async\" class=\"alignnone wp-image-1503\" src=\"https:\/\/eventos.crp.ufv.br\/jogosdigitais\/wp-content\/uploads\/2023\/06\/android-150x150.png\" width=\"50\" height=\"50\" srcset=\"https:\/\/eventos.crp.ufv.br\/jogosdigitais\/wp-content\/uploads\/2023\/06\/android-150x150.png 150w, https:\/\/eventos.crp.ufv.br\/jogosdigitais\/wp-content\/uploads\/2023\/06\/android.png 256w\" sizes=\"auto, (max-width: 50px) 100vw, 50px\" \/><\/a><\/strong><\/p>\n<p><strong>Tutorial de instala\u00e7\u00e3o:<\/strong><br \/>\n<a href=\"https:\/\/drive.google.com\/file\/d\/1q9fHXbxAS5e4ISrz66lANoTYMtkQQ_9K\/view?usp=drive_link\">Link<\/a><\/p>\n<p><img loading=\"lazy\" decoding=\"async\" class=\"alignnone size-large wp-image-1304\" src=\"https:\/\/eventos.crp.ufv.br\/jogosdigitais\/wp-content\/uploads\/2023\/06\/55a0d259-71cb-4cce-bc77-b7be17b6cc6e-768x1024.jpg\" alt=\"\" width=\"584\" height=\"779\" srcset=\"https:\/\/eventos.crp.ufv.br\/jogosdigitais\/wp-content\/uploads\/2023\/06\/55a0d259-71cb-4cce-bc77-b7be17b6cc6e-768x1024.jpg 768w, https:\/\/eventos.crp.ufv.br\/jogosdigitais\/wp-content\/uploads\/2023\/06\/55a0d259-71cb-4cce-bc77-b7be17b6cc6e-225x300.jpg 225w, https:\/\/eventos.crp.ufv.br\/jogosdigitais\/wp-content\/uploads\/2023\/06\/55a0d259-71cb-4cce-bc77-b7be17b6cc6e.jpg 1200w\" sizes=\"auto, (max-width: 584px) 100vw, 584px\" \/><\/p>\n","protected":false},"excerpt":{"rendered":"<p>Jogo: Linguaventura S\u00e9ries: 8\u00ba\/9\u00ba ano (anos finais) Conte\u00fado:\u00a0Ora\u00e7\u00f5es, Verbos e seus complementos, Vozes Verbais, Concord\u00e2ncia Verbal. Lexiconum est\u00e1 sob perigo. Pedro, o carrasco acad\u00eamico aproveitou-se de sua influ\u00eancia para poder se aproveitar de um antigo feiti\u00e7o proibido: o arcanum verborum. &hellip; <a href=\"https:\/\/eventos.crp.ufv.br\/jogosdigitais\/?page_id=1202\">Leia mais<\/a><\/p>\n","protected":false},"author":5,"featured_media":0,"parent":1168,"menu_order":0,"comment_status":"closed","ping_status":"closed","template":"","meta":{"footnotes":""},"class_list":["post-1202","page","type-page","status-publish","hentry"],"_links":{"self":[{"href":"https:\/\/eventos.crp.ufv.br\/jogosdigitais\/index.php?rest_route=\/wp\/v2\/pages\/1202","targetHints":{"allow":["GET"]}}],"collection":[{"href":"https:\/\/eventos.crp.ufv.br\/jogosdigitais\/index.php?rest_route=\/wp\/v2\/pages"}],"about":[{"href":"https:\/\/eventos.crp.ufv.br\/jogosdigitais\/index.php?rest_route=\/wp\/v2\/types\/page"}],"author":[{"embeddable":true,"href":"https:\/\/eventos.crp.ufv.br\/jogosdigitais\/index.php?rest_route=\/wp\/v2\/users\/5"}],"replies":[{"embeddable":true,"href":"https:\/\/eventos.crp.ufv.br\/jogosdigitais\/index.php?rest_route=%2Fwp%2Fv2%2Fcomments&post=1202"}],"version-history":[{"count":11,"href":"https:\/\/eventos.crp.ufv.br\/jogosdigitais\/index.php?rest_route=\/wp\/v2\/pages\/1202\/revisions"}],"predecessor-version":[{"id":1531,"href":"https:\/\/eventos.crp.ufv.br\/jogosdigitais\/index.php?rest_route=\/wp\/v2\/pages\/1202\/revisions\/1531"}],"up":[{"embeddable":true,"href":"https:\/\/eventos.crp.ufv.br\/jogosdigitais\/index.php?rest_route=\/wp\/v2\/pages\/1168"}],"wp:attachment":[{"href":"https:\/\/eventos.crp.ufv.br\/jogosdigitais\/index.php?rest_route=%2Fwp%2Fv2%2Fmedia&parent=1202"}],"curies":[{"name":"wp","href":"https:\/\/api.w.org\/{rel}","templated":true}]}}