{"id":1205,"date":"2023-06-14T11:45:02","date_gmt":"2023-06-14T14:45:02","guid":{"rendered":"https:\/\/eventos.crp.ufv.br\/jogosdigitais\/?page_id=1205"},"modified":"2023-11-07T19:38:55","modified_gmt":"2023-11-07T22:38:55","slug":"poke-prog","status":"publish","type":"page","link":"https:\/\/eventos.crp.ufv.br\/jogosdigitais\/?page_id=1205","title":{"rendered":"Pok\u00e9 Prog"},"content":{"rendered":"<p><img loading=\"lazy\" decoding=\"async\" class=\"wp-image-1552 size-medium alignleft\" src=\"https:\/\/eventos.crp.ufv.br\/jogosdigitais\/wp-content\/uploads\/2023\/06\/tela-300x169.png\" width=\"300\" height=\"169\" srcset=\"https:\/\/eventos.crp.ufv.br\/jogosdigitais\/wp-content\/uploads\/2023\/06\/tela-300x169.png 300w, https:\/\/eventos.crp.ufv.br\/jogosdigitais\/wp-content\/uploads\/2023\/06\/tela-768x432.png 768w, https:\/\/eventos.crp.ufv.br\/jogosdigitais\/wp-content\/uploads\/2023\/06\/tela-1024x576.png 1024w, https:\/\/eventos.crp.ufv.br\/jogosdigitais\/wp-content\/uploads\/2023\/06\/tela-500x281.png 500w, https:\/\/eventos.crp.ufv.br\/jogosdigitais\/wp-content\/uploads\/2023\/06\/tela.png 1920w\" sizes=\"auto, (max-width: 300px) 100vw, 300px\" \/><\/p>\n<p><strong>Pok\u00e9 Prog<\/strong><br \/>\n<strong>S\u00e9rie: Ensino Fundamental e M\u00e9dio.<\/strong><br \/>\n<strong>Conte\u00fado: Vari\u00e1veis, Estruturas de decis\u00e3o e repeti\u00e7\u00e3o, vetores, fun\u00e7\u00f5es, tratamento de exce\u00e7\u00f5es e recursividade.<\/strong><\/p>\n<p>A exploradora Fran, respons\u00e1vel por manter a paz na cidade de Pr\u00f3gdeia, convoca a ajuda do jogador para enfrentar desafios e restaurar a harmonia na regi\u00e3o. Acompanhados por uma equipe de Pok\u00e9mon leais e poderosos, eles embarcam em uma jornada emocionante, onde os jogadores mergulham em mini-jogos e quebra-cabe\u00e7as que ensinam conceitos de programa\u00e7\u00e3o. Ao explorar o vasto mundo de Pr\u00f3gdeia, forjam la\u00e7os com seus Pok\u00e9mon, superam obst\u00e1culos desafiadores e se tornam verdadeiros her\u00f3is, trazendo de volta a paz.<\/p>\n<p><strong>Download:<br \/>\n<a href=\"https:\/\/drive.google.com\/u\/1\/uc?id=1pcLE7vJAPmKJH0CXNEkUDQ-yXLXdCBkD&amp;export=download\"><img loading=\"lazy\" decoding=\"async\" class=\"alignnone wp-image-1501\" src=\"https:\/\/eventos.crp.ufv.br\/jogosdigitais\/wp-content\/uploads\/2023\/06\/windows-150x150.png\" width=\"50\" height=\"50\" srcset=\"https:\/\/eventos.crp.ufv.br\/jogosdigitais\/wp-content\/uploads\/2023\/06\/windows-150x150.png 150w, https:\/\/eventos.crp.ufv.br\/jogosdigitais\/wp-content\/uploads\/2023\/06\/windows.png 256w\" sizes=\"auto, (max-width: 50px) 100vw, 50px\" \/><\/a><a href=\"http:\/\/bit.ly\/PokeProg\"><img loading=\"lazy\" decoding=\"async\" class=\"alignnone wp-image-1542\" src=\"https:\/\/eventos.crp.ufv.br\/jogosdigitais\/wp-content\/uploads\/2023\/06\/online-game.png\" width=\"50\" height=\"50\" srcset=\"https:\/\/eventos.crp.ufv.br\/jogosdigitais\/wp-content\/uploads\/2023\/06\/online-game.png 256w, https:\/\/eventos.crp.ufv.br\/jogosdigitais\/wp-content\/uploads\/2023\/06\/online-game-150x150.png 150w\" sizes=\"auto, (max-width: 50px) 100vw, 50px\" \/><\/a><a href=\"https:\/\/jeanlucaufv.itch.io\/pokprog\"><img loading=\"lazy\" decoding=\"async\" class=\"alignnone wp-image-1549\" src=\"https:\/\/eventos.crp.ufv.br\/jogosdigitais\/wp-content\/uploads\/2023\/06\/itchio-2-150x150.png\" width=\"50\" height=\"50\" srcset=\"https:\/\/eventos.crp.ufv.br\/jogosdigitais\/wp-content\/uploads\/2023\/06\/itchio-2-150x150.png 150w, https:\/\/eventos.crp.ufv.br\/jogosdigitais\/wp-content\/uploads\/2023\/06\/itchio-2.png 256w\" sizes=\"auto, (max-width: 50px) 100vw, 50px\" \/><\/a><\/strong><\/p>\n<p><strong>Tutorial de instala\u00e7\u00e3o:<\/strong><br \/>\n<a href=\"https:\/\/drive.google.com\/file\/d\/1q9fHXbxAS5e4ISrz66lANoTYMtkQQ_9K\/view?usp=drive_link\">Link<\/a><\/p>\n<p><img loading=\"lazy\" decoding=\"async\" class=\"alignnone size-large wp-image-1299\" src=\"https:\/\/eventos.crp.ufv.br\/jogosdigitais\/wp-content\/uploads\/2023\/06\/WhatsApp-Image-2023-06-26-at-14.32.32-622x1024.jpeg\" alt=\"\" width=\"584\" height=\"961\" srcset=\"https:\/\/eventos.crp.ufv.br\/jogosdigitais\/wp-content\/uploads\/2023\/06\/WhatsApp-Image-2023-06-26-at-14.32.32-622x1024.jpeg 622w, https:\/\/eventos.crp.ufv.br\/jogosdigitais\/wp-content\/uploads\/2023\/06\/WhatsApp-Image-2023-06-26-at-14.32.32-182x300.jpeg 182w, https:\/\/eventos.crp.ufv.br\/jogosdigitais\/wp-content\/uploads\/2023\/06\/WhatsApp-Image-2023-06-26-at-14.32.32-768x1265.jpeg 768w, https:\/\/eventos.crp.ufv.br\/jogosdigitais\/wp-content\/uploads\/2023\/06\/WhatsApp-Image-2023-06-26-at-14.32.32.jpeg 777w\" sizes=\"auto, (max-width: 584px) 100vw, 584px\" \/><\/p>\n","protected":false},"excerpt":{"rendered":"<p>Pok\u00e9 Prog S\u00e9rie: Ensino Fundamental e M\u00e9dio. Conte\u00fado: Vari\u00e1veis, Estruturas de decis\u00e3o e repeti\u00e7\u00e3o, vetores, fun\u00e7\u00f5es, tratamento de exce\u00e7\u00f5es e recursividade. A exploradora Fran, respons\u00e1vel por manter a paz na cidade de Pr\u00f3gdeia, convoca a ajuda do jogador para enfrentar &hellip; <a href=\"https:\/\/eventos.crp.ufv.br\/jogosdigitais\/?page_id=1205\">Leia mais<\/a><\/p>\n","protected":false},"author":5,"featured_media":0,"parent":1168,"menu_order":0,"comment_status":"closed","ping_status":"closed","template":"","meta":{"footnotes":""},"class_list":["post-1205","page","type-page","status-publish","hentry"],"_links":{"self":[{"href":"https:\/\/eventos.crp.ufv.br\/jogosdigitais\/index.php?rest_route=\/wp\/v2\/pages\/1205","targetHints":{"allow":["GET"]}}],"collection":[{"href":"https:\/\/eventos.crp.ufv.br\/jogosdigitais\/index.php?rest_route=\/wp\/v2\/pages"}],"about":[{"href":"https:\/\/eventos.crp.ufv.br\/jogosdigitais\/index.php?rest_route=\/wp\/v2\/types\/page"}],"author":[{"embeddable":true,"href":"https:\/\/eventos.crp.ufv.br\/jogosdigitais\/index.php?rest_route=\/wp\/v2\/users\/5"}],"replies":[{"embeddable":true,"href":"https:\/\/eventos.crp.ufv.br\/jogosdigitais\/index.php?rest_route=%2Fwp%2Fv2%2Fcomments&post=1205"}],"version-history":[{"count":10,"href":"https:\/\/eventos.crp.ufv.br\/jogosdigitais\/index.php?rest_route=\/wp\/v2\/pages\/1205\/revisions"}],"predecessor-version":[{"id":1553,"href":"https:\/\/eventos.crp.ufv.br\/jogosdigitais\/index.php?rest_route=\/wp\/v2\/pages\/1205\/revisions\/1553"}],"up":[{"embeddable":true,"href":"https:\/\/eventos.crp.ufv.br\/jogosdigitais\/index.php?rest_route=\/wp\/v2\/pages\/1168"}],"wp:attachment":[{"href":"https:\/\/eventos.crp.ufv.br\/jogosdigitais\/index.php?rest_route=%2Fwp%2Fv2%2Fmedia&parent=1205"}],"curies":[{"name":"wp","href":"https:\/\/api.w.org\/{rel}","templated":true}]}}