{"id":1212,"date":"2023-06-14T11:51:05","date_gmt":"2023-06-14T14:51:05","guid":{"rendered":"https:\/\/eventos.crp.ufv.br\/jogosdigitais\/?page_id=1212"},"modified":"2023-07-14T17:49:16","modified_gmt":"2023-07-14T20:49:16","slug":"underwater","status":"publish","type":"page","link":"https:\/\/eventos.crp.ufv.br\/jogosdigitais\/?page_id=1212","title":{"rendered":"Underwater"},"content":{"rendered":"<p><img loading=\"lazy\" decoding=\"async\" class=\"alignnone wp-image-1448 size-medium\" src=\"https:\/\/eventos.crp.ufv.br\/jogosdigitais\/wp-content\/uploads\/2023\/06\/Screenshot_20230711-120646-300x138.png\" width=\"300\" height=\"138\" srcset=\"https:\/\/eventos.crp.ufv.br\/jogosdigitais\/wp-content\/uploads\/2023\/06\/Screenshot_20230711-120646-300x138.png 300w, https:\/\/eventos.crp.ufv.br\/jogosdigitais\/wp-content\/uploads\/2023\/06\/Screenshot_20230711-120646-768x354.png 768w, https:\/\/eventos.crp.ufv.br\/jogosdigitais\/wp-content\/uploads\/2023\/06\/Screenshot_20230711-120646-1024x473.png 1024w, https:\/\/eventos.crp.ufv.br\/jogosdigitais\/wp-content\/uploads\/2023\/06\/Screenshot_20230711-120646-500x231.png 500w, https:\/\/eventos.crp.ufv.br\/jogosdigitais\/wp-content\/uploads\/2023\/06\/Screenshot_20230711-120646.png 1560w\" sizes=\"auto, (max-width: 300px) 100vw, 300px\" \/><\/p>\n<p><strong>Underwater<br \/>\nS\u00e9rie: APAE<br \/>\nConte\u00fado: Vogais, consoantes, forma\u00e7\u00e3o de palavras.<\/strong><\/p>\n<p>Doutor Octopus \u00e9 um polvo bem legal que precisa de sua ajuda para coletar as letras que formam as palavras. As letras se encontram espalhadas pelo fundo do mar e devem ser capturadas e colocadas dentro do ba\u00fa. Junte-se a essa aventura e ajude Doutor Octopus a coletar todas as letras formando o m\u00e1ximo de palavras que conseguir.<strong><br \/>\n<\/strong><\/p>\n<p><strong>Download:<br \/>\n<\/strong><a href=\"https:\/\/drive.google.com\/u\/0\/uc?id=18q3rqVdoNwH5ALha2u1qNRP2lqV_ystL&amp;export=download\"><img loading=\"lazy\" decoding=\"async\" class=\"alignnone wp-image-1501\" src=\"https:\/\/eventos.crp.ufv.br\/jogosdigitais\/wp-content\/uploads\/2023\/06\/windows-150x150.png\" width=\"50\" height=\"50\" srcset=\"https:\/\/eventos.crp.ufv.br\/jogosdigitais\/wp-content\/uploads\/2023\/06\/windows-150x150.png 150w, https:\/\/eventos.crp.ufv.br\/jogosdigitais\/wp-content\/uploads\/2023\/06\/windows.png 256w\" sizes=\"auto, (max-width: 50px) 100vw, 50px\" \/><\/a><a href=\"https:\/\/drive.google.com\/u\/4\/uc?id=1_dp4jTY1qzw0z-OWOn95UcZO80Z1-RPm&amp;export=download\"><img loading=\"lazy\" decoding=\"async\" class=\"alignnone wp-image-1502\" src=\"https:\/\/eventos.crp.ufv.br\/jogosdigitais\/wp-content\/uploads\/2023\/06\/linux-150x150.png\" width=\"50\" height=\"50\" srcset=\"https:\/\/eventos.crp.ufv.br\/jogosdigitais\/wp-content\/uploads\/2023\/06\/linux-150x150.png 150w, https:\/\/eventos.crp.ufv.br\/jogosdigitais\/wp-content\/uploads\/2023\/06\/linux.png 256w\" sizes=\"auto, (max-width: 50px) 100vw, 50px\" \/><\/a><a href=\"https:\/\/drive.google.com\/u\/4\/uc?id=1QMtJkS9wHMEWFz9HFe4m4Nnor2iVYsMT&amp;export=download\"><img loading=\"lazy\" decoding=\"async\" class=\"alignnone wp-image-1503\" src=\"https:\/\/eventos.crp.ufv.br\/jogosdigitais\/wp-content\/uploads\/2023\/06\/android-150x150.png\" width=\"50\" height=\"50\" srcset=\"https:\/\/eventos.crp.ufv.br\/jogosdigitais\/wp-content\/uploads\/2023\/06\/android-150x150.png 150w, https:\/\/eventos.crp.ufv.br\/jogosdigitais\/wp-content\/uploads\/2023\/06\/android.png 256w\" sizes=\"auto, (max-width: 50px) 100vw, 50px\" \/><\/a><\/p>\n<p><strong>Tutorial de instala\u00e7\u00e3o:<\/strong><br \/>\n<a href=\"https:\/\/drive.google.com\/file\/d\/1q9fHXbxAS5e4ISrz66lANoTYMtkQQ_9K\/view?usp=drive_link\">Link<\/a><\/p>\n<p><a href=\"https:\/\/eventos.crp.ufv.br\/jogosdigitais\/wp-content\/uploads\/2023\/06\/7v2o5zhw.png\"><img loading=\"lazy\" decoding=\"async\" class=\"alignnone wp-image-1456 size-full\" src=\"https:\/\/eventos.crp.ufv.br\/jogosdigitais\/wp-content\/uploads\/2023\/06\/7v2o5zhw.png\" width=\"723\" height=\"721\" srcset=\"https:\/\/eventos.crp.ufv.br\/jogosdigitais\/wp-content\/uploads\/2023\/06\/7v2o5zhw.png 723w, https:\/\/eventos.crp.ufv.br\/jogosdigitais\/wp-content\/uploads\/2023\/06\/7v2o5zhw-150x150.png 150w, https:\/\/eventos.crp.ufv.br\/jogosdigitais\/wp-content\/uploads\/2023\/06\/7v2o5zhw-300x300.png 300w, https:\/\/eventos.crp.ufv.br\/jogosdigitais\/wp-content\/uploads\/2023\/06\/7v2o5zhw-301x300.png 301w\" sizes=\"auto, (max-width: 723px) 100vw, 723px\" \/><\/a><\/p>\n","protected":false},"excerpt":{"rendered":"<p>Underwater S\u00e9rie: APAE Conte\u00fado: Vogais, consoantes, forma\u00e7\u00e3o de palavras. Doutor Octopus \u00e9 um polvo bem legal que precisa de sua ajuda para coletar as letras que formam as palavras. As letras se encontram espalhadas pelo fundo do mar e devem &hellip; <a href=\"https:\/\/eventos.crp.ufv.br\/jogosdigitais\/?page_id=1212\">Leia mais<\/a><\/p>\n","protected":false},"author":5,"featured_media":0,"parent":1151,"menu_order":0,"comment_status":"closed","ping_status":"closed","template":"","meta":{"footnotes":""},"class_list":["post-1212","page","type-page","status-publish","hentry"],"_links":{"self":[{"href":"https:\/\/eventos.crp.ufv.br\/jogosdigitais\/index.php?rest_route=\/wp\/v2\/pages\/1212","targetHints":{"allow":["GET"]}}],"collection":[{"href":"https:\/\/eventos.crp.ufv.br\/jogosdigitais\/index.php?rest_route=\/wp\/v2\/pages"}],"about":[{"href":"https:\/\/eventos.crp.ufv.br\/jogosdigitais\/index.php?rest_route=\/wp\/v2\/types\/page"}],"author":[{"embeddable":true,"href":"https:\/\/eventos.crp.ufv.br\/jogosdigitais\/index.php?rest_route=\/wp\/v2\/users\/5"}],"replies":[{"embeddable":true,"href":"https:\/\/eventos.crp.ufv.br\/jogosdigitais\/index.php?rest_route=%2Fwp%2Fv2%2Fcomments&post=1212"}],"version-history":[{"count":13,"href":"https:\/\/eventos.crp.ufv.br\/jogosdigitais\/index.php?rest_route=\/wp\/v2\/pages\/1212\/revisions"}],"predecessor-version":[{"id":1541,"href":"https:\/\/eventos.crp.ufv.br\/jogosdigitais\/index.php?rest_route=\/wp\/v2\/pages\/1212\/revisions\/1541"}],"up":[{"embeddable":true,"href":"https:\/\/eventos.crp.ufv.br\/jogosdigitais\/index.php?rest_route=\/wp\/v2\/pages\/1151"}],"wp:attachment":[{"href":"https:\/\/eventos.crp.ufv.br\/jogosdigitais\/index.php?rest_route=%2Fwp%2Fv2%2Fmedia&parent=1212"}],"curies":[{"name":"wp","href":"https:\/\/api.w.org\/{rel}","templated":true}]}}