{"id":1320,"date":"2023-06-27T16:05:51","date_gmt":"2023-06-27T19:05:51","guid":{"rendered":"https:\/\/eventos.crp.ufv.br\/jogosdigitais\/?page_id=1320"},"modified":"2023-07-28T12:19:49","modified_gmt":"2023-07-28T15:19:49","slug":"antonio-em-busca-das-letras-perdidas","status":"publish","type":"page","link":"https:\/\/eventos.crp.ufv.br\/jogosdigitais\/?page_id=1320","title":{"rendered":"Ant\u00f4nio em Busca das Letras Perdidas"},"content":{"rendered":"<p><img loading=\"lazy\" decoding=\"async\" class=\"alignnone size-medium wp-image-1318\" src=\"https:\/\/eventos.crp.ufv.br\/jogosdigitais\/wp-content\/uploads\/2023\/06\/WhatsApp-Image-2023-06-27-at-13.54.34-300x188.jpeg\" alt=\"\" width=\"300\" height=\"188\" srcset=\"https:\/\/eventos.crp.ufv.br\/jogosdigitais\/wp-content\/uploads\/2023\/06\/WhatsApp-Image-2023-06-27-at-13.54.34-300x188.jpeg 300w, https:\/\/eventos.crp.ufv.br\/jogosdigitais\/wp-content\/uploads\/2023\/06\/WhatsApp-Image-2023-06-27-at-13.54.34-768x480.jpeg 768w, https:\/\/eventos.crp.ufv.br\/jogosdigitais\/wp-content\/uploads\/2023\/06\/WhatsApp-Image-2023-06-27-at-13.54.34-1024x640.jpeg 1024w, https:\/\/eventos.crp.ufv.br\/jogosdigitais\/wp-content\/uploads\/2023\/06\/WhatsApp-Image-2023-06-27-at-13.54.34-480x300.jpeg 480w, https:\/\/eventos.crp.ufv.br\/jogosdigitais\/wp-content\/uploads\/2023\/06\/WhatsApp-Image-2023-06-27-at-13.54.34.jpeg 1440w\" sizes=\"auto, (max-width: 300px) 100vw, 300px\" \/><\/p>\n<p><strong>Jogo: Ant\u00f4nio em Busca das Letras Perdidas.<\/strong><br \/>\n<strong>S\u00e9rie: APAE.<\/strong><br \/>\n<strong>Conte\u00fado: Silaba\u00e7\u00e3o.<\/strong><\/p>\n<p>Junte-se a Ant\u00f4nio, um destemido aventureiro, em uma miss\u00e3o \u00e9pica para recuperar as letras roubadas pelo malvado Rei Rato e seu ex\u00e9rcito. Em um reino encantado, onde as letras s\u00e3o a fonte do poder m\u00e1gico e conhecimento, e sem elas, o equil\u00edbrio do mundo est\u00e1 amea\u00e7ado. Prepare-se para embarcar em uma jornada cheia de perigos e uma dose de bom humor, enquanto ajuda Ant\u00f4nio a restaurar a ordem e salvar o reino da tirania do Rei Rato!<\/p>\n<p><strong>Download:<br \/>\n<a href=\"https:\/\/drive.google.com\/file\/d\/1JDp2fPuVtm5gUHvfjOLIKjXx6-pAkh2P\/view?usp=sharing\"><img loading=\"lazy\" decoding=\"async\" class=\"alignnone wp-image-1501\" src=\"https:\/\/eventos.crp.ufv.br\/jogosdigitais\/wp-content\/uploads\/2023\/06\/windows-150x150.png\" width=\"50\" height=\"50\" srcset=\"https:\/\/eventos.crp.ufv.br\/jogosdigitais\/wp-content\/uploads\/2023\/06\/windows-150x150.png 150w, https:\/\/eventos.crp.ufv.br\/jogosdigitais\/wp-content\/uploads\/2023\/06\/windows.png 256w\" sizes=\"auto, (max-width: 50px) 100vw, 50px\" \/><\/a><a href=\"https:\/\/drive.google.com\/file\/d\/1tC4uy-aRiboe4y67UrZp7nl0lFwW9Zpw\/view?usp=sharing\"><img loading=\"lazy\" decoding=\"async\" class=\"alignnone wp-image-1502\" src=\"https:\/\/eventos.crp.ufv.br\/jogosdigitais\/wp-content\/uploads\/2023\/06\/linux-150x150.png\" width=\"50\" height=\"50\" srcset=\"https:\/\/eventos.crp.ufv.br\/jogosdigitais\/wp-content\/uploads\/2023\/06\/linux-150x150.png 150w, https:\/\/eventos.crp.ufv.br\/jogosdigitais\/wp-content\/uploads\/2023\/06\/linux.png 256w\" sizes=\"auto, (max-width: 50px) 100vw, 50px\" \/><\/a><\/strong><\/p>\n<p><strong>Tutorial de instala\u00e7\u00e3o:<\/strong><br \/>\n<a href=\"https:\/\/drive.google.com\/file\/d\/1q9fHXbxAS5e4ISrz66lANoTYMtkQQ_9K\/view?usp=drive_link\">Link<\/a><\/p>\n<p><img loading=\"lazy\" decoding=\"async\" class=\"alignnone size-large wp-image-1321\" src=\"https:\/\/eventos.crp.ufv.br\/jogosdigitais\/wp-content\/uploads\/2023\/06\/WhatsApp-Image-2023-06-27-at-13.55.23-768x1024.jpeg\" alt=\"\" width=\"584\" height=\"779\" srcset=\"https:\/\/eventos.crp.ufv.br\/jogosdigitais\/wp-content\/uploads\/2023\/06\/WhatsApp-Image-2023-06-27-at-13.55.23-768x1024.jpeg 768w, https:\/\/eventos.crp.ufv.br\/jogosdigitais\/wp-content\/uploads\/2023\/06\/WhatsApp-Image-2023-06-27-at-13.55.23-225x300.jpeg 225w, https:\/\/eventos.crp.ufv.br\/jogosdigitais\/wp-content\/uploads\/2023\/06\/WhatsApp-Image-2023-06-27-at-13.55.23.jpeg 1200w\" sizes=\"auto, (max-width: 584px) 100vw, 584px\" \/><\/p>\n","protected":false},"excerpt":{"rendered":"<p>Jogo: Ant\u00f4nio em Busca das Letras Perdidas. S\u00e9rie: APAE. Conte\u00fado: Silaba\u00e7\u00e3o. Junte-se a Ant\u00f4nio, um destemido aventureiro, em uma miss\u00e3o \u00e9pica para recuperar as letras roubadas pelo malvado Rei Rato e seu ex\u00e9rcito. Em um reino encantado, onde as letras &hellip; <a href=\"https:\/\/eventos.crp.ufv.br\/jogosdigitais\/?page_id=1320\">Leia mais<\/a><\/p>\n","protected":false},"author":5,"featured_media":0,"parent":1151,"menu_order":0,"comment_status":"closed","ping_status":"closed","template":"","meta":{"footnotes":""},"class_list":["post-1320","page","type-page","status-publish","hentry"],"_links":{"self":[{"href":"https:\/\/eventos.crp.ufv.br\/jogosdigitais\/index.php?rest_route=\/wp\/v2\/pages\/1320","targetHints":{"allow":["GET"]}}],"collection":[{"href":"https:\/\/eventos.crp.ufv.br\/jogosdigitais\/index.php?rest_route=\/wp\/v2\/pages"}],"about":[{"href":"https:\/\/eventos.crp.ufv.br\/jogosdigitais\/index.php?rest_route=\/wp\/v2\/types\/page"}],"author":[{"embeddable":true,"href":"https:\/\/eventos.crp.ufv.br\/jogosdigitais\/index.php?rest_route=\/wp\/v2\/users\/5"}],"replies":[{"embeddable":true,"href":"https:\/\/eventos.crp.ufv.br\/jogosdigitais\/index.php?rest_route=%2Fwp%2Fv2%2Fcomments&post=1320"}],"version-history":[{"count":4,"href":"https:\/\/eventos.crp.ufv.br\/jogosdigitais\/index.php?rest_route=\/wp\/v2\/pages\/1320\/revisions"}],"predecessor-version":[{"id":1323,"href":"https:\/\/eventos.crp.ufv.br\/jogosdigitais\/index.php?rest_route=\/wp\/v2\/pages\/1320\/revisions\/1323"}],"up":[{"embeddable":true,"href":"https:\/\/eventos.crp.ufv.br\/jogosdigitais\/index.php?rest_route=\/wp\/v2\/pages\/1151"}],"wp:attachment":[{"href":"https:\/\/eventos.crp.ufv.br\/jogosdigitais\/index.php?rest_route=%2Fwp%2Fv2%2Fmedia&parent=1320"}],"curies":[{"name":"wp","href":"https:\/\/api.w.org\/{rel}","templated":true}]}}