{"id":1471,"date":"2023-07-13T20:13:09","date_gmt":"2023-07-13T23:13:09","guid":{"rendered":"https:\/\/eventos.crp.ufv.br\/jogosdigitais\/?page_id=1471"},"modified":"2023-07-14T17:49:00","modified_gmt":"2023-07-14T20:49:00","slug":"caminhos-do-aprendizado","status":"publish","type":"page","link":"https:\/\/eventos.crp.ufv.br\/jogosdigitais\/?page_id=1471","title":{"rendered":"Caminhos do Aprendizado"},"content":{"rendered":"<p><a href=\"https:\/\/eventos.crp.ufv.br\/jogosdigitais\/wp-content\/uploads\/2023\/06\/WhatsApp-Image-2023-07-13-at-19.59.46.jpeg\"><img loading=\"lazy\" decoding=\"async\" class=\"alignnone wp-image-1470 size-medium\" src=\"https:\/\/eventos.crp.ufv.br\/jogosdigitais\/wp-content\/uploads\/2023\/06\/WhatsApp-Image-2023-07-13-at-19.59.46-300x169.jpeg\" width=\"300\" height=\"169\" srcset=\"https:\/\/eventos.crp.ufv.br\/jogosdigitais\/wp-content\/uploads\/2023\/06\/WhatsApp-Image-2023-07-13-at-19.59.46-300x169.jpeg 300w, https:\/\/eventos.crp.ufv.br\/jogosdigitais\/wp-content\/uploads\/2023\/06\/WhatsApp-Image-2023-07-13-at-19.59.46-500x281.jpeg 500w, https:\/\/eventos.crp.ufv.br\/jogosdigitais\/wp-content\/uploads\/2023\/06\/WhatsApp-Image-2023-07-13-at-19.59.46.jpeg 739w\" sizes=\"auto, (max-width: 300px) 100vw, 300px\" \/><\/a><\/p>\n<p><strong>Caminhos do Aprendizado<br \/>\nS\u00e9rie: Educa\u00e7\u00e3o Infantil<br \/>\nConte\u00fado: Escuta, fala, pensamento e imagina\u00e7\u00e3o (Portugu\u00eas) , Espa\u00e7os, tempos, quantidades, rela\u00e7\u00f5es e transforma\u00e7\u00f5es (Matem\u00e1tica), Tra\u00e7os, sons, cores e formas (Artes), Corpo, gestos e movimentos.<br \/>\n<\/strong><\/p>\n<p>Caminhos do Aprendizado \u00e9 um jogo educacional encantador e interativo, projetado para crian\u00e7as de 4,5 anos na educa\u00e7\u00e3o infantil. Com cinco fases envolventes, o jogo promove o aprendizado enquanto diverte os pequenos. Na primeira fase, as crian\u00e7as s\u00e3o convidadas a colorir desenhos, desenvolvendo a coordena\u00e7\u00e3o motora e estabelecendo sua primeira conex\u00e3o com o computador. Em seguida, elas t\u00eam a oportunidade de montar figurinhas, explorando formas geom\u00e9tricas. O jogo tamb\u00e9m apresenta um divertido quiz de alfabeto e reconhecimento de numerais, al\u00e9m de desafios de reconhecimento de quantidades atrav\u00e9s de figurinhas. Por fim, as crian\u00e7as se divertem identificando sons de animais e associando-os \u00e0s respectivas imagens. Caminhos do Aprendizado \u00e9 uma jornada educativa e envolvente que proporciona \u00e0s crian\u00e7as um aprendizado l\u00fadico e significativo.<\/p>\n<p><strong>Download:<br \/>\n<a href=\"https:\/\/drive.google.com\/u\/4\/uc?id=1EXRlTfpc4JlCmP-9VnTabnY8EogmET0s&amp;export=download\"><img loading=\"lazy\" decoding=\"async\" class=\"alignnone wp-image-1501\" src=\"https:\/\/eventos.crp.ufv.br\/jogosdigitais\/wp-content\/uploads\/2023\/06\/windows-150x150.png\" width=\"50\" height=\"50\" srcset=\"https:\/\/eventos.crp.ufv.br\/jogosdigitais\/wp-content\/uploads\/2023\/06\/windows-150x150.png 150w, https:\/\/eventos.crp.ufv.br\/jogosdigitais\/wp-content\/uploads\/2023\/06\/windows.png 256w\" sizes=\"auto, (max-width: 50px) 100vw, 50px\" \/><\/a><a href=\"https:\/\/drive.google.com\/u\/4\/uc?id=1r8EQ4Rwj_l7j-LOTAoSlCa5Okntr4oRR&amp;export=download\"><img loading=\"lazy\" decoding=\"async\" class=\"alignnone wp-image-1502\" src=\"https:\/\/eventos.crp.ufv.br\/jogosdigitais\/wp-content\/uploads\/2023\/06\/linux-150x150.png\" width=\"50\" height=\"50\" srcset=\"https:\/\/eventos.crp.ufv.br\/jogosdigitais\/wp-content\/uploads\/2023\/06\/linux-150x150.png 150w, https:\/\/eventos.crp.ufv.br\/jogosdigitais\/wp-content\/uploads\/2023\/06\/linux.png 256w\" sizes=\"auto, (max-width: 50px) 100vw, 50px\" \/><\/a><a href=\"https:\/\/drive.google.com\/u\/4\/uc?id=14C2srPcu14SbjxtUejP7ebf4kBkoKtSG&amp;export=download\"><img loading=\"lazy\" decoding=\"async\" class=\"alignnone wp-image-1503\" src=\"https:\/\/eventos.crp.ufv.br\/jogosdigitais\/wp-content\/uploads\/2023\/06\/android-150x150.png\" width=\"50\" height=\"50\" srcset=\"https:\/\/eventos.crp.ufv.br\/jogosdigitais\/wp-content\/uploads\/2023\/06\/android-150x150.png 150w, https:\/\/eventos.crp.ufv.br\/jogosdigitais\/wp-content\/uploads\/2023\/06\/android.png 256w\" sizes=\"auto, (max-width: 50px) 100vw, 50px\" \/><\/a><\/strong><\/p>\n<p><strong>Tutorial de instala\u00e7\u00e3o:<\/strong><br \/>\n<a href=\"https:\/\/drive.google.com\/file\/d\/1q9fHXbxAS5e4ISrz66lANoTYMtkQQ_9K\/view?usp=drive_link\">Link<\/a><\/p>\n","protected":false},"excerpt":{"rendered":"<p>Caminhos do Aprendizado S\u00e9rie: Educa\u00e7\u00e3o Infantil Conte\u00fado: Escuta, fala, pensamento e imagina\u00e7\u00e3o (Portugu\u00eas) , Espa\u00e7os, tempos, quantidades, rela\u00e7\u00f5es e transforma\u00e7\u00f5es (Matem\u00e1tica), Tra\u00e7os, sons, cores e formas (Artes), Corpo, gestos e movimentos. Caminhos do Aprendizado \u00e9 um jogo educacional encantador e &hellip; <a href=\"https:\/\/eventos.crp.ufv.br\/jogosdigitais\/?page_id=1471\">Leia mais<\/a><\/p>\n","protected":false},"author":5,"featured_media":0,"parent":1151,"menu_order":0,"comment_status":"closed","ping_status":"closed","template":"","meta":{"footnotes":""},"class_list":["post-1471","page","type-page","status-publish","hentry"],"_links":{"self":[{"href":"https:\/\/eventos.crp.ufv.br\/jogosdigitais\/index.php?rest_route=\/wp\/v2\/pages\/1471","targetHints":{"allow":["GET"]}}],"collection":[{"href":"https:\/\/eventos.crp.ufv.br\/jogosdigitais\/index.php?rest_route=\/wp\/v2\/pages"}],"about":[{"href":"https:\/\/eventos.crp.ufv.br\/jogosdigitais\/index.php?rest_route=\/wp\/v2\/types\/page"}],"author":[{"embeddable":true,"href":"https:\/\/eventos.crp.ufv.br\/jogosdigitais\/index.php?rest_route=\/wp\/v2\/users\/5"}],"replies":[{"embeddable":true,"href":"https:\/\/eventos.crp.ufv.br\/jogosdigitais\/index.php?rest_route=%2Fwp%2Fv2%2Fcomments&post=1471"}],"version-history":[{"count":6,"href":"https:\/\/eventos.crp.ufv.br\/jogosdigitais\/index.php?rest_route=\/wp\/v2\/pages\/1471\/revisions"}],"predecessor-version":[{"id":1539,"href":"https:\/\/eventos.crp.ufv.br\/jogosdigitais\/index.php?rest_route=\/wp\/v2\/pages\/1471\/revisions\/1539"}],"up":[{"embeddable":true,"href":"https:\/\/eventos.crp.ufv.br\/jogosdigitais\/index.php?rest_route=\/wp\/v2\/pages\/1151"}],"wp:attachment":[{"href":"https:\/\/eventos.crp.ufv.br\/jogosdigitais\/index.php?rest_route=%2Fwp%2Fv2%2Fmedia&parent=1471"}],"curies":[{"name":"wp","href":"https:\/\/api.w.org\/{rel}","templated":true}]}}