{"id":1594,"date":"2024-07-29T17:07:07","date_gmt":"2024-07-29T20:07:07","guid":{"rendered":"https:\/\/eventos.crp.ufv.br\/jogosdigitais\/?page_id=1594"},"modified":"2025-11-10T01:07:40","modified_gmt":"2025-11-10T04:07:40","slug":"jogos-da-vi-mostra-2024","status":"publish","type":"page","link":"https:\/\/eventos.crp.ufv.br\/jogosdigitais\/?page_id=1594","title":{"rendered":"VI Mostra de Jogos digitais (2024)"},"content":{"rendered":"<h1 style=\"text-align: center;\">Jogos Educacionais<\/h1>\n<h2><strong>Alfabetiza\u00e7\u00e3o:<\/strong><\/h2>\n<p><a href=\"https:\/\/eventos.crp.ufv.br\/jogosdigitais\/?page_id=1608\"><img loading=\"lazy\" decoding=\"async\" class=\"alignnone size-medium wp-image-1609\" src=\"https:\/\/eventos.crp.ufv.br\/jogosdigitais\/wp-content\/uploads\/2024\/08\/menu_marcus-164x300.jpg\" alt=\"\" width=\"164\" height=\"300\" srcset=\"https:\/\/eventos.crp.ufv.br\/jogosdigitais\/wp-content\/uploads\/2024\/08\/menu_marcus-164x300.jpg 164w, https:\/\/eventos.crp.ufv.br\/jogosdigitais\/wp-content\/uploads\/2024\/08\/menu_marcus-560x1024.jpg 560w, https:\/\/eventos.crp.ufv.br\/jogosdigitais\/wp-content\/uploads\/2024\/08\/menu_marcus.jpg 569w\" sizes=\"auto, (max-width: 164px) 100vw, 164px\" \/><\/a><\/p>\n<p><strong>Alfabeto M\u00e1gico,\u00a01\u00ba, 2\u00ba e 3\u00ba ano (fundamental)<\/strong><\/p>\n<h2><strong>Biologia:<\/strong><\/h2>\n<p><a href=\"https:\/\/eventos.crp.ufv.br\/jogosdigitais\/?page_id=1614\"><img loading=\"lazy\" decoding=\"async\" class=\"alignnone size-large wp-image-1616\" src=\"https:\/\/eventos.crp.ufv.br\/jogosdigitais\/wp-content\/uploads\/2024\/08\/Menu_caio-1024x575.png\" alt=\"\" width=\"584\" height=\"328\" srcset=\"https:\/\/eventos.crp.ufv.br\/jogosdigitais\/wp-content\/uploads\/2024\/08\/Menu_caio-1024x575.png 1024w, https:\/\/eventos.crp.ufv.br\/jogosdigitais\/wp-content\/uploads\/2024\/08\/Menu_caio-300x168.png 300w, https:\/\/eventos.crp.ufv.br\/jogosdigitais\/wp-content\/uploads\/2024\/08\/Menu_caio-768x431.png 768w, https:\/\/eventos.crp.ufv.br\/jogosdigitais\/wp-content\/uploads\/2024\/08\/Menu_caio-500x281.png 500w, https:\/\/eventos.crp.ufv.br\/jogosdigitais\/wp-content\/uploads\/2024\/08\/Menu_caio.png 1600w\" sizes=\"auto, (max-width: 584px) 100vw, 584px\" \/><\/a><\/p>\n<p><strong>Bioventure,\u00a0\u00a0\u00a07\u00ba ano (fundamental)<\/strong><\/p>\n<p><a href=\"https:\/\/eventos.crp.ufv.br\/jogosdigitais\/?page_id=1684&amp;preview=true\"><img loading=\"lazy\" decoding=\"async\" class=\"alignnone size-large wp-image-1685\" src=\"https:\/\/eventos.crp.ufv.br\/jogosdigitais\/wp-content\/uploads\/2024\/09\/Menu-alvaro-1024x576.jpg\" alt=\"\" width=\"584\" height=\"329\" srcset=\"https:\/\/eventos.crp.ufv.br\/jogosdigitais\/wp-content\/uploads\/2024\/09\/Menu-alvaro-1024x576.jpg 1024w, https:\/\/eventos.crp.ufv.br\/jogosdigitais\/wp-content\/uploads\/2024\/09\/Menu-alvaro-300x169.jpg 300w, https:\/\/eventos.crp.ufv.br\/jogosdigitais\/wp-content\/uploads\/2024\/09\/Menu-alvaro-768x432.jpg 768w, https:\/\/eventos.crp.ufv.br\/jogosdigitais\/wp-content\/uploads\/2024\/09\/Menu-alvaro-500x281.jpg 500w, https:\/\/eventos.crp.ufv.br\/jogosdigitais\/wp-content\/uploads\/2024\/09\/Menu-alvaro.jpg 1365w\" sizes=\"auto, (max-width: 584px) 100vw, 584px\" \/><\/a><\/p>\n<p><strong>Abelhas Nativas Brasileiras, (Fundamental II)<\/strong><\/p>\n<h2><strong>Ci\u00eancias:<\/strong><\/h2>\n<p><a href=\"https:\/\/eventos.crp.ufv.br\/jogosdigitais\/?page_id=1801\"><img loading=\"lazy\" decoding=\"async\" class=\"alignnone size-large wp-image-1802\" src=\"https:\/\/eventos.crp.ufv.br\/jogosdigitais\/wp-content\/uploads\/2024\/10\/menu-Rodrigo-1024x527.jpg\" alt=\"\" width=\"584\" height=\"301\" srcset=\"https:\/\/eventos.crp.ufv.br\/jogosdigitais\/wp-content\/uploads\/2024\/10\/menu-Rodrigo-1024x527.jpg 1024w, https:\/\/eventos.crp.ufv.br\/jogosdigitais\/wp-content\/uploads\/2024\/10\/menu-Rodrigo-300x154.jpg 300w, https:\/\/eventos.crp.ufv.br\/jogosdigitais\/wp-content\/uploads\/2024\/10\/menu-Rodrigo-768x395.jpg 768w, https:\/\/eventos.crp.ufv.br\/jogosdigitais\/wp-content\/uploads\/2024\/10\/menu-Rodrigo-500x257.jpg 500w, https:\/\/eventos.crp.ufv.br\/jogosdigitais\/wp-content\/uploads\/2024\/10\/menu-Rodrigo.jpg 1042w\" sizes=\"auto, (max-width: 584px) 100vw, 584px\" \/><\/a><\/p>\n<p><strong>Aventuras Cient\u00edficas, (5\u00ba e 6\u00ba ano Fundamental I)<\/strong><\/p>\n<h2><strong>Geografia:<\/strong><\/h2>\n<p><a href=\"https:\/\/eventos.crp.ufv.br\/jogosdigitais\/?page_id=1673\"><img loading=\"lazy\" decoding=\"async\" class=\"alignnone size-large wp-image-1725\" src=\"https:\/\/eventos.crp.ufv.br\/jogosdigitais\/wp-content\/uploads\/2024\/07\/Menusite-1024x576.png\" alt=\"\" width=\"584\" height=\"329\" srcset=\"https:\/\/eventos.crp.ufv.br\/jogosdigitais\/wp-content\/uploads\/2024\/07\/Menusite-1024x576.png 1024w, https:\/\/eventos.crp.ufv.br\/jogosdigitais\/wp-content\/uploads\/2024\/07\/Menusite-300x169.png 300w, https:\/\/eventos.crp.ufv.br\/jogosdigitais\/wp-content\/uploads\/2024\/07\/Menusite-768x432.png 768w, https:\/\/eventos.crp.ufv.br\/jogosdigitais\/wp-content\/uploads\/2024\/07\/Menusite-500x281.png 500w, https:\/\/eventos.crp.ufv.br\/jogosdigitais\/wp-content\/uploads\/2024\/07\/Menusite.png 1920w\" sizes=\"auto, (max-width: 584px) 100vw, 584px\" \/><\/a><br \/>\n<strong>Resgate Selvagem II,\u00a0<\/strong><strong>\u00a0(Fundamental II).<\/strong><\/p>\n<h2><strong>Hist\u00f3ria:<\/strong><\/h2>\n<p><a href=\"https:\/\/eventos.crp.ufv.br\/jogosdigitais\/?page_id=1623\"><img loading=\"lazy\" decoding=\"async\" class=\"alignnone size-large wp-image-1625\" src=\"https:\/\/eventos.crp.ufv.br\/jogosdigitais\/wp-content\/uploads\/2024\/08\/menu_mikaeli-1024x483.png\" alt=\"\" width=\"584\" height=\"275\" srcset=\"https:\/\/eventos.crp.ufv.br\/jogosdigitais\/wp-content\/uploads\/2024\/08\/menu_mikaeli-1024x483.png 1024w, https:\/\/eventos.crp.ufv.br\/jogosdigitais\/wp-content\/uploads\/2024\/08\/menu_mikaeli-300x141.png 300w, https:\/\/eventos.crp.ufv.br\/jogosdigitais\/wp-content\/uploads\/2024\/08\/menu_mikaeli-768x362.png 768w, https:\/\/eventos.crp.ufv.br\/jogosdigitais\/wp-content\/uploads\/2024\/08\/menu_mikaeli-500x236.png 500w, https:\/\/eventos.crp.ufv.br\/jogosdigitais\/wp-content\/uploads\/2024\/08\/menu_mikaeli.png 1920w\" sizes=\"auto, (max-width: 584px) 100vw, 584px\" \/><\/a><\/p>\n<p><strong>Odisseia \u00e0 Sabedoria &#8211; A Jornada de Atenas,\u00a06\u2070 \u00e0 9\u2070 (fundamental II)<\/strong><\/p>\n<h2><strong>Qu\u00edmica:<\/strong><\/h2>\n<p><a href=\"https:\/\/eventos.crp.ufv.br\/jogosdigitais\/?page_id=1611\"><img loading=\"lazy\" decoding=\"async\" class=\"alignnone size-large wp-image-1612\" src=\"https:\/\/eventos.crp.ufv.br\/jogosdigitais\/wp-content\/uploads\/2024\/08\/monteiro-1024x576.jpg\" alt=\"\" width=\"584\" height=\"329\" srcset=\"https:\/\/eventos.crp.ufv.br\/jogosdigitais\/wp-content\/uploads\/2024\/08\/monteiro-1024x576.jpg 1024w, https:\/\/eventos.crp.ufv.br\/jogosdigitais\/wp-content\/uploads\/2024\/08\/monteiro-300x169.jpg 300w, https:\/\/eventos.crp.ufv.br\/jogosdigitais\/wp-content\/uploads\/2024\/08\/monteiro-768x432.jpg 768w, https:\/\/eventos.crp.ufv.br\/jogosdigitais\/wp-content\/uploads\/2024\/08\/monteiro-500x281.jpg 500w, https:\/\/eventos.crp.ufv.br\/jogosdigitais\/wp-content\/uploads\/2024\/08\/monteiro.jpg 1280w\" sizes=\"auto, (max-width: 584px) 100vw, 584px\" \/><\/a><\/p>\n<p><strong>Science Kingdom, (Ensino M\u00e9dio)<\/strong><\/p>\n<h2><strong>Matem\u00e1tica:<\/strong><\/h2>\n<p><a href=\"https:\/\/eventos.crp.ufv.br\/jogosdigitais\/?page_id=1603\"><img loading=\"lazy\" decoding=\"async\" class=\"alignnone size-large wp-image-1598\" src=\"https:\/\/eventos.crp.ufv.br\/jogosdigitais\/wp-content\/uploads\/2024\/07\/menu-1024x568.png\" alt=\"\" width=\"584\" height=\"324\" srcset=\"https:\/\/eventos.crp.ufv.br\/jogosdigitais\/wp-content\/uploads\/2024\/07\/menu-1024x568.png 1024w, https:\/\/eventos.crp.ufv.br\/jogosdigitais\/wp-content\/uploads\/2024\/07\/menu-300x166.png 300w, https:\/\/eventos.crp.ufv.br\/jogosdigitais\/wp-content\/uploads\/2024\/07\/menu-768x426.png 768w, https:\/\/eventos.crp.ufv.br\/jogosdigitais\/wp-content\/uploads\/2024\/07\/menu-500x277.png 500w, https:\/\/eventos.crp.ufv.br\/jogosdigitais\/wp-content\/uploads\/2024\/07\/menu.png 1100w\" sizes=\"auto, (max-width: 584px) 100vw, 584px\" \/><\/a><\/p>\n<p><strong>MathCity Finances,\u00a0 5\u00ba\/6\u00ba ano (ensino fundamental)<\/strong><\/p>\n<p><a href=\"https:\/\/eventos.crp.ufv.br\/jogosdigitais\/?page_id=1628\"><img loading=\"lazy\" decoding=\"async\" class=\"alignnone wp-image-2388 size-large\" src=\"https:\/\/eventos.crp.ufv.br\/jogosdigitais\/wp-content\/uploads\/2025\/11\/Nova_imagem-1024x571.png\" alt=\"\" width=\"584\" height=\"326\" srcset=\"https:\/\/eventos.crp.ufv.br\/jogosdigitais\/wp-content\/uploads\/2025\/11\/Nova_imagem-1024x571.png 1024w, https:\/\/eventos.crp.ufv.br\/jogosdigitais\/wp-content\/uploads\/2025\/11\/Nova_imagem-300x167.png 300w, https:\/\/eventos.crp.ufv.br\/jogosdigitais\/wp-content\/uploads\/2025\/11\/Nova_imagem-768x428.png 768w, https:\/\/eventos.crp.ufv.br\/jogosdigitais\/wp-content\/uploads\/2025\/11\/Nova_imagem-500x279.png 500w, https:\/\/eventos.crp.ufv.br\/jogosdigitais\/wp-content\/uploads\/2025\/11\/Nova_imagem.png 1504w\" sizes=\"auto, (max-width: 584px) 100vw, 584px\" \/><\/a><\/p>\n<p><strong>MathRogue: O Desafio da matem\u00e1tica (Ensino m\u00e9dio)<\/strong><\/p>\n<h2>\u00a0<a href=\"https:\/\/eventos.crp.ufv.br\/jogosdigitais\/?page_id=1665\"><img loading=\"lazy\" decoding=\"async\" class=\"alignnone size-large wp-image-1666\" src=\"https:\/\/eventos.crp.ufv.br\/jogosdigitais\/wp-content\/uploads\/2024\/09\/menu-1024x569.png\" alt=\"\" width=\"584\" height=\"325\" srcset=\"https:\/\/eventos.crp.ufv.br\/jogosdigitais\/wp-content\/uploads\/2024\/09\/menu-1024x569.png 1024w, https:\/\/eventos.crp.ufv.br\/jogosdigitais\/wp-content\/uploads\/2024\/09\/menu-300x167.png 300w, https:\/\/eventos.crp.ufv.br\/jogosdigitais\/wp-content\/uploads\/2024\/09\/menu-768x427.png 768w, https:\/\/eventos.crp.ufv.br\/jogosdigitais\/wp-content\/uploads\/2024\/09\/menu-500x278.png 500w, https:\/\/eventos.crp.ufv.br\/jogosdigitais\/wp-content\/uploads\/2024\/09\/menu.png 1521w\" sizes=\"auto, (max-width: 584px) 100vw, 584px\" \/><\/a><\/h2>\n<p><strong>Matem\u00e1ticos da Selva: S\u00e9rie: Fundamental 2, 9\u00b0 ano (Ensino Fundamental)<\/strong><\/p>\n<h2>\u00a0<strong>Portugu\u00eas:<\/strong><\/h2>\n<p><a href=\"https:\/\/eventos.crp.ufv.br\/jogosdigitais\/?page_id=1200\"><img loading=\"lazy\" decoding=\"async\" class=\"alignnone wp-image-1138\" src=\"https:\/\/eventos.crp.ufv.br\/jogosdigitais\/wp-content\/uploads\/2014\/07\/WhatsApp-Image-2023-06-04-at-16.24.35-2-1024x574.jpeg\" width=\"584\" height=\"328\" srcset=\"https:\/\/eventos.crp.ufv.br\/jogosdigitais\/wp-content\/uploads\/2014\/07\/WhatsApp-Image-2023-06-04-at-16.24.35-2-1024x574.jpeg 1024w, https:\/\/eventos.crp.ufv.br\/jogosdigitais\/wp-content\/uploads\/2014\/07\/WhatsApp-Image-2023-06-04-at-16.24.35-2-300x168.jpeg 300w, https:\/\/eventos.crp.ufv.br\/jogosdigitais\/wp-content\/uploads\/2014\/07\/WhatsApp-Image-2023-06-04-at-16.24.35-2-768x431.jpeg 768w, https:\/\/eventos.crp.ufv.br\/jogosdigitais\/wp-content\/uploads\/2014\/07\/WhatsApp-Image-2023-06-04-at-16.24.35-2-500x281.jpeg 500w, https:\/\/eventos.crp.ufv.br\/jogosdigitais\/wp-content\/uploads\/2014\/07\/WhatsApp-Image-2023-06-04-at-16.24.35-2.jpeg 1139w\" sizes=\"auto, (max-width: 584px) 100vw, 584px\" \/><\/a><\/p>\n<p><strong>Palavras ao Ar,\u00a0<\/strong><strong>\u00a0(1\u00ba a 8\u00ba ano do fundamental).<\/strong><\/p>\n<p><a href=\"https:\/\/eventos.crp.ufv.br\/jogosdigitais\/?page_id=1690&amp;preview=true\"><img loading=\"lazy\" decoding=\"async\" class=\"alignnone size-large wp-image-1692\" src=\"https:\/\/eventos.crp.ufv.br\/jogosdigitais\/wp-content\/uploads\/2024\/09\/Menu_Johnathan-1024x576.jpg\" alt=\"\" width=\"584\" height=\"329\" srcset=\"https:\/\/eventos.crp.ufv.br\/jogosdigitais\/wp-content\/uploads\/2024\/09\/Menu_Johnathan-1024x576.jpg 1024w, https:\/\/eventos.crp.ufv.br\/jogosdigitais\/wp-content\/uploads\/2024\/09\/Menu_Johnathan-300x169.jpg 300w, https:\/\/eventos.crp.ufv.br\/jogosdigitais\/wp-content\/uploads\/2024\/09\/Menu_Johnathan-768x432.jpg 768w, https:\/\/eventos.crp.ufv.br\/jogosdigitais\/wp-content\/uploads\/2024\/09\/Menu_Johnathan-500x281.jpg 500w, https:\/\/eventos.crp.ufv.br\/jogosdigitais\/wp-content\/uploads\/2024\/09\/Menu_Johnathan.jpg 1280w\" sizes=\"auto, (max-width: 584px) 100vw, 584px\" \/><\/a><\/p>\n<p><strong>Linguaventura II,\u00a08\u00ba\/9\u00ba ano.<\/strong><\/p>\n<p><a href=\"https:\/\/eventos.crp.ufv.br\/jogosdigitais\/?page_id=1716\"><img loading=\"lazy\" decoding=\"async\" class=\"alignnone size-large wp-image-1717\" src=\"https:\/\/eventos.crp.ufv.br\/jogosdigitais\/wp-content\/uploads\/2024\/10\/menu_principal-1024x576.png\" alt=\"\" width=\"584\" height=\"329\" srcset=\"https:\/\/eventos.crp.ufv.br\/jogosdigitais\/wp-content\/uploads\/2024\/10\/menu_principal-1024x576.png 1024w, https:\/\/eventos.crp.ufv.br\/jogosdigitais\/wp-content\/uploads\/2024\/10\/menu_principal-300x169.png 300w, https:\/\/eventos.crp.ufv.br\/jogosdigitais\/wp-content\/uploads\/2024\/10\/menu_principal-768x432.png 768w, https:\/\/eventos.crp.ufv.br\/jogosdigitais\/wp-content\/uploads\/2024\/10\/menu_principal-500x281.png 500w, https:\/\/eventos.crp.ufv.br\/jogosdigitais\/wp-content\/uploads\/2024\/10\/menu_principal.png 1920w\" sizes=\"auto, (max-width: 584px) 100vw, 584px\" \/><\/a><\/p>\n<p><strong>Letras em Movimento, <\/strong><strong>1\u00b0 ano (Fundamental I)<\/strong><\/p>\n<h2><\/h2>\n<p>&nbsp;<\/p>\n","protected":false},"excerpt":{"rendered":"<p>Jogos Educacionais Alfabetiza\u00e7\u00e3o: Alfabeto M\u00e1gico,\u00a01\u00ba, 2\u00ba e 3\u00ba ano (fundamental) Biologia: Bioventure,\u00a0\u00a0\u00a07\u00ba ano (fundamental) Abelhas Nativas Brasileiras, (Fundamental II) Ci\u00eancias: Aventuras Cient\u00edficas, (5\u00ba e 6\u00ba ano Fundamental I) Geografia: Resgate Selvagem II,\u00a0\u00a0(Fundamental II). Hist\u00f3ria: Odisseia \u00e0 Sabedoria &#8211; A Jornada &hellip; <a href=\"https:\/\/eventos.crp.ufv.br\/jogosdigitais\/?page_id=1594\">Leia mais<\/a><\/p>\n","protected":false},"author":5,"featured_media":0,"parent":392,"menu_order":0,"comment_status":"closed","ping_status":"closed","template":"","meta":{"footnotes":""},"class_list":["post-1594","page","type-page","status-publish","hentry"],"_links":{"self":[{"href":"https:\/\/eventos.crp.ufv.br\/jogosdigitais\/index.php?rest_route=\/wp\/v2\/pages\/1594","targetHints":{"allow":["GET"]}}],"collection":[{"href":"https:\/\/eventos.crp.ufv.br\/jogosdigitais\/index.php?rest_route=\/wp\/v2\/pages"}],"about":[{"href":"https:\/\/eventos.crp.ufv.br\/jogosdigitais\/index.php?rest_route=\/wp\/v2\/types\/page"}],"author":[{"embeddable":true,"href":"https:\/\/eventos.crp.ufv.br\/jogosdigitais\/index.php?rest_route=\/wp\/v2\/users\/5"}],"replies":[{"embeddable":true,"href":"https:\/\/eventos.crp.ufv.br\/jogosdigitais\/index.php?rest_route=%2Fwp%2Fv2%2Fcomments&post=1594"}],"version-history":[{"count":23,"href":"https:\/\/eventos.crp.ufv.br\/jogosdigitais\/index.php?rest_route=\/wp\/v2\/pages\/1594\/revisions"}],"predecessor-version":[{"id":2389,"href":"https:\/\/eventos.crp.ufv.br\/jogosdigitais\/index.php?rest_route=\/wp\/v2\/pages\/1594\/revisions\/2389"}],"up":[{"embeddable":true,"href":"https:\/\/eventos.crp.ufv.br\/jogosdigitais\/index.php?rest_route=\/wp\/v2\/pages\/392"}],"wp:attachment":[{"href":"https:\/\/eventos.crp.ufv.br\/jogosdigitais\/index.php?rest_route=%2Fwp%2Fv2%2Fmedia&parent=1594"}],"curies":[{"name":"wp","href":"https:\/\/api.w.org\/{rel}","templated":true}]}}