{"id":1603,"date":"2024-07-29T17:20:56","date_gmt":"2024-07-29T20:20:56","guid":{"rendered":"https:\/\/eventos.crp.ufv.br\/jogosdigitais\/?page_id=1603"},"modified":"2024-10-07T22:28:39","modified_gmt":"2024-10-08T01:28:39","slug":"mathcity-finances","status":"publish","type":"page","link":"https:\/\/eventos.crp.ufv.br\/jogosdigitais\/?page_id=1603","title":{"rendered":"MathCity Finances"},"content":{"rendered":"<p><img loading=\"lazy\" decoding=\"async\" class=\"alignnone size-medium wp-image-1598\" src=\"https:\/\/eventos.crp.ufv.br\/jogosdigitais\/wp-content\/uploads\/2024\/07\/menu-300x166.png\" alt=\"\" width=\"300\" height=\"166\" srcset=\"https:\/\/eventos.crp.ufv.br\/jogosdigitais\/wp-content\/uploads\/2024\/07\/menu-300x166.png 300w, https:\/\/eventos.crp.ufv.br\/jogosdigitais\/wp-content\/uploads\/2024\/07\/menu-768x426.png 768w, https:\/\/eventos.crp.ufv.br\/jogosdigitais\/wp-content\/uploads\/2024\/07\/menu-1024x568.png 1024w, https:\/\/eventos.crp.ufv.br\/jogosdigitais\/wp-content\/uploads\/2024\/07\/menu-500x277.png 500w, https:\/\/eventos.crp.ufv.br\/jogosdigitais\/wp-content\/uploads\/2024\/07\/menu.png 1100w\" sizes=\"auto, (max-width: 300px) 100vw, 300px\" \/><\/p>\n<p><strong>MathCity Finances\u00a0<\/strong><br \/>\n<strong>S\u00e9ries: 5\u00ba\/6\u00ba ano (ensino fundamental)\u00a0.<\/strong><br \/>\n<strong>Conte\u00fado: Opera\u00e7\u00f5es Matem\u00e1ticas B\u00e1sicas, Educa\u00e7\u00e3o Financeira, Gest\u00e3o de Recursos.<\/strong><\/p>\n<p><span style=\"font-weight: 400;\">Em MathCity Finances, os alunos embarcam em uma aventura educativa para ajudar a Princesa Nina a administrar suas finan\u00e7as na cidade. O jogo apresenta quatro fases com n\u00edveis crescentes de dificuldade, onde os jogadores devem aplicar opera\u00e7\u00f5es de soma, subtra\u00e7\u00e3o, multiplica\u00e7\u00e3o e divis\u00e3o para resolver situa\u00e7\u00f5es de compras em diversos estabelecimentos comerciais. Com uma metodologia \u00e1gil e um foco l\u00fadico, MathCity Finances torna o aprendizado de matem\u00e1tica mais envolvente e pr\u00e1tico.<\/span><\/p>\n<p><strong>Download:<\/strong><\/p>\n<p><strong><a href=\"https:\/\/drive.usercontent.google.com\/u\/1\/uc?id=1GTNTmeeXJf9dz8Z1kjtHf3FTWVEqicLH&amp;export=download\" target=\"_blank\"><img loading=\"lazy\" decoding=\"async\" class=\"alignnone wp-image-1501\" src=\"https:\/\/eventos.crp.ufv.br\/jogosdigitais\/wp-content\/uploads\/2023\/06\/windows-150x150.png\" width=\"50\" height=\"50\" srcset=\"https:\/\/eventos.crp.ufv.br\/jogosdigitais\/wp-content\/uploads\/2023\/06\/windows-150x150.png 150w, https:\/\/eventos.crp.ufv.br\/jogosdigitais\/wp-content\/uploads\/2023\/06\/windows.png 256w\" sizes=\"auto, (max-width: 50px) 100vw, 50px\" \/><\/a><img loading=\"lazy\" decoding=\"async\" class=\"alignnone wp-image-1502\" src=\"https:\/\/eventos.crp.ufv.br\/jogosdigitais\/wp-content\/uploads\/2023\/06\/linux-150x150.png\" width=\"50\" height=\"50\" srcset=\"https:\/\/eventos.crp.ufv.br\/jogosdigitais\/wp-content\/uploads\/2023\/06\/linux-150x150.png 150w, https:\/\/eventos.crp.ufv.br\/jogosdigitais\/wp-content\/uploads\/2023\/06\/linux.png 256w\" sizes=\"auto, (max-width: 50px) 100vw, 50px\" \/><img loading=\"lazy\" decoding=\"async\" class=\"alignnone wp-image-1503\" src=\"https:\/\/eventos.crp.ufv.br\/jogosdigitais\/wp-content\/uploads\/2023\/06\/android-150x150.png\" width=\"50\" height=\"50\" srcset=\"https:\/\/eventos.crp.ufv.br\/jogosdigitais\/wp-content\/uploads\/2023\/06\/android-150x150.png 150w, https:\/\/eventos.crp.ufv.br\/jogosdigitais\/wp-content\/uploads\/2023\/06\/android.png 256w\" sizes=\"auto, (max-width: 50px) 100vw, 50px\" \/><\/strong><\/p>\n<p><strong>Tutorial de instala\u00e7\u00e3o:<\/strong><br \/>\n<a href=\"https:\/\/drive.google.com\/file\/d\/1q9fHXbxAS5e4ISrz66lANoTYMtkQQ_9K\/view?usp=drive_link\">Link<\/a><\/p>\n<p><img loading=\"lazy\" decoding=\"async\" class=\"alignnone size-large wp-image-1704\" src=\"https:\/\/eventos.crp.ufv.br\/jogosdigitais\/wp-content\/uploads\/2024\/07\/sabrina-579x1024.jpg\" alt=\"\" width=\"579\" height=\"1024\" srcset=\"https:\/\/eventos.crp.ufv.br\/jogosdigitais\/wp-content\/uploads\/2024\/07\/sabrina-579x1024.jpg 579w, https:\/\/eventos.crp.ufv.br\/jogosdigitais\/wp-content\/uploads\/2024\/07\/sabrina-170x300.jpg 170w, https:\/\/eventos.crp.ufv.br\/jogosdigitais\/wp-content\/uploads\/2024\/07\/sabrina-768x1357.jpg 768w, https:\/\/eventos.crp.ufv.br\/jogosdigitais\/wp-content\/uploads\/2024\/07\/sabrina.jpg 1170w\" sizes=\"auto, (max-width: 579px) 100vw, 579px\" \/><\/p>\n","protected":false},"excerpt":{"rendered":"<p>MathCity Finances\u00a0 S\u00e9ries: 5\u00ba\/6\u00ba ano (ensino fundamental)\u00a0. Conte\u00fado: Opera\u00e7\u00f5es Matem\u00e1ticas B\u00e1sicas, Educa\u00e7\u00e3o Financeira, Gest\u00e3o de Recursos. Em MathCity Finances, os alunos embarcam em uma aventura educativa para ajudar a Princesa Nina a administrar suas finan\u00e7as na cidade. O jogo apresenta &hellip; <a href=\"https:\/\/eventos.crp.ufv.br\/jogosdigitais\/?page_id=1603\">Leia mais<\/a><\/p>\n","protected":false},"author":5,"featured_media":0,"parent":1594,"menu_order":0,"comment_status":"closed","ping_status":"closed","template":"","meta":{"footnotes":""},"class_list":["post-1603","page","type-page","status-publish","hentry"],"_links":{"self":[{"href":"https:\/\/eventos.crp.ufv.br\/jogosdigitais\/index.php?rest_route=\/wp\/v2\/pages\/1603","targetHints":{"allow":["GET"]}}],"collection":[{"href":"https:\/\/eventos.crp.ufv.br\/jogosdigitais\/index.php?rest_route=\/wp\/v2\/pages"}],"about":[{"href":"https:\/\/eventos.crp.ufv.br\/jogosdigitais\/index.php?rest_route=\/wp\/v2\/types\/page"}],"author":[{"embeddable":true,"href":"https:\/\/eventos.crp.ufv.br\/jogosdigitais\/index.php?rest_route=\/wp\/v2\/users\/5"}],"replies":[{"embeddable":true,"href":"https:\/\/eventos.crp.ufv.br\/jogosdigitais\/index.php?rest_route=%2Fwp%2Fv2%2Fcomments&post=1603"}],"version-history":[{"count":4,"href":"https:\/\/eventos.crp.ufv.br\/jogosdigitais\/index.php?rest_route=\/wp\/v2\/pages\/1603\/revisions"}],"predecessor-version":[{"id":1706,"href":"https:\/\/eventos.crp.ufv.br\/jogosdigitais\/index.php?rest_route=\/wp\/v2\/pages\/1603\/revisions\/1706"}],"up":[{"embeddable":true,"href":"https:\/\/eventos.crp.ufv.br\/jogosdigitais\/index.php?rest_route=\/wp\/v2\/pages\/1594"}],"wp:attachment":[{"href":"https:\/\/eventos.crp.ufv.br\/jogosdigitais\/index.php?rest_route=%2Fwp%2Fv2%2Fmedia&parent=1603"}],"curies":[{"name":"wp","href":"https:\/\/api.w.org\/{rel}","templated":true}]}}