{"id":1614,"date":"2024-08-09T23:14:43","date_gmt":"2024-08-10T02:14:43","guid":{"rendered":"https:\/\/eventos.crp.ufv.br\/jogosdigitais\/?page_id=1614"},"modified":"2024-10-07T22:08:21","modified_gmt":"2024-10-08T01:08:21","slug":"bioventure","status":"publish","type":"page","link":"https:\/\/eventos.crp.ufv.br\/jogosdigitais\/?page_id=1614","title":{"rendered":"Bioventure"},"content":{"rendered":"<p><img loading=\"lazy\" decoding=\"async\" class=\"alignnone size-medium wp-image-1616\" src=\"https:\/\/eventos.crp.ufv.br\/jogosdigitais\/wp-content\/uploads\/2024\/08\/Menu_caio-300x168.png\" alt=\"\" width=\"300\" height=\"168\" srcset=\"https:\/\/eventos.crp.ufv.br\/jogosdigitais\/wp-content\/uploads\/2024\/08\/Menu_caio-300x168.png 300w, https:\/\/eventos.crp.ufv.br\/jogosdigitais\/wp-content\/uploads\/2024\/08\/Menu_caio-768x431.png 768w, https:\/\/eventos.crp.ufv.br\/jogosdigitais\/wp-content\/uploads\/2024\/08\/Menu_caio-1024x575.png 1024w, https:\/\/eventos.crp.ufv.br\/jogosdigitais\/wp-content\/uploads\/2024\/08\/Menu_caio-500x281.png 500w, https:\/\/eventos.crp.ufv.br\/jogosdigitais\/wp-content\/uploads\/2024\/08\/Menu_caio.png 1600w\" sizes=\"auto, (max-width: 300px) 100vw, 300px\" \/><\/p>\n<p><strong>Bioventure<\/strong><br \/>\n<strong>S\u00e9ries: 7\u00ba ano.<\/strong><br \/>\n<strong>Conte\u00fado: Dengue, Microbiologia, Ecologia, Seres Vivos, Vegetais<\/strong><\/p>\n<p>Em Bioventure: Desafio Biol\u00f3gico, os alunos do s\u00e9timo ano embarcam em uma jornada educativa ao lado de Tico, explorando as \u00e1reas ao redor de sua cidade. O jogo desafia os jogadores a combater focos de dengue, conscientizar a popula\u00e7\u00e3o local e enfrentar inimigos enquanto respondem a perguntas sobre microbiologia, ecologia, seres vivos e vegetais. Com uma combina\u00e7\u00e3o de aventura e aprendizado, Bioventure oferece uma maneira din\u00e2mica e interativa de refor\u00e7ar os conhecimentos de Ci\u00eancias.<\/p>\n<p><strong>Download:<\/strong><\/p>\n<p><strong><a href=\"https:\/\/drive.usercontent.google.com\/u\/1\/uc?id=1Suqe_TZ9Z_8OWLYS0yYKyAqybYdtykaz&amp;export=download\"><img loading=\"lazy\" decoding=\"async\" class=\"alignnone wp-image-1501\" src=\"https:\/\/eventos.crp.ufv.br\/jogosdigitais\/wp-content\/uploads\/2023\/06\/windows-150x150.png\" width=\"50\" height=\"50\" srcset=\"https:\/\/eventos.crp.ufv.br\/jogosdigitais\/wp-content\/uploads\/2023\/06\/windows-150x150.png 150w, https:\/\/eventos.crp.ufv.br\/jogosdigitais\/wp-content\/uploads\/2023\/06\/windows.png 256w\" sizes=\"auto, (max-width: 50px) 100vw, 50px\" \/><\/a><img loading=\"lazy\" decoding=\"async\" class=\"alignnone wp-image-1502\" src=\"https:\/\/eventos.crp.ufv.br\/jogosdigitais\/wp-content\/uploads\/2023\/06\/linux-150x150.png\" width=\"50\" height=\"50\" srcset=\"https:\/\/eventos.crp.ufv.br\/jogosdigitais\/wp-content\/uploads\/2023\/06\/linux-150x150.png 150w, https:\/\/eventos.crp.ufv.br\/jogosdigitais\/wp-content\/uploads\/2023\/06\/linux.png 256w\" sizes=\"auto, (max-width: 50px) 100vw, 50px\" \/><img loading=\"lazy\" decoding=\"async\" class=\"alignnone wp-image-1503\" src=\"https:\/\/eventos.crp.ufv.br\/jogosdigitais\/wp-content\/uploads\/2023\/06\/android-150x150.png\" width=\"50\" height=\"50\" srcset=\"https:\/\/eventos.crp.ufv.br\/jogosdigitais\/wp-content\/uploads\/2023\/06\/android-150x150.png 150w, https:\/\/eventos.crp.ufv.br\/jogosdigitais\/wp-content\/uploads\/2023\/06\/android.png 256w\" sizes=\"auto, (max-width: 50px) 100vw, 50px\" \/><\/strong><\/p>\n<p><strong>Tutorial de instala\u00e7\u00e3o:<\/strong><br \/>\n<a href=\"https:\/\/drive.google.com\/file\/d\/1q9fHXbxAS5e4ISrz66lANoTYMtkQQ_9K\/view?usp=drive_link\">Link<\/a><\/p>\n<p><img loading=\"lazy\" decoding=\"async\" class=\"alignnone size-full wp-image-1615\" src=\"https:\/\/eventos.crp.ufv.br\/jogosdigitais\/wp-content\/uploads\/2024\/08\/Foto_Caio.png\" alt=\"\" width=\"701\" height=\"691\" srcset=\"https:\/\/eventos.crp.ufv.br\/jogosdigitais\/wp-content\/uploads\/2024\/08\/Foto_Caio.png 701w, https:\/\/eventos.crp.ufv.br\/jogosdigitais\/wp-content\/uploads\/2024\/08\/Foto_Caio-300x296.png 300w, https:\/\/eventos.crp.ufv.br\/jogosdigitais\/wp-content\/uploads\/2024\/08\/Foto_Caio-304x300.png 304w\" sizes=\"auto, (max-width: 701px) 100vw, 701px\" \/><\/p>\n","protected":false},"excerpt":{"rendered":"<p>Bioventure S\u00e9ries: 7\u00ba ano. Conte\u00fado: Dengue, Microbiologia, Ecologia, Seres Vivos, Vegetais Em Bioventure: Desafio Biol\u00f3gico, os alunos do s\u00e9timo ano embarcam em uma jornada educativa ao lado de Tico, explorando as \u00e1reas ao redor de sua cidade. O jogo desafia &hellip; <a href=\"https:\/\/eventos.crp.ufv.br\/jogosdigitais\/?page_id=1614\">Leia mais<\/a><\/p>\n","protected":false},"author":5,"featured_media":0,"parent":1594,"menu_order":0,"comment_status":"closed","ping_status":"closed","template":"","meta":{"footnotes":""},"class_list":["post-1614","page","type-page","status-publish","hentry"],"_links":{"self":[{"href":"https:\/\/eventos.crp.ufv.br\/jogosdigitais\/index.php?rest_route=\/wp\/v2\/pages\/1614","targetHints":{"allow":["GET"]}}],"collection":[{"href":"https:\/\/eventos.crp.ufv.br\/jogosdigitais\/index.php?rest_route=\/wp\/v2\/pages"}],"about":[{"href":"https:\/\/eventos.crp.ufv.br\/jogosdigitais\/index.php?rest_route=\/wp\/v2\/types\/page"}],"author":[{"embeddable":true,"href":"https:\/\/eventos.crp.ufv.br\/jogosdigitais\/index.php?rest_route=\/wp\/v2\/users\/5"}],"replies":[{"embeddable":true,"href":"https:\/\/eventos.crp.ufv.br\/jogosdigitais\/index.php?rest_route=%2Fwp%2Fv2%2Fcomments&post=1614"}],"version-history":[{"count":3,"href":"https:\/\/eventos.crp.ufv.br\/jogosdigitais\/index.php?rest_route=\/wp\/v2\/pages\/1614\/revisions"}],"predecessor-version":[{"id":1699,"href":"https:\/\/eventos.crp.ufv.br\/jogosdigitais\/index.php?rest_route=\/wp\/v2\/pages\/1614\/revisions\/1699"}],"up":[{"embeddable":true,"href":"https:\/\/eventos.crp.ufv.br\/jogosdigitais\/index.php?rest_route=\/wp\/v2\/pages\/1594"}],"wp:attachment":[{"href":"https:\/\/eventos.crp.ufv.br\/jogosdigitais\/index.php?rest_route=%2Fwp%2Fv2%2Fmedia&parent=1614"}],"curies":[{"name":"wp","href":"https:\/\/api.w.org\/{rel}","templated":true}]}}