{"id":1623,"date":"2024-08-09T23:21:27","date_gmt":"2024-08-10T02:21:27","guid":{"rendered":"https:\/\/eventos.crp.ufv.br\/jogosdigitais\/?page_id=1623"},"modified":"2025-07-08T15:35:08","modified_gmt":"2025-07-08T18:35:08","slug":"odisseia-a-sabedoria-a-jornada-de-atenas","status":"publish","type":"page","link":"https:\/\/eventos.crp.ufv.br\/jogosdigitais\/?page_id=1623","title":{"rendered":"Odisseia \u00e0 Sabedoria &#8211; A Jornada de Atenas"},"content":{"rendered":"<p><img loading=\"lazy\" decoding=\"async\" class=\"alignnone size-medium wp-image-1625\" src=\"https:\/\/eventos.crp.ufv.br\/jogosdigitais\/wp-content\/uploads\/2024\/08\/menu_mikaeli-300x141.png\" alt=\"\" width=\"300\" height=\"141\" srcset=\"https:\/\/eventos.crp.ufv.br\/jogosdigitais\/wp-content\/uploads\/2024\/08\/menu_mikaeli-300x141.png 300w, https:\/\/eventos.crp.ufv.br\/jogosdigitais\/wp-content\/uploads\/2024\/08\/menu_mikaeli-768x362.png 768w, https:\/\/eventos.crp.ufv.br\/jogosdigitais\/wp-content\/uploads\/2024\/08\/menu_mikaeli-1024x483.png 1024w, https:\/\/eventos.crp.ufv.br\/jogosdigitais\/wp-content\/uploads\/2024\/08\/menu_mikaeli-500x236.png 500w, https:\/\/eventos.crp.ufv.br\/jogosdigitais\/wp-content\/uploads\/2024\/08\/menu_mikaeli.png 1920w\" sizes=\"auto, (max-width: 300px) 100vw, 300px\" \/><\/p>\n<p><b>Odisseia \u00e0 Sabedoria &#8211; A Jornada de Atenas<\/b><\/p>\n<p><strong>S\u00e9ries: 6\u2070 \u00e0 9\u2070 (fundamental II)<\/strong><br \/>\n<strong>Conte\u00fado: Hist\u00f3ria da Gr\u00e9cia Antiga<\/strong><\/p>\n<p><span style=\"font-weight: 400;\">O jogo Odisseia \u00e0 Sabedoria &#8211; A Jornada de Atenas, acompanha a trajet\u00f3ria de John, um arque\u00f3logo que misteriosamente volta no tempo para fazer o Imp\u00e9rio Grego Antigo onde ele passa por v\u00e1rios ambientes historiogr\u00e1ficos at\u00e9 conseguir voltar para o seu tempo. O jogo permite aos alunos uma imers\u00e3o nos eventos hist\u00f3ricos tornando-os mais cativantes e funcionais.<\/span><\/p>\n<p><strong>Download:<\/strong><\/p>\n<p><strong><a href=\"https:\/\/drive.google.com\/drive\/folders\/1YV59lSulIubM7mtCO4IxbrbF1jvL4yMn?usp=sharing\" target=\"_blank\"><img loading=\"lazy\" decoding=\"async\" class=\"alignnone wp-image-1501\" src=\"https:\/\/eventos.crp.ufv.br\/jogosdigitais\/wp-content\/uploads\/2023\/06\/windows-150x150.png\" width=\"50\" height=\"50\" srcset=\"https:\/\/eventos.crp.ufv.br\/jogosdigitais\/wp-content\/uploads\/2023\/06\/windows-150x150.png 150w, https:\/\/eventos.crp.ufv.br\/jogosdigitais\/wp-content\/uploads\/2023\/06\/windows.png 256w\" sizes=\"auto, (max-width: 50px) 100vw, 50px\" \/><\/a><a href=\"https:\/\/drive.usercontent.google.com\/u\/1\/uc?id=17WwZ3v7UZKM7HqVe8XH7y16yH5SADDa1&amp;export=download\" target=\"_blank\"><img loading=\"lazy\" decoding=\"async\" class=\"alignnone wp-image-1502\" src=\"https:\/\/eventos.crp.ufv.br\/jogosdigitais\/wp-content\/uploads\/2023\/06\/linux-150x150.png\" width=\"50\" height=\"50\" srcset=\"https:\/\/eventos.crp.ufv.br\/jogosdigitais\/wp-content\/uploads\/2023\/06\/linux-150x150.png 150w, https:\/\/eventos.crp.ufv.br\/jogosdigitais\/wp-content\/uploads\/2023\/06\/linux.png 256w\" sizes=\"auto, (max-width: 50px) 100vw, 50px\" \/><\/a><img loading=\"lazy\" decoding=\"async\" class=\"alignnone wp-image-1503\" src=\"https:\/\/eventos.crp.ufv.br\/jogosdigitais\/wp-content\/uploads\/2023\/06\/android-150x150.png\" width=\"50\" height=\"50\" srcset=\"https:\/\/eventos.crp.ufv.br\/jogosdigitais\/wp-content\/uploads\/2023\/06\/android-150x150.png 150w, https:\/\/eventos.crp.ufv.br\/jogosdigitais\/wp-content\/uploads\/2023\/06\/android.png 256w\" sizes=\"auto, (max-width: 50px) 100vw, 50px\" \/><\/strong><\/p>\n<p><strong>Tutorial de instala\u00e7\u00e3o:<\/strong><br \/>\n<a href=\"https:\/\/drive.google.com\/file\/d\/1q9fHXbxAS5e4ISrz66lANoTYMtkQQ_9K\/view?usp=drive_link\">Link<\/a><\/p>\n<p><img loading=\"lazy\" decoding=\"async\" class=\"alignnone size-large wp-image-1624\" src=\"https:\/\/eventos.crp.ufv.br\/jogosdigitais\/wp-content\/uploads\/2024\/08\/foto_mikaeli-768x1024.jpg\" alt=\"\" width=\"584\" height=\"779\" srcset=\"https:\/\/eventos.crp.ufv.br\/jogosdigitais\/wp-content\/uploads\/2024\/08\/foto_mikaeli-768x1024.jpg 768w, https:\/\/eventos.crp.ufv.br\/jogosdigitais\/wp-content\/uploads\/2024\/08\/foto_mikaeli-225x300.jpg 225w\" sizes=\"auto, (max-width: 584px) 100vw, 584px\" \/><\/p>\n","protected":false},"excerpt":{"rendered":"<p>Odisseia \u00e0 Sabedoria &#8211; A Jornada de Atenas S\u00e9ries: 6\u2070 \u00e0 9\u2070 (fundamental II) Conte\u00fado: Hist\u00f3ria da Gr\u00e9cia Antiga O jogo Odisseia \u00e0 Sabedoria &#8211; A Jornada de Atenas, acompanha a trajet\u00f3ria de John, um arque\u00f3logo que misteriosamente volta no &hellip; <a href=\"https:\/\/eventos.crp.ufv.br\/jogosdigitais\/?page_id=1623\">Leia mais<\/a><\/p>\n","protected":false},"author":5,"featured_media":0,"parent":1594,"menu_order":0,"comment_status":"closed","ping_status":"closed","template":"","meta":{"footnotes":""},"class_list":["post-1623","page","type-page","status-publish","hentry"],"_links":{"self":[{"href":"https:\/\/eventos.crp.ufv.br\/jogosdigitais\/index.php?rest_route=\/wp\/v2\/pages\/1623","targetHints":{"allow":["GET"]}}],"collection":[{"href":"https:\/\/eventos.crp.ufv.br\/jogosdigitais\/index.php?rest_route=\/wp\/v2\/pages"}],"about":[{"href":"https:\/\/eventos.crp.ufv.br\/jogosdigitais\/index.php?rest_route=\/wp\/v2\/types\/page"}],"author":[{"embeddable":true,"href":"https:\/\/eventos.crp.ufv.br\/jogosdigitais\/index.php?rest_route=\/wp\/v2\/users\/5"}],"replies":[{"embeddable":true,"href":"https:\/\/eventos.crp.ufv.br\/jogosdigitais\/index.php?rest_route=%2Fwp%2Fv2%2Fcomments&post=1623"}],"version-history":[{"count":6,"href":"https:\/\/eventos.crp.ufv.br\/jogosdigitais\/index.php?rest_route=\/wp\/v2\/pages\/1623\/revisions"}],"predecessor-version":[{"id":1973,"href":"https:\/\/eventos.crp.ufv.br\/jogosdigitais\/index.php?rest_route=\/wp\/v2\/pages\/1623\/revisions\/1973"}],"up":[{"embeddable":true,"href":"https:\/\/eventos.crp.ufv.br\/jogosdigitais\/index.php?rest_route=\/wp\/v2\/pages\/1594"}],"wp:attachment":[{"href":"https:\/\/eventos.crp.ufv.br\/jogosdigitais\/index.php?rest_route=%2Fwp%2Fv2%2Fmedia&parent=1623"}],"curies":[{"name":"wp","href":"https:\/\/api.w.org\/{rel}","templated":true}]}}