{"id":1690,"date":"2024-09-30T21:53:03","date_gmt":"2024-10-01T00:53:03","guid":{"rendered":"https:\/\/eventos.crp.ufv.br\/jogosdigitais\/?page_id=1690"},"modified":"2024-10-14T11:30:43","modified_gmt":"2024-10-14T14:30:43","slug":"linguaventura-ii","status":"publish","type":"page","link":"https:\/\/eventos.crp.ufv.br\/jogosdigitais\/?page_id=1690","title":{"rendered":"Linguaventura II"},"content":{"rendered":"<p><img loading=\"lazy\" decoding=\"async\" class=\"alignnone size-medium wp-image-1692\" src=\"https:\/\/eventos.crp.ufv.br\/jogosdigitais\/wp-content\/uploads\/2024\/09\/Menu_Johnathan-300x169.jpg\" alt=\"\" width=\"300\" height=\"169\" srcset=\"https:\/\/eventos.crp.ufv.br\/jogosdigitais\/wp-content\/uploads\/2024\/09\/Menu_Johnathan-300x169.jpg 300w, https:\/\/eventos.crp.ufv.br\/jogosdigitais\/wp-content\/uploads\/2024\/09\/Menu_Johnathan-768x432.jpg 768w, https:\/\/eventos.crp.ufv.br\/jogosdigitais\/wp-content\/uploads\/2024\/09\/Menu_Johnathan-1024x576.jpg 1024w, https:\/\/eventos.crp.ufv.br\/jogosdigitais\/wp-content\/uploads\/2024\/09\/Menu_Johnathan-500x281.jpg 500w, https:\/\/eventos.crp.ufv.br\/jogosdigitais\/wp-content\/uploads\/2024\/09\/Menu_Johnathan.jpg 1280w\" sizes=\"auto, (max-width: 300px) 100vw, 300px\" \/><\/p>\n<p><strong>Jogo: Linguaventura II<\/strong><br \/>\n<strong>S\u00e9ries: 8\u00ba\/9\u00ba ano (anos finais)<br \/>\nConte\u00fado:\u00a0Ora\u00e7\u00f5es, Verbos e seus complementos, Vozes Verbais, Concord\u00e2ncia Verbal.<\/strong><\/p>\n<p>Lexiconum est\u00e1 sob perigo. Pedro, o carrasco acad\u00eamico aproveitou-se de sua influ\u00eancia para poder se aproveitar de um antigo feiti\u00e7o proibido: o arcanum verborum. Os aprendizes de magia foram orientados desde sempre a ficarem bem longe e n\u00e3o praticarem as magias das trevas. Por\u00e9m, com tanto conhecimento, Pedro acabou se rendendo \u00e0s trevas, castigando os alunos que n\u00e3o atingiam o grau de excel\u00eancia com seu ensino.<br \/>\nPedro precisa ser derrotado. E seus conhecimentos, al\u00e9m da sua magia, ser\u00e3o para mostrar a sua capacidade perante\u00a0a\u00a0Pedro.<\/p>\n<p><strong>Download:<\/strong><\/p>\n<p><strong><a href=\"https:\/\/drive.usercontent.google.com\/u\/1\/uc?id=18ORC9-hWB9OQBDjED8cFxELD_IlvEK9Q&amp;export=download\" target=\"_blank\"><img loading=\"lazy\" decoding=\"async\" class=\"alignnone wp-image-1501\" src=\"https:\/\/eventos.crp.ufv.br\/jogosdigitais\/wp-content\/uploads\/2023\/06\/windows-150x150.png\" width=\"50\" height=\"50\" srcset=\"https:\/\/eventos.crp.ufv.br\/jogosdigitais\/wp-content\/uploads\/2023\/06\/windows-150x150.png 150w, https:\/\/eventos.crp.ufv.br\/jogosdigitais\/wp-content\/uploads\/2023\/06\/windows.png 256w\" sizes=\"auto, (max-width: 50px) 100vw, 50px\" \/><\/a><a href=\"https:\/\/drive.google.com\/file\/d\/1N4vx4GS7JR8HyfLwbPr3INP2Gow6VT_4\/view?usp=drive_link\" target=\"_blank\"><img loading=\"lazy\" decoding=\"async\" class=\"alignnone wp-image-1502\" src=\"https:\/\/eventos.crp.ufv.br\/jogosdigitais\/wp-content\/uploads\/2023\/06\/linux-150x150.png\" width=\"50\" height=\"50\" srcset=\"https:\/\/eventos.crp.ufv.br\/jogosdigitais\/wp-content\/uploads\/2023\/06\/linux-150x150.png 150w, https:\/\/eventos.crp.ufv.br\/jogosdigitais\/wp-content\/uploads\/2023\/06\/linux.png 256w\" sizes=\"auto, (max-width: 50px) 100vw, 50px\" \/><\/a><a href=\"https:\/\/drive.usercontent.google.com\/u\/1\/uc?id=1ksv4u1Nw9LPppgJuzB9qSnhIz2Qk5k2E&amp;export=download\" target=\"_blank\"><img loading=\"lazy\" decoding=\"async\" class=\"alignnone wp-image-1503\" src=\"https:\/\/eventos.crp.ufv.br\/jogosdigitais\/wp-content\/uploads\/2023\/06\/android-150x150.png\" width=\"50\" height=\"50\" srcset=\"https:\/\/eventos.crp.ufv.br\/jogosdigitais\/wp-content\/uploads\/2023\/06\/android-150x150.png 150w, https:\/\/eventos.crp.ufv.br\/jogosdigitais\/wp-content\/uploads\/2023\/06\/android.png 256w\" sizes=\"auto, (max-width: 50px) 100vw, 50px\" \/><\/a><\/strong><\/p>\n<p><strong>Tutorial de instala\u00e7\u00e3o:<\/strong><br \/>\n<a href=\"https:\/\/drive.google.com\/file\/d\/1q9fHXbxAS5e4ISrz66lANoTYMtkQQ_9K\/view?usp=drive_link\">Link<\/a><\/p>\n<p><img loading=\"lazy\" decoding=\"async\" class=\"alignnone size-large wp-image-1691\" src=\"https:\/\/eventos.crp.ufv.br\/jogosdigitais\/wp-content\/uploads\/2024\/09\/Johnathan-790x1024.jpg\" alt=\"\" width=\"584\" height=\"757\" srcset=\"https:\/\/eventos.crp.ufv.br\/jogosdigitais\/wp-content\/uploads\/2024\/09\/Johnathan-790x1024.jpg 790w, https:\/\/eventos.crp.ufv.br\/jogosdigitais\/wp-content\/uploads\/2024\/09\/Johnathan-232x300.jpg 232w, https:\/\/eventos.crp.ufv.br\/jogosdigitais\/wp-content\/uploads\/2024\/09\/Johnathan-768x995.jpg 768w, https:\/\/eventos.crp.ufv.br\/jogosdigitais\/wp-content\/uploads\/2024\/09\/Johnathan.jpg 988w\" sizes=\"auto, (max-width: 584px) 100vw, 584px\" \/><\/p>\n","protected":false},"excerpt":{"rendered":"<p>Jogo: Linguaventura II S\u00e9ries: 8\u00ba\/9\u00ba ano (anos finais) Conte\u00fado:\u00a0Ora\u00e7\u00f5es, Verbos e seus complementos, Vozes Verbais, Concord\u00e2ncia Verbal. Lexiconum est\u00e1 sob perigo. Pedro, o carrasco acad\u00eamico aproveitou-se de sua influ\u00eancia para poder se aproveitar de um antigo feiti\u00e7o proibido: o arcanum &hellip; <a href=\"https:\/\/eventos.crp.ufv.br\/jogosdigitais\/?page_id=1690\">Leia mais<\/a><\/p>\n","protected":false},"author":5,"featured_media":0,"parent":1594,"menu_order":0,"comment_status":"closed","ping_status":"closed","template":"","meta":{"footnotes":""},"class_list":["post-1690","page","type-page","status-publish","hentry"],"_links":{"self":[{"href":"https:\/\/eventos.crp.ufv.br\/jogosdigitais\/index.php?rest_route=\/wp\/v2\/pages\/1690","targetHints":{"allow":["GET"]}}],"collection":[{"href":"https:\/\/eventos.crp.ufv.br\/jogosdigitais\/index.php?rest_route=\/wp\/v2\/pages"}],"about":[{"href":"https:\/\/eventos.crp.ufv.br\/jogosdigitais\/index.php?rest_route=\/wp\/v2\/types\/page"}],"author":[{"embeddable":true,"href":"https:\/\/eventos.crp.ufv.br\/jogosdigitais\/index.php?rest_route=\/wp\/v2\/users\/5"}],"replies":[{"embeddable":true,"href":"https:\/\/eventos.crp.ufv.br\/jogosdigitais\/index.php?rest_route=%2Fwp%2Fv2%2Fcomments&post=1690"}],"version-history":[{"count":7,"href":"https:\/\/eventos.crp.ufv.br\/jogosdigitais\/index.php?rest_route=\/wp\/v2\/pages\/1690\/revisions"}],"predecessor-version":[{"id":1771,"href":"https:\/\/eventos.crp.ufv.br\/jogosdigitais\/index.php?rest_route=\/wp\/v2\/pages\/1690\/revisions\/1771"}],"up":[{"embeddable":true,"href":"https:\/\/eventos.crp.ufv.br\/jogosdigitais\/index.php?rest_route=\/wp\/v2\/pages\/1594"}],"wp:attachment":[{"href":"https:\/\/eventos.crp.ufv.br\/jogosdigitais\/index.php?rest_route=%2Fwp%2Fv2%2Fmedia&parent=1690"}],"curies":[{"name":"wp","href":"https:\/\/api.w.org\/{rel}","templated":true}]}}