{"id":1829,"date":"2025-06-18T16:48:38","date_gmt":"2025-06-18T19:48:38","guid":{"rendered":"https:\/\/eventos.crp.ufv.br\/jogosdigitais\/?page_id=1829"},"modified":"2025-07-08T14:32:52","modified_gmt":"2025-07-08T17:32:52","slug":"aventura-fracionada","status":"publish","type":"page","link":"https:\/\/eventos.crp.ufv.br\/jogosdigitais\/?page_id=1829","title":{"rendered":"Aventura Fracionada"},"content":{"rendered":"<p><img loading=\"lazy\" decoding=\"async\" class=\"alignnone wp-image-1833 size-medium\" src=\"https:\/\/eventos.crp.ufv.br\/jogosdigitais\/wp-content\/uploads\/2025\/06\/MENU-AVENTURA-FRACIOANDA-300x167.png\" width=\"300\" height=\"167\" srcset=\"https:\/\/eventos.crp.ufv.br\/jogosdigitais\/wp-content\/uploads\/2025\/06\/MENU-AVENTURA-FRACIOANDA-300x167.png 300w, https:\/\/eventos.crp.ufv.br\/jogosdigitais\/wp-content\/uploads\/2025\/06\/MENU-AVENTURA-FRACIOANDA-768x429.png 768w, https:\/\/eventos.crp.ufv.br\/jogosdigitais\/wp-content\/uploads\/2025\/06\/MENU-AVENTURA-FRACIOANDA-1024x571.png 1024w, https:\/\/eventos.crp.ufv.br\/jogosdigitais\/wp-content\/uploads\/2025\/06\/MENU-AVENTURA-FRACIOANDA-500x279.png 500w, https:\/\/eventos.crp.ufv.br\/jogosdigitais\/wp-content\/uploads\/2025\/06\/MENU-AVENTURA-FRACIOANDA.png 1507w\" sizes=\"auto, (max-width: 300px) 100vw, 300px\" \/><\/p>\n<p><strong>Aventura Fracionada<\/strong><br \/>\n<strong>S\u00e9rie: 6\u00ba a 9\u00ba Fundamental II.<\/strong><br \/>\n<strong>Conte\u00fado: Fra\u00e7\u00e3o &#8211; Matem\u00e1tica.<\/strong><br \/>\nO jogador assume o papel de &#8220;Peter Read&#8221;, explorando diversos mapas e cidades, auxiliando NPCs em desafios propostos e sendo recompensado com moedas. O jogo conta com situa\u00e7\u00f5es habituais do cotidiano de todos, a intera\u00e7\u00e3o com os estabelecimentos e elementos do mapa oferecem um prop\u00f3sito claro ao jogador, fazendo com que as fra\u00e7\u00f5es\u00a0 deixem de ser abstratas e passem a ter uma representa\u00e7\u00e3o concreta e visual.<\/p>\n<hr \/>\n<p><strong>Contato do Criador:<\/strong><br \/>\n@pee.lemos<\/p>\n<p>pedro.lemosmariano@gmail.com<\/p>\n<p><img loading=\"lazy\" decoding=\"async\" class=\"alignnone wp-image-1835\" src=\"https:\/\/eventos.crp.ufv.br\/jogosdigitais\/wp-content\/uploads\/2025\/06\/IMG_5368-300x169.jpg\" width=\"240\" height=\"135\" srcset=\"https:\/\/eventos.crp.ufv.br\/jogosdigitais\/wp-content\/uploads\/2025\/06\/IMG_5368-300x169.jpg 300w, https:\/\/eventos.crp.ufv.br\/jogosdigitais\/wp-content\/uploads\/2025\/06\/IMG_5368-768x432.jpg 768w, https:\/\/eventos.crp.ufv.br\/jogosdigitais\/wp-content\/uploads\/2025\/06\/IMG_5368-1024x576.jpg 1024w, https:\/\/eventos.crp.ufv.br\/jogosdigitais\/wp-content\/uploads\/2025\/06\/IMG_5368-500x281.jpg 500w\" sizes=\"auto, (max-width: 240px) 100vw, 240px\" \/><\/p>\n<hr \/>\n<p><strong>Download:<\/strong><\/p>\n<p><strong><a href=\"https:\/\/drive.google.com\/drive\/folders\/175E09Lrau507vxgcUwF07L_cD2oqR4Rj?usp=sharing\" target=\"_blank\"><img loading=\"lazy\" decoding=\"async\" class=\"alignnone wp-image-1501\" src=\"https:\/\/eventos.crp.ufv.br\/jogosdigitais\/wp-content\/uploads\/2023\/06\/windows-150x150.png\" width=\"50\" height=\"50\" srcset=\"https:\/\/eventos.crp.ufv.br\/jogosdigitais\/wp-content\/uploads\/2023\/06\/windows-150x150.png 150w, https:\/\/eventos.crp.ufv.br\/jogosdigitais\/wp-content\/uploads\/2023\/06\/windows.png 256w\" sizes=\"auto, (max-width: 50px) 100vw, 50px\" \/><\/a><a href=\"https:\/\/drive.google.com\/drive\/folders\/1qU6v5Y-L9Fsy7jwFV7pCA1E83CnWWyHm?usp=sharing\"><img loading=\"lazy\" decoding=\"async\" class=\"alignnone wp-image-1502\" src=\"https:\/\/eventos.crp.ufv.br\/jogosdigitais\/wp-content\/uploads\/2023\/06\/linux-150x150.png\" width=\"50\" height=\"50\" srcset=\"https:\/\/eventos.crp.ufv.br\/jogosdigitais\/wp-content\/uploads\/2023\/06\/linux-150x150.png 150w, https:\/\/eventos.crp.ufv.br\/jogosdigitais\/wp-content\/uploads\/2023\/06\/linux.png 256w\" sizes=\"auto, (max-width: 50px) 100vw, 50px\" \/><\/a><\/strong><\/p>\n<p><strong>Tutorial de instala\u00e7\u00e3o:<\/strong><br \/>\n<a href=\"https:\/\/drive.google.com\/file\/d\/1q9fHXbxAS5e4ISrz66lANoTYMtkQQ_9K\/view?usp=drive_link\">Link<br \/>\n<\/a><\/p>\n<hr \/>\n<p><strong>Galeria<\/strong><\/p>\n<p><img loading=\"lazy\" decoding=\"async\" class=\"alignnone size-medium wp-image-1840\" src=\"https:\/\/eventos.crp.ufv.br\/jogosdigitais\/wp-content\/uploads\/2025\/06\/IMG-20250622-WA0004-300x147.jpg\" alt=\"\" width=\"300\" height=\"147\" srcset=\"https:\/\/eventos.crp.ufv.br\/jogosdigitais\/wp-content\/uploads\/2025\/06\/IMG-20250622-WA0004-300x147.jpg 300w, https:\/\/eventos.crp.ufv.br\/jogosdigitais\/wp-content\/uploads\/2025\/06\/IMG-20250622-WA0004-768x377.jpg 768w, https:\/\/eventos.crp.ufv.br\/jogosdigitais\/wp-content\/uploads\/2025\/06\/IMG-20250622-WA0004-1024x502.jpg 1024w, https:\/\/eventos.crp.ufv.br\/jogosdigitais\/wp-content\/uploads\/2025\/06\/IMG-20250622-WA0004-500x245.jpg 500w, https:\/\/eventos.crp.ufv.br\/jogosdigitais\/wp-content\/uploads\/2025\/06\/IMG-20250622-WA0004.jpg 1280w\" sizes=\"auto, (max-width: 300px) 100vw, 300px\" \/> <img loading=\"lazy\" decoding=\"async\" class=\"alignnone size-medium wp-image-1841\" src=\"https:\/\/eventos.crp.ufv.br\/jogosdigitais\/wp-content\/uploads\/2025\/06\/IMG-20250622-WA0005-300x147.jpg\" alt=\"\" width=\"300\" height=\"147\" srcset=\"https:\/\/eventos.crp.ufv.br\/jogosdigitais\/wp-content\/uploads\/2025\/06\/IMG-20250622-WA0005-300x147.jpg 300w, https:\/\/eventos.crp.ufv.br\/jogosdigitais\/wp-content\/uploads\/2025\/06\/IMG-20250622-WA0005-768x377.jpg 768w, https:\/\/eventos.crp.ufv.br\/jogosdigitais\/wp-content\/uploads\/2025\/06\/IMG-20250622-WA0005-1024x502.jpg 1024w, https:\/\/eventos.crp.ufv.br\/jogosdigitais\/wp-content\/uploads\/2025\/06\/IMG-20250622-WA0005-500x245.jpg 500w, https:\/\/eventos.crp.ufv.br\/jogosdigitais\/wp-content\/uploads\/2025\/06\/IMG-20250622-WA0005.jpg 1280w\" sizes=\"auto, (max-width: 300px) 100vw, 300px\" \/><\/p>\n<p><img loading=\"lazy\" decoding=\"async\" class=\"alignnone size-medium wp-image-1842\" src=\"https:\/\/eventos.crp.ufv.br\/jogosdigitais\/wp-content\/uploads\/2025\/06\/IMG-20250622-WA0006-300x147.jpg\" alt=\"\" width=\"300\" height=\"147\" srcset=\"https:\/\/eventos.crp.ufv.br\/jogosdigitais\/wp-content\/uploads\/2025\/06\/IMG-20250622-WA0006-300x147.jpg 300w, https:\/\/eventos.crp.ufv.br\/jogosdigitais\/wp-content\/uploads\/2025\/06\/IMG-20250622-WA0006-768x377.jpg 768w, https:\/\/eventos.crp.ufv.br\/jogosdigitais\/wp-content\/uploads\/2025\/06\/IMG-20250622-WA0006-1024x502.jpg 1024w, https:\/\/eventos.crp.ufv.br\/jogosdigitais\/wp-content\/uploads\/2025\/06\/IMG-20250622-WA0006-500x245.jpg 500w, https:\/\/eventos.crp.ufv.br\/jogosdigitais\/wp-content\/uploads\/2025\/06\/IMG-20250622-WA0006.jpg 1280w\" sizes=\"auto, (max-width: 300px) 100vw, 300px\" \/> <img loading=\"lazy\" decoding=\"async\" class=\"alignnone size-medium wp-image-1843\" src=\"https:\/\/eventos.crp.ufv.br\/jogosdigitais\/wp-content\/uploads\/2025\/06\/IMG-20250622-WA0007-300x147.jpg\" alt=\"\" width=\"300\" height=\"147\" srcset=\"https:\/\/eventos.crp.ufv.br\/jogosdigitais\/wp-content\/uploads\/2025\/06\/IMG-20250622-WA0007-300x147.jpg 300w, https:\/\/eventos.crp.ufv.br\/jogosdigitais\/wp-content\/uploads\/2025\/06\/IMG-20250622-WA0007-768x377.jpg 768w, https:\/\/eventos.crp.ufv.br\/jogosdigitais\/wp-content\/uploads\/2025\/06\/IMG-20250622-WA0007-1024x502.jpg 1024w, https:\/\/eventos.crp.ufv.br\/jogosdigitais\/wp-content\/uploads\/2025\/06\/IMG-20250622-WA0007-500x245.jpg 500w, https:\/\/eventos.crp.ufv.br\/jogosdigitais\/wp-content\/uploads\/2025\/06\/IMG-20250622-WA0007.jpg 1280w\" sizes=\"auto, (max-width: 300px) 100vw, 300px\" \/><\/p>\n","protected":false},"excerpt":{"rendered":"<p>Aventura Fracionada S\u00e9rie: 6\u00ba a 9\u00ba Fundamental II. Conte\u00fado: Fra\u00e7\u00e3o &#8211; Matem\u00e1tica. O jogador assume o papel de &#8220;Peter Read&#8221;, explorando diversos mapas e cidades, auxiliando NPCs em desafios propostos e sendo recompensado com moedas. O jogo conta com situa\u00e7\u00f5es &hellip; <a href=\"https:\/\/eventos.crp.ufv.br\/jogosdigitais\/?page_id=1829\">Leia mais<\/a><\/p>\n","protected":false},"author":5,"featured_media":0,"parent":1812,"menu_order":0,"comment_status":"closed","ping_status":"closed","template":"","meta":{"footnotes":""},"class_list":["post-1829","page","type-page","status-publish","hentry"],"_links":{"self":[{"href":"https:\/\/eventos.crp.ufv.br\/jogosdigitais\/index.php?rest_route=\/wp\/v2\/pages\/1829","targetHints":{"allow":["GET"]}}],"collection":[{"href":"https:\/\/eventos.crp.ufv.br\/jogosdigitais\/index.php?rest_route=\/wp\/v2\/pages"}],"about":[{"href":"https:\/\/eventos.crp.ufv.br\/jogosdigitais\/index.php?rest_route=\/wp\/v2\/types\/page"}],"author":[{"embeddable":true,"href":"https:\/\/eventos.crp.ufv.br\/jogosdigitais\/index.php?rest_route=\/wp\/v2\/users\/5"}],"replies":[{"embeddable":true,"href":"https:\/\/eventos.crp.ufv.br\/jogosdigitais\/index.php?rest_route=%2Fwp%2Fv2%2Fcomments&post=1829"}],"version-history":[{"count":6,"href":"https:\/\/eventos.crp.ufv.br\/jogosdigitais\/index.php?rest_route=\/wp\/v2\/pages\/1829\/revisions"}],"predecessor-version":[{"id":1942,"href":"https:\/\/eventos.crp.ufv.br\/jogosdigitais\/index.php?rest_route=\/wp\/v2\/pages\/1829\/revisions\/1942"}],"up":[{"embeddable":true,"href":"https:\/\/eventos.crp.ufv.br\/jogosdigitais\/index.php?rest_route=\/wp\/v2\/pages\/1812"}],"wp:attachment":[{"href":"https:\/\/eventos.crp.ufv.br\/jogosdigitais\/index.php?rest_route=%2Fwp%2Fv2%2Fmedia&parent=1829"}],"curies":[{"name":"wp","href":"https:\/\/api.w.org\/{rel}","templated":true}]}}