{"id":1845,"date":"2025-06-23T16:42:33","date_gmt":"2025-06-23T19:42:33","guid":{"rendered":"https:\/\/eventos.crp.ufv.br\/jogosdigitais\/?page_id=1845"},"modified":"2025-07-08T14:08:16","modified_gmt":"2025-07-08T17:08:16","slug":"viajante-do-conhecimento","status":"publish","type":"page","link":"https:\/\/eventos.crp.ufv.br\/jogosdigitais\/?page_id=1845","title":{"rendered":"Viajante do Conhecimento"},"content":{"rendered":"<p><img loading=\"lazy\" decoding=\"async\" class=\"alignnone wp-image-1846 size-medium\" src=\"https:\/\/eventos.crp.ufv.br\/jogosdigitais\/wp-content\/uploads\/2025\/06\/Imagem-do-WhatsApp-de-2025-06-18-\u00e0s-16.58.12_51871f88-300x167.jpg\" width=\"300\" height=\"167\" srcset=\"https:\/\/eventos.crp.ufv.br\/jogosdigitais\/wp-content\/uploads\/2025\/06\/Imagem-do-WhatsApp-de-2025-06-18-\u00e0s-16.58.12_51871f88-300x167.jpg 300w, https:\/\/eventos.crp.ufv.br\/jogosdigitais\/wp-content\/uploads\/2025\/06\/Imagem-do-WhatsApp-de-2025-06-18-\u00e0s-16.58.12_51871f88-768x429.jpg 768w, https:\/\/eventos.crp.ufv.br\/jogosdigitais\/wp-content\/uploads\/2025\/06\/Imagem-do-WhatsApp-de-2025-06-18-\u00e0s-16.58.12_51871f88-1024x571.jpg 1024w, https:\/\/eventos.crp.ufv.br\/jogosdigitais\/wp-content\/uploads\/2025\/06\/Imagem-do-WhatsApp-de-2025-06-18-\u00e0s-16.58.12_51871f88-500x279.jpg 500w, https:\/\/eventos.crp.ufv.br\/jogosdigitais\/wp-content\/uploads\/2025\/06\/Imagem-do-WhatsApp-de-2025-06-18-\u00e0s-16.58.12_51871f88.jpg 1516w\" sizes=\"auto, (max-width: 300px) 100vw, 300px\" \/><\/p>\n<p><strong>Viajante do Conhecimento: Explorando o Brasil com um Jogo Digital\u00a0Educacional<\/strong><br \/>\n<strong>S\u00e9rie: Ensino fundamental I<\/strong><br \/>\n<strong>Conte\u00fado: Geografia, cultura.<\/strong><br \/>\nNo jogo, o estudante embarca em uma grande aventura pelo Brasil, explorando as quatro principais regi\u00f5es: Norte, Nordeste, Sudeste e Sul. Durante essa jornada, ele enfrenta diferentes desafios, responde a perguntas sobre geografia e cultura de cada regi\u00e3o e precisa superar inimigos que surgem no caminho. A cada fase, o jogador aprende novos conte\u00fados de forma divertida e interativa, enquanto avan\u00e7a por cen\u00e1rios que representam as paisagens e caracter\u00edsticas t\u00edpicas de cada local. A miss\u00e3o \u00e9 completar o percurso, acertar o maior n\u00famero de respostas e mostrar que domina os conhecimentos sobre o Brasil.<\/p>\n<hr \/>\n<p><strong>Contato do Criador:<\/strong><br \/>\n@ronald_august0<\/p>\n<p>ronald.domingos@ufv.br<\/p>\n<p>ronaldxp300@gmail.com<\/p>\n<p><img loading=\"lazy\" decoding=\"async\" class=\"alignnone wp-image-1851 size-medium\" src=\"https:\/\/eventos.crp.ufv.br\/jogosdigitais\/wp-content\/uploads\/2025\/06\/Imagem-do-WhatsApp-de-2025-06-09-\u00e0s-13.44.11_7a15c5a0-154x300.jpg\" width=\"154\" height=\"300\" srcset=\"https:\/\/eventos.crp.ufv.br\/jogosdigitais\/wp-content\/uploads\/2025\/06\/Imagem-do-WhatsApp-de-2025-06-09-\u00e0s-13.44.11_7a15c5a0-154x300.jpg 154w, https:\/\/eventos.crp.ufv.br\/jogosdigitais\/wp-content\/uploads\/2025\/06\/Imagem-do-WhatsApp-de-2025-06-09-\u00e0s-13.44.11_7a15c5a0-768x1500.jpg 768w, https:\/\/eventos.crp.ufv.br\/jogosdigitais\/wp-content\/uploads\/2025\/06\/Imagem-do-WhatsApp-de-2025-06-09-\u00e0s-13.44.11_7a15c5a0-524x1024.jpg 524w, https:\/\/eventos.crp.ufv.br\/jogosdigitais\/wp-content\/uploads\/2025\/06\/Imagem-do-WhatsApp-de-2025-06-09-\u00e0s-13.44.11_7a15c5a0.jpg 819w\" sizes=\"auto, (max-width: 154px) 100vw, 154px\" \/><\/p>\n<hr \/>\n<p><strong>Download:<\/strong><\/p>\n<p><strong><a href=\"https:\/\/drive.google.com\/drive\/folders\/14plZzqsazvJfumV26ilM_0cihEyh25O2?usp=sharing\" target=\"_blank\"><img loading=\"lazy\" decoding=\"async\" class=\"alignnone wp-image-1501\" src=\"https:\/\/eventos.crp.ufv.br\/jogosdigitais\/wp-content\/uploads\/2023\/06\/windows-150x150.png\" width=\"50\" height=\"50\" srcset=\"https:\/\/eventos.crp.ufv.br\/jogosdigitais\/wp-content\/uploads\/2023\/06\/windows-150x150.png 150w, https:\/\/eventos.crp.ufv.br\/jogosdigitais\/wp-content\/uploads\/2023\/06\/windows.png 256w\" sizes=\"auto, (max-width: 50px) 100vw, 50px\" \/><\/a><a href=\"https:\/\/drive.google.com\/drive\/folders\/10uuv5lfcbDV7xHZAXSM683FLJbWMK_CC?usp=sharing\"><img loading=\"lazy\" decoding=\"async\" class=\"alignnone wp-image-1502\" src=\"https:\/\/eventos.crp.ufv.br\/jogosdigitais\/wp-content\/uploads\/2023\/06\/linux-150x150.png\" width=\"50\" height=\"50\" srcset=\"https:\/\/eventos.crp.ufv.br\/jogosdigitais\/wp-content\/uploads\/2023\/06\/linux-150x150.png 150w, https:\/\/eventos.crp.ufv.br\/jogosdigitais\/wp-content\/uploads\/2023\/06\/linux.png 256w\" sizes=\"auto, (max-width: 50px) 100vw, 50px\" \/><\/a><a href=\"https:\/\/drive.google.com\/drive\/folders\/1DozXAm4IeOgWYPA9OVX5YuKByKCActPn?usp=sharing\"><img loading=\"lazy\" decoding=\"async\" class=\"alignnone wp-image-1503\" src=\"https:\/\/eventos.crp.ufv.br\/jogosdigitais\/wp-content\/uploads\/2023\/06\/android-150x150.png\" width=\"50\" height=\"50\" srcset=\"https:\/\/eventos.crp.ufv.br\/jogosdigitais\/wp-content\/uploads\/2023\/06\/android-150x150.png 150w, https:\/\/eventos.crp.ufv.br\/jogosdigitais\/wp-content\/uploads\/2023\/06\/android.png 256w\" sizes=\"auto, (max-width: 50px) 100vw, 50px\" \/><\/a><\/strong><\/p>\n<p><strong>Tutorial de instala\u00e7\u00e3o:<\/strong><br \/>\n<a href=\"https:\/\/drive.google.com\/file\/d\/1q9fHXbxAS5e4ISrz66lANoTYMtkQQ_9K\/view?usp=drive_link\">Link<br \/>\n<\/a><\/p>\n<hr \/>\n<p><strong>Galeria<\/strong><\/p>\n<p><img loading=\"lazy\" decoding=\"async\" class=\"alignnone size-medium wp-image-1847\" src=\"https:\/\/eventos.crp.ufv.br\/jogosdigitais\/wp-content\/uploads\/2025\/06\/IMG-20250618-WA0020-300x166.jpg\" alt=\"\" width=\"300\" height=\"166\" srcset=\"https:\/\/eventos.crp.ufv.br\/jogosdigitais\/wp-content\/uploads\/2025\/06\/IMG-20250618-WA0020-300x166.jpg 300w, https:\/\/eventos.crp.ufv.br\/jogosdigitais\/wp-content\/uploads\/2025\/06\/IMG-20250618-WA0020-768x426.jpg 768w, https:\/\/eventos.crp.ufv.br\/jogosdigitais\/wp-content\/uploads\/2025\/06\/IMG-20250618-WA0020-1024x568.jpg 1024w, https:\/\/eventos.crp.ufv.br\/jogosdigitais\/wp-content\/uploads\/2025\/06\/IMG-20250618-WA0020-500x277.jpg 500w, https:\/\/eventos.crp.ufv.br\/jogosdigitais\/wp-content\/uploads\/2025\/06\/IMG-20250618-WA0020.jpg 1041w\" sizes=\"auto, (max-width: 300px) 100vw, 300px\" \/> <img loading=\"lazy\" decoding=\"async\" class=\"alignnone size-medium wp-image-1848\" src=\"https:\/\/eventos.crp.ufv.br\/jogosdigitais\/wp-content\/uploads\/2025\/06\/IMG-20250618-WA0021-300x168.jpg\" alt=\"\" width=\"300\" height=\"168\" srcset=\"https:\/\/eventos.crp.ufv.br\/jogosdigitais\/wp-content\/uploads\/2025\/06\/IMG-20250618-WA0021-300x168.jpg 300w, https:\/\/eventos.crp.ufv.br\/jogosdigitais\/wp-content\/uploads\/2025\/06\/IMG-20250618-WA0021-768x429.jpg 768w, https:\/\/eventos.crp.ufv.br\/jogosdigitais\/wp-content\/uploads\/2025\/06\/IMG-20250618-WA0021-1024x572.jpg 1024w, https:\/\/eventos.crp.ufv.br\/jogosdigitais\/wp-content\/uploads\/2025\/06\/IMG-20250618-WA0021-500x279.jpg 500w, https:\/\/eventos.crp.ufv.br\/jogosdigitais\/wp-content\/uploads\/2025\/06\/IMG-20250618-WA0021.jpg 1038w\" sizes=\"auto, (max-width: 300px) 100vw, 300px\" \/><\/p>\n<p><img loading=\"lazy\" decoding=\"async\" class=\"alignnone size-medium wp-image-1849\" src=\"https:\/\/eventos.crp.ufv.br\/jogosdigitais\/wp-content\/uploads\/2025\/06\/IMG-20250618-WA0022-300x167.jpg\" alt=\"\" width=\"300\" height=\"167\" srcset=\"https:\/\/eventos.crp.ufv.br\/jogosdigitais\/wp-content\/uploads\/2025\/06\/IMG-20250618-WA0022-300x167.jpg 300w, https:\/\/eventos.crp.ufv.br\/jogosdigitais\/wp-content\/uploads\/2025\/06\/IMG-20250618-WA0022-768x428.jpg 768w, https:\/\/eventos.crp.ufv.br\/jogosdigitais\/wp-content\/uploads\/2025\/06\/IMG-20250618-WA0022-1024x570.jpg 1024w, https:\/\/eventos.crp.ufv.br\/jogosdigitais\/wp-content\/uploads\/2025\/06\/IMG-20250618-WA0022-500x278.jpg 500w, https:\/\/eventos.crp.ufv.br\/jogosdigitais\/wp-content\/uploads\/2025\/06\/IMG-20250618-WA0022.jpg 1038w\" sizes=\"auto, (max-width: 300px) 100vw, 300px\" \/> <img loading=\"lazy\" decoding=\"async\" class=\"alignnone size-medium wp-image-1850\" src=\"https:\/\/eventos.crp.ufv.br\/jogosdigitais\/wp-content\/uploads\/2025\/06\/IMG-20250618-WA0023-300x167.jpg\" alt=\"\" width=\"300\" height=\"167\" srcset=\"https:\/\/eventos.crp.ufv.br\/jogosdigitais\/wp-content\/uploads\/2025\/06\/IMG-20250618-WA0023-300x167.jpg 300w, https:\/\/eventos.crp.ufv.br\/jogosdigitais\/wp-content\/uploads\/2025\/06\/IMG-20250618-WA0023-768x427.jpg 768w, https:\/\/eventos.crp.ufv.br\/jogosdigitais\/wp-content\/uploads\/2025\/06\/IMG-20250618-WA0023-1024x569.jpg 1024w, https:\/\/eventos.crp.ufv.br\/jogosdigitais\/wp-content\/uploads\/2025\/06\/IMG-20250618-WA0023-500x278.jpg 500w, https:\/\/eventos.crp.ufv.br\/jogosdigitais\/wp-content\/uploads\/2025\/06\/IMG-20250618-WA0023.jpg 1040w\" sizes=\"auto, (max-width: 300px) 100vw, 300px\" \/><\/p>\n","protected":false},"excerpt":{"rendered":"<p>Viajante do Conhecimento: Explorando o Brasil com um Jogo Digital\u00a0Educacional S\u00e9rie: Ensino fundamental I Conte\u00fado: Geografia, cultura. No jogo, o estudante embarca em uma grande aventura pelo Brasil, explorando as quatro principais regi\u00f5es: Norte, Nordeste, Sudeste e Sul. Durante essa &hellip; <a href=\"https:\/\/eventos.crp.ufv.br\/jogosdigitais\/?page_id=1845\">Leia mais<\/a><\/p>\n","protected":false},"author":5,"featured_media":0,"parent":1812,"menu_order":0,"comment_status":"closed","ping_status":"closed","template":"","meta":{"footnotes":""},"class_list":["post-1845","page","type-page","status-publish","hentry"],"_links":{"self":[{"href":"https:\/\/eventos.crp.ufv.br\/jogosdigitais\/index.php?rest_route=\/wp\/v2\/pages\/1845","targetHints":{"allow":["GET"]}}],"collection":[{"href":"https:\/\/eventos.crp.ufv.br\/jogosdigitais\/index.php?rest_route=\/wp\/v2\/pages"}],"about":[{"href":"https:\/\/eventos.crp.ufv.br\/jogosdigitais\/index.php?rest_route=\/wp\/v2\/types\/page"}],"author":[{"embeddable":true,"href":"https:\/\/eventos.crp.ufv.br\/jogosdigitais\/index.php?rest_route=\/wp\/v2\/users\/5"}],"replies":[{"embeddable":true,"href":"https:\/\/eventos.crp.ufv.br\/jogosdigitais\/index.php?rest_route=%2Fwp%2Fv2%2Fcomments&post=1845"}],"version-history":[{"count":4,"href":"https:\/\/eventos.crp.ufv.br\/jogosdigitais\/index.php?rest_route=\/wp\/v2\/pages\/1845\/revisions"}],"predecessor-version":[{"id":1921,"href":"https:\/\/eventos.crp.ufv.br\/jogosdigitais\/index.php?rest_route=\/wp\/v2\/pages\/1845\/revisions\/1921"}],"up":[{"embeddable":true,"href":"https:\/\/eventos.crp.ufv.br\/jogosdigitais\/index.php?rest_route=\/wp\/v2\/pages\/1812"}],"wp:attachment":[{"href":"https:\/\/eventos.crp.ufv.br\/jogosdigitais\/index.php?rest_route=%2Fwp%2Fv2%2Fmedia&parent=1845"}],"curies":[{"name":"wp","href":"https:\/\/api.w.org\/{rel}","templated":true}]}}