{"id":1861,"date":"2025-06-23T16:52:14","date_gmt":"2025-06-23T19:52:14","guid":{"rendered":"https:\/\/eventos.crp.ufv.br\/jogosdigitais\/?page_id=1861"},"modified":"2025-07-07T15:20:00","modified_gmt":"2025-07-07T18:20:00","slug":"soletrando-desafio-da-ortografia","status":"publish","type":"page","link":"https:\/\/eventos.crp.ufv.br\/jogosdigitais\/?page_id=1861","title":{"rendered":"Soletrando: Desafio da Ortografia"},"content":{"rendered":"<p><img loading=\"lazy\" decoding=\"async\" class=\"alignnone wp-image-1864 size-medium\" src=\"https:\/\/eventos.crp.ufv.br\/jogosdigitais\/wp-content\/uploads\/2025\/06\/Menu-Inicial-300x158.png\" width=\"300\" height=\"158\" srcset=\"https:\/\/eventos.crp.ufv.br\/jogosdigitais\/wp-content\/uploads\/2025\/06\/Menu-Inicial-300x158.png 300w, https:\/\/eventos.crp.ufv.br\/jogosdigitais\/wp-content\/uploads\/2025\/06\/Menu-Inicial-768x405.png 768w, https:\/\/eventos.crp.ufv.br\/jogosdigitais\/wp-content\/uploads\/2025\/06\/Menu-Inicial-500x264.png 500w, https:\/\/eventos.crp.ufv.br\/jogosdigitais\/wp-content\/uploads\/2025\/06\/Menu-Inicial.png 811w\" sizes=\"auto, (max-width: 300px) 100vw, 300px\" \/><\/p>\n<p><strong>Soletrando: Desafio da Ortografia<\/strong><br \/>\n<strong>S\u00e9rie: 8\u00b0 e 9\u00b0 ano do Ensino Fundamental.<\/strong><br \/>\n<strong>Conte\u00fado: L\u00edngua Portuguesa.<\/strong><br \/>\n&#8220;Soletrando: Desafio da Ortografia\u201d \u00e9 um jogo digital para o aprimoramento de habilidades ortogr\u00e1ficas no Ensino Fundamental. Embora l\u00fadico, o jogo segue uma estrutura de aprendizado eficaz, com conte\u00fados e progress\u00e3o alinhados as compet\u00eancias da Base Nacional Comum Curricular (BNCC).<\/p>\n<hr \/>\n<p><strong>Contato do Criador:<\/strong><br \/>\nRicardo Jeremias Prata Filho<br \/>\n@ricardojprata<br \/>\nricardo.j.filho@ufv.br<\/p>\n<p><img loading=\"lazy\" decoding=\"async\" class=\"alignnone wp-image-1862 size-medium\" src=\"https:\/\/eventos.crp.ufv.br\/jogosdigitais\/wp-content\/uploads\/2025\/06\/Eu-223x300.png\" width=\"223\" height=\"300\" srcset=\"https:\/\/eventos.crp.ufv.br\/jogosdigitais\/wp-content\/uploads\/2025\/06\/Eu-223x300.png 223w, https:\/\/eventos.crp.ufv.br\/jogosdigitais\/wp-content\/uploads\/2025\/06\/Eu-768x1035.png 768w, https:\/\/eventos.crp.ufv.br\/jogosdigitais\/wp-content\/uploads\/2025\/06\/Eu-760x1024.png 760w, https:\/\/eventos.crp.ufv.br\/jogosdigitais\/wp-content\/uploads\/2025\/06\/Eu.png 1187w\" sizes=\"auto, (max-width: 223px) 100vw, 223px\" \/><\/p>\n<hr \/>\n<p><strong>Download:<\/strong><\/p>\n<p><strong><a href=\"https:\/\/drive.google.com\/drive\/folders\/1_KrKClbwRpmxvSoNOxfL7zy9_EKHY_-a?usp=sharing\" target=\"_blank\"><img loading=\"lazy\" decoding=\"async\" class=\"alignnone wp-image-1501\" src=\"https:\/\/eventos.crp.ufv.br\/jogosdigitais\/wp-content\/uploads\/2023\/06\/windows-150x150.png\" width=\"50\" height=\"50\" srcset=\"https:\/\/eventos.crp.ufv.br\/jogosdigitais\/wp-content\/uploads\/2023\/06\/windows-150x150.png 150w, https:\/\/eventos.crp.ufv.br\/jogosdigitais\/wp-content\/uploads\/2023\/06\/windows.png 256w\" sizes=\"auto, (max-width: 50px) 100vw, 50px\" \/><\/a><\/strong><\/p>\n<p><strong>Tutorial de instala\u00e7\u00e3o:<\/strong><br \/>\n<a href=\"https:\/\/drive.google.com\/file\/d\/1q9fHXbxAS5e4ISrz66lANoTYMtkQQ_9K\/view?usp=drive_link\">Link<br \/>\n<\/a><\/p>\n<hr \/>\n<p><strong>Galeria<\/strong><\/p>\n<p>&nbsp;<\/p>\n<p><img loading=\"lazy\" decoding=\"async\" class=\"alignnone size-medium wp-image-1863\" src=\"https:\/\/eventos.crp.ufv.br\/jogosdigitais\/wp-content\/uploads\/2025\/06\/Mapa-Mundi-300x160.png\" alt=\"\" width=\"300\" height=\"160\" srcset=\"https:\/\/eventos.crp.ufv.br\/jogosdigitais\/wp-content\/uploads\/2025\/06\/Mapa-Mundi-300x160.png 300w, https:\/\/eventos.crp.ufv.br\/jogosdigitais\/wp-content\/uploads\/2025\/06\/Mapa-Mundi-768x408.png 768w, https:\/\/eventos.crp.ufv.br\/jogosdigitais\/wp-content\/uploads\/2025\/06\/Mapa-Mundi-1024x545.png 1024w, https:\/\/eventos.crp.ufv.br\/jogosdigitais\/wp-content\/uploads\/2025\/06\/Mapa-Mundi-500x266.png 500w, https:\/\/eventos.crp.ufv.br\/jogosdigitais\/wp-content\/uploads\/2025\/06\/Mapa-Mundi.png 1098w\" sizes=\"auto, (max-width: 300px) 100vw, 300px\" \/> <img loading=\"lazy\" decoding=\"async\" class=\"alignnone size-medium wp-image-1865\" src=\"https:\/\/eventos.crp.ufv.br\/jogosdigitais\/wp-content\/uploads\/2025\/06\/Mundo-S\u00edlabas-Jogando-300x160.png\" alt=\"\" width=\"300\" height=\"160\" srcset=\"https:\/\/eventos.crp.ufv.br\/jogosdigitais\/wp-content\/uploads\/2025\/06\/Mundo-S\u00edlabas-Jogando-300x160.png 300w, https:\/\/eventos.crp.ufv.br\/jogosdigitais\/wp-content\/uploads\/2025\/06\/Mundo-S\u00edlabas-Jogando-768x409.png 768w, https:\/\/eventos.crp.ufv.br\/jogosdigitais\/wp-content\/uploads\/2025\/06\/Mundo-S\u00edlabas-Jogando-1024x546.png 1024w, https:\/\/eventos.crp.ufv.br\/jogosdigitais\/wp-content\/uploads\/2025\/06\/Mundo-S\u00edlabas-Jogando-500x266.png 500w, https:\/\/eventos.crp.ufv.br\/jogosdigitais\/wp-content\/uploads\/2025\/06\/Mundo-S\u00edlabas-Jogando.png 1096w\" sizes=\"auto, (max-width: 300px) 100vw, 300px\" \/><\/p>\n<p><img loading=\"lazy\" decoding=\"async\" class=\"alignnone size-medium wp-image-1866\" src=\"https:\/\/eventos.crp.ufv.br\/jogosdigitais\/wp-content\/uploads\/2025\/06\/Painel-Ranking-300x162.png\" alt=\"\" width=\"300\" height=\"162\" srcset=\"https:\/\/eventos.crp.ufv.br\/jogosdigitais\/wp-content\/uploads\/2025\/06\/Painel-Ranking-300x162.png 300w, https:\/\/eventos.crp.ufv.br\/jogosdigitais\/wp-content\/uploads\/2025\/06\/Painel-Ranking-768x415.png 768w, https:\/\/eventos.crp.ufv.br\/jogosdigitais\/wp-content\/uploads\/2025\/06\/Painel-Ranking-1024x553.png 1024w, https:\/\/eventos.crp.ufv.br\/jogosdigitais\/wp-content\/uploads\/2025\/06\/Painel-Ranking-500x270.png 500w, https:\/\/eventos.crp.ufv.br\/jogosdigitais\/wp-content\/uploads\/2025\/06\/Painel-Ranking.png 1092w\" sizes=\"auto, (max-width: 300px) 100vw, 300px\" \/> <img loading=\"lazy\" decoding=\"async\" class=\"alignnone size-medium wp-image-1867\" src=\"https:\/\/eventos.crp.ufv.br\/jogosdigitais\/wp-content\/uploads\/2025\/06\/Soletrando-Jogando-300x161.png\" alt=\"\" width=\"300\" height=\"161\" srcset=\"https:\/\/eventos.crp.ufv.br\/jogosdigitais\/wp-content\/uploads\/2025\/06\/Soletrando-Jogando-300x161.png 300w, https:\/\/eventos.crp.ufv.br\/jogosdigitais\/wp-content\/uploads\/2025\/06\/Soletrando-Jogando-768x411.png 768w, https:\/\/eventos.crp.ufv.br\/jogosdigitais\/wp-content\/uploads\/2025\/06\/Soletrando-Jogando-1024x549.png 1024w, https:\/\/eventos.crp.ufv.br\/jogosdigitais\/wp-content\/uploads\/2025\/06\/Soletrando-Jogando-500x268.png 500w, https:\/\/eventos.crp.ufv.br\/jogosdigitais\/wp-content\/uploads\/2025\/06\/Soletrando-Jogando.png 1090w\" sizes=\"auto, (max-width: 300px) 100vw, 300px\" \/><\/p>\n","protected":false},"excerpt":{"rendered":"<p>Soletrando: Desafio da Ortografia S\u00e9rie: 8\u00b0 e 9\u00b0 ano do Ensino Fundamental. Conte\u00fado: L\u00edngua Portuguesa. &#8220;Soletrando: Desafio da Ortografia\u201d \u00e9 um jogo digital para o aprimoramento de habilidades ortogr\u00e1ficas no Ensino Fundamental. Embora l\u00fadico, o jogo segue uma estrutura de &hellip; <a href=\"https:\/\/eventos.crp.ufv.br\/jogosdigitais\/?page_id=1861\">Leia mais<\/a><\/p>\n","protected":false},"author":5,"featured_media":0,"parent":1812,"menu_order":0,"comment_status":"closed","ping_status":"closed","template":"","meta":{"footnotes":""},"class_list":["post-1861","page","type-page","status-publish","hentry"],"_links":{"self":[{"href":"https:\/\/eventos.crp.ufv.br\/jogosdigitais\/index.php?rest_route=\/wp\/v2\/pages\/1861","targetHints":{"allow":["GET"]}}],"collection":[{"href":"https:\/\/eventos.crp.ufv.br\/jogosdigitais\/index.php?rest_route=\/wp\/v2\/pages"}],"about":[{"href":"https:\/\/eventos.crp.ufv.br\/jogosdigitais\/index.php?rest_route=\/wp\/v2\/types\/page"}],"author":[{"embeddable":true,"href":"https:\/\/eventos.crp.ufv.br\/jogosdigitais\/index.php?rest_route=\/wp\/v2\/users\/5"}],"replies":[{"embeddable":true,"href":"https:\/\/eventos.crp.ufv.br\/jogosdigitais\/index.php?rest_route=%2Fwp%2Fv2%2Fcomments&post=1861"}],"version-history":[{"count":2,"href":"https:\/\/eventos.crp.ufv.br\/jogosdigitais\/index.php?rest_route=\/wp\/v2\/pages\/1861\/revisions"}],"predecessor-version":[{"id":1906,"href":"https:\/\/eventos.crp.ufv.br\/jogosdigitais\/index.php?rest_route=\/wp\/v2\/pages\/1861\/revisions\/1906"}],"up":[{"embeddable":true,"href":"https:\/\/eventos.crp.ufv.br\/jogosdigitais\/index.php?rest_route=\/wp\/v2\/pages\/1812"}],"wp:attachment":[{"href":"https:\/\/eventos.crp.ufv.br\/jogosdigitais\/index.php?rest_route=%2Fwp%2Fv2%2Fmedia&parent=1861"}],"curies":[{"name":"wp","href":"https:\/\/api.w.org\/{rel}","templated":true}]}}