{"id":1940,"date":"2025-07-08T14:38:07","date_gmt":"2025-07-08T17:38:07","guid":{"rendered":"https:\/\/eventos.crp.ufv.br\/jogosdigitais\/?page_id=1940"},"modified":"2025-07-08T14:40:38","modified_gmt":"2025-07-08T17:40:38","slug":"math-o-ween","status":"publish","type":"page","link":"https:\/\/eventos.crp.ufv.br\/jogosdigitais\/?page_id=1940","title":{"rendered":"Math-O-Ween"},"content":{"rendered":"<p><img loading=\"lazy\" decoding=\"async\" class=\"alignnone wp-image-1947 size-medium\" src=\"https:\/\/eventos.crp.ufv.br\/jogosdigitais\/wp-content\/uploads\/2025\/07\/IMG-20250622-WA0011-300x169.jpg\" width=\"300\" height=\"169\" srcset=\"https:\/\/eventos.crp.ufv.br\/jogosdigitais\/wp-content\/uploads\/2025\/07\/IMG-20250622-WA0011-300x169.jpg 300w, https:\/\/eventos.crp.ufv.br\/jogosdigitais\/wp-content\/uploads\/2025\/07\/IMG-20250622-WA0011-768x432.jpg 768w, https:\/\/eventos.crp.ufv.br\/jogosdigitais\/wp-content\/uploads\/2025\/07\/IMG-20250622-WA0011-1024x575.jpg 1024w, https:\/\/eventos.crp.ufv.br\/jogosdigitais\/wp-content\/uploads\/2025\/07\/IMG-20250622-WA0011-500x281.jpg 500w, https:\/\/eventos.crp.ufv.br\/jogosdigitais\/wp-content\/uploads\/2025\/07\/IMG-20250622-WA0011.jpg 1600w\" sizes=\"auto, (max-width: 300px) 100vw, 300px\" \/><\/p>\n<p><strong>Math-O-Ween<\/strong><br \/>\n<strong>S\u00e9rie: 2\u00ba a 5\u00ba ano.<\/strong><br \/>\n<strong>Conte\u00fado: Quatro opera\u00e7\u00f5es matem\u00e1ticas b\u00e1sicas(adi\u00e7\u00e3o, subtra\u00e7\u00e3o, multiplica\u00e7\u00e3o e divis\u00e3o)<\/strong><br \/>\n&#8220;Math-0-Ween&#8221; \u00e9 um jogo arcade infantil que une divers\u00e3o e aprendizado matem\u00e1tico! Use poderes estrat\u00e9gicos para impedir que os inimigos alcancem o ch\u00e3o e acumule o m\u00e1ximo de pontos. Resolva desafios matem\u00e1ticos e chegue ao topo do placar!<\/p>\n<hr \/>\n<p><strong>Contato do Criador:<\/strong><br \/>\nrenato.d.coelho@ufv.br<br \/>\nrenato.d.silva.coelho@gmail.com<\/p>\n<p><img loading=\"lazy\" decoding=\"async\" class=\"alignnone wp-image-1944 size-medium\" src=\"https:\/\/eventos.crp.ufv.br\/jogosdigitais\/wp-content\/uploads\/2025\/07\/Imagem-do-WhatsApp-de-2025-06-18-\u00e0s-17.59.07_eebd96b5-300x172.jpg\" width=\"300\" height=\"172\" srcset=\"https:\/\/eventos.crp.ufv.br\/jogosdigitais\/wp-content\/uploads\/2025\/07\/Imagem-do-WhatsApp-de-2025-06-18-\u00e0s-17.59.07_eebd96b5-300x172.jpg 300w, https:\/\/eventos.crp.ufv.br\/jogosdigitais\/wp-content\/uploads\/2025\/07\/Imagem-do-WhatsApp-de-2025-06-18-\u00e0s-17.59.07_eebd96b5-768x441.jpg 768w, https:\/\/eventos.crp.ufv.br\/jogosdigitais\/wp-content\/uploads\/2025\/07\/Imagem-do-WhatsApp-de-2025-06-18-\u00e0s-17.59.07_eebd96b5-1024x588.jpg 1024w, https:\/\/eventos.crp.ufv.br\/jogosdigitais\/wp-content\/uploads\/2025\/07\/Imagem-do-WhatsApp-de-2025-06-18-\u00e0s-17.59.07_eebd96b5-500x287.jpg 500w, https:\/\/eventos.crp.ufv.br\/jogosdigitais\/wp-content\/uploads\/2025\/07\/Imagem-do-WhatsApp-de-2025-06-18-\u00e0s-17.59.07_eebd96b5.jpg 1600w\" sizes=\"auto, (max-width: 300px) 100vw, 300px\" \/><\/p>\n<hr \/>\n<p><strong>Download:<\/strong><\/p>\n<p><strong><a href=\"https:\/\/drive.google.com\/drive\/folders\/1gwwzBP9FiGf9fLSM6NjoghLVJYWfl4XB?usp=sharing\" target=\"_blank\"><img loading=\"lazy\" decoding=\"async\" class=\"alignnone wp-image-1501\" src=\"https:\/\/eventos.crp.ufv.br\/jogosdigitais\/wp-content\/uploads\/2023\/06\/windows-150x150.png\" width=\"50\" height=\"50\" srcset=\"https:\/\/eventos.crp.ufv.br\/jogosdigitais\/wp-content\/uploads\/2023\/06\/windows-150x150.png 150w, https:\/\/eventos.crp.ufv.br\/jogosdigitais\/wp-content\/uploads\/2023\/06\/windows.png 256w\" sizes=\"auto, (max-width: 50px) 100vw, 50px\" \/><\/a><a href=\"https:\/\/drive.google.com\/drive\/folders\/15T7I8jH63s4kbm4FrokvSRVVCzsBww_o?usp=sharing\"><img loading=\"lazy\" decoding=\"async\" class=\"alignnone wp-image-1502\" src=\"https:\/\/eventos.crp.ufv.br\/jogosdigitais\/wp-content\/uploads\/2023\/06\/linux-150x150.png\" width=\"50\" height=\"50\" srcset=\"https:\/\/eventos.crp.ufv.br\/jogosdigitais\/wp-content\/uploads\/2023\/06\/linux-150x150.png 150w, https:\/\/eventos.crp.ufv.br\/jogosdigitais\/wp-content\/uploads\/2023\/06\/linux.png 256w\" sizes=\"auto, (max-width: 50px) 100vw, 50px\" \/><\/a><\/strong><\/p>\n<p><strong>Tutorial de instala\u00e7\u00e3o:<\/strong><br \/>\n<a href=\"https:\/\/drive.google.com\/file\/d\/1q9fHXbxAS5e4ISrz66lANoTYMtkQQ_9K\/view?usp=drive_link\">Link<br \/>\n<\/a><\/p>\n<hr \/>\n<p><strong>Galeria<\/strong><\/p>\n<p><img loading=\"lazy\" decoding=\"async\" class=\"alignnone size-medium wp-image-1945\" src=\"https:\/\/eventos.crp.ufv.br\/jogosdigitais\/wp-content\/uploads\/2025\/07\/IMG-20250622-WA0009-300x168.jpg\" alt=\"\" width=\"300\" height=\"168\" srcset=\"https:\/\/eventos.crp.ufv.br\/jogosdigitais\/wp-content\/uploads\/2025\/07\/IMG-20250622-WA0009-300x168.jpg 300w, https:\/\/eventos.crp.ufv.br\/jogosdigitais\/wp-content\/uploads\/2025\/07\/IMG-20250622-WA0009-768x431.jpg 768w, https:\/\/eventos.crp.ufv.br\/jogosdigitais\/wp-content\/uploads\/2025\/07\/IMG-20250622-WA0009-1024x575.jpg 1024w, https:\/\/eventos.crp.ufv.br\/jogosdigitais\/wp-content\/uploads\/2025\/07\/IMG-20250622-WA0009-500x281.jpg 500w, https:\/\/eventos.crp.ufv.br\/jogosdigitais\/wp-content\/uploads\/2025\/07\/IMG-20250622-WA0009.jpg 1600w\" sizes=\"auto, (max-width: 300px) 100vw, 300px\" \/> <img loading=\"lazy\" decoding=\"async\" class=\"alignnone size-medium wp-image-1946\" src=\"https:\/\/eventos.crp.ufv.br\/jogosdigitais\/wp-content\/uploads\/2025\/07\/IMG-20250622-WA0010-300x169.jpg\" alt=\"\" width=\"300\" height=\"169\" srcset=\"https:\/\/eventos.crp.ufv.br\/jogosdigitais\/wp-content\/uploads\/2025\/07\/IMG-20250622-WA0010-300x169.jpg 300w, https:\/\/eventos.crp.ufv.br\/jogosdigitais\/wp-content\/uploads\/2025\/07\/IMG-20250622-WA0010-768x432.jpg 768w, https:\/\/eventos.crp.ufv.br\/jogosdigitais\/wp-content\/uploads\/2025\/07\/IMG-20250622-WA0010-1024x575.jpg 1024w, https:\/\/eventos.crp.ufv.br\/jogosdigitais\/wp-content\/uploads\/2025\/07\/IMG-20250622-WA0010-500x281.jpg 500w, https:\/\/eventos.crp.ufv.br\/jogosdigitais\/wp-content\/uploads\/2025\/07\/IMG-20250622-WA0010.jpg 1600w\" sizes=\"auto, (max-width: 300px) 100vw, 300px\" \/><\/p>\n<p><img loading=\"lazy\" decoding=\"async\" class=\"alignnone size-medium wp-image-1948\" src=\"https:\/\/eventos.crp.ufv.br\/jogosdigitais\/wp-content\/uploads\/2025\/07\/IMG-20250622-WA0012-300x169.jpg\" alt=\"\" width=\"300\" height=\"169\" srcset=\"https:\/\/eventos.crp.ufv.br\/jogosdigitais\/wp-content\/uploads\/2025\/07\/IMG-20250622-WA0012-300x169.jpg 300w, https:\/\/eventos.crp.ufv.br\/jogosdigitais\/wp-content\/uploads\/2025\/07\/IMG-20250622-WA0012-768x432.jpg 768w, https:\/\/eventos.crp.ufv.br\/jogosdigitais\/wp-content\/uploads\/2025\/07\/IMG-20250622-WA0012-1024x575.jpg 1024w, https:\/\/eventos.crp.ufv.br\/jogosdigitais\/wp-content\/uploads\/2025\/07\/IMG-20250622-WA0012-500x281.jpg 500w, https:\/\/eventos.crp.ufv.br\/jogosdigitais\/wp-content\/uploads\/2025\/07\/IMG-20250622-WA0012.jpg 1600w\" sizes=\"auto, (max-width: 300px) 100vw, 300px\" \/> <img loading=\"lazy\" decoding=\"async\" class=\"alignnone size-medium wp-image-1949\" src=\"https:\/\/eventos.crp.ufv.br\/jogosdigitais\/wp-content\/uploads\/2025\/07\/IMG-20250622-WA0013-300x169.jpg\" alt=\"\" width=\"300\" height=\"169\" srcset=\"https:\/\/eventos.crp.ufv.br\/jogosdigitais\/wp-content\/uploads\/2025\/07\/IMG-20250622-WA0013-300x169.jpg 300w, https:\/\/eventos.crp.ufv.br\/jogosdigitais\/wp-content\/uploads\/2025\/07\/IMG-20250622-WA0013-768x432.jpg 768w, https:\/\/eventos.crp.ufv.br\/jogosdigitais\/wp-content\/uploads\/2025\/07\/IMG-20250622-WA0013-1024x575.jpg 1024w, https:\/\/eventos.crp.ufv.br\/jogosdigitais\/wp-content\/uploads\/2025\/07\/IMG-20250622-WA0013-500x281.jpg 500w, https:\/\/eventos.crp.ufv.br\/jogosdigitais\/wp-content\/uploads\/2025\/07\/IMG-20250622-WA0013.jpg 1600w\" sizes=\"auto, (max-width: 300px) 100vw, 300px\" \/><\/p>\n","protected":false},"excerpt":{"rendered":"<p>Math-O-Ween S\u00e9rie: 2\u00ba a 5\u00ba ano. Conte\u00fado: Quatro opera\u00e7\u00f5es matem\u00e1ticas b\u00e1sicas(adi\u00e7\u00e3o, subtra\u00e7\u00e3o, multiplica\u00e7\u00e3o e divis\u00e3o) &#8220;Math-0-Ween&#8221; \u00e9 um jogo arcade infantil que une divers\u00e3o e aprendizado matem\u00e1tico! Use poderes estrat\u00e9gicos para impedir que os inimigos alcancem o ch\u00e3o e acumule &hellip; <a href=\"https:\/\/eventos.crp.ufv.br\/jogosdigitais\/?page_id=1940\">Leia mais<\/a><\/p>\n","protected":false},"author":5,"featured_media":0,"parent":1812,"menu_order":0,"comment_status":"closed","ping_status":"closed","template":"","meta":{"footnotes":""},"class_list":["post-1940","page","type-page","status-publish","hentry"],"_links":{"self":[{"href":"https:\/\/eventos.crp.ufv.br\/jogosdigitais\/index.php?rest_route=\/wp\/v2\/pages\/1940","targetHints":{"allow":["GET"]}}],"collection":[{"href":"https:\/\/eventos.crp.ufv.br\/jogosdigitais\/index.php?rest_route=\/wp\/v2\/pages"}],"about":[{"href":"https:\/\/eventos.crp.ufv.br\/jogosdigitais\/index.php?rest_route=\/wp\/v2\/types\/page"}],"author":[{"embeddable":true,"href":"https:\/\/eventos.crp.ufv.br\/jogosdigitais\/index.php?rest_route=\/wp\/v2\/users\/5"}],"replies":[{"embeddable":true,"href":"https:\/\/eventos.crp.ufv.br\/jogosdigitais\/index.php?rest_route=%2Fwp%2Fv2%2Fcomments&post=1940"}],"version-history":[{"count":4,"href":"https:\/\/eventos.crp.ufv.br\/jogosdigitais\/index.php?rest_route=\/wp\/v2\/pages\/1940\/revisions"}],"predecessor-version":[{"id":1954,"href":"https:\/\/eventos.crp.ufv.br\/jogosdigitais\/index.php?rest_route=\/wp\/v2\/pages\/1940\/revisions\/1954"}],"up":[{"embeddable":true,"href":"https:\/\/eventos.crp.ufv.br\/jogosdigitais\/index.php?rest_route=\/wp\/v2\/pages\/1812"}],"wp:attachment":[{"href":"https:\/\/eventos.crp.ufv.br\/jogosdigitais\/index.php?rest_route=%2Fwp%2Fv2%2Fmedia&parent=1940"}],"curies":[{"name":"wp","href":"https:\/\/api.w.org\/{rel}","templated":true}]}}