{"id":1951,"date":"2025-07-08T14:41:07","date_gmt":"2025-07-08T17:41:07","guid":{"rendered":"https:\/\/eventos.crp.ufv.br\/jogosdigitais\/?page_id=1951"},"modified":"2025-08-14T18:18:10","modified_gmt":"2025-08-14T21:18:10","slug":"mathquest","status":"publish","type":"page","link":"https:\/\/eventos.crp.ufv.br\/jogosdigitais\/?page_id=1951","title":{"rendered":"MathQuest"},"content":{"rendered":"<p><img loading=\"lazy\" decoding=\"async\" class=\"alignnone wp-image-1952 size-medium\" src=\"https:\/\/eventos.crp.ufv.br\/jogosdigitais\/wp-content\/uploads\/2025\/07\/Imagem-do-WhatsApp-de-2025-06-18-\u00e0s-13.26.49_6e21a928-300x169.jpg\" width=\"300\" height=\"169\" srcset=\"https:\/\/eventos.crp.ufv.br\/jogosdigitais\/wp-content\/uploads\/2025\/07\/Imagem-do-WhatsApp-de-2025-06-18-\u00e0s-13.26.49_6e21a928-300x169.jpg 300w, https:\/\/eventos.crp.ufv.br\/jogosdigitais\/wp-content\/uploads\/2025\/07\/Imagem-do-WhatsApp-de-2025-06-18-\u00e0s-13.26.49_6e21a928-768x432.jpg 768w, https:\/\/eventos.crp.ufv.br\/jogosdigitais\/wp-content\/uploads\/2025\/07\/Imagem-do-WhatsApp-de-2025-06-18-\u00e0s-13.26.49_6e21a928-1024x576.jpg 1024w, https:\/\/eventos.crp.ufv.br\/jogosdigitais\/wp-content\/uploads\/2025\/07\/Imagem-do-WhatsApp-de-2025-06-18-\u00e0s-13.26.49_6e21a928-500x281.jpg 500w, https:\/\/eventos.crp.ufv.br\/jogosdigitais\/wp-content\/uploads\/2025\/07\/Imagem-do-WhatsApp-de-2025-06-18-\u00e0s-13.26.49_6e21a928.jpg 1280w\" sizes=\"auto, (max-width: 300px) 100vw, 300px\" \/><\/p>\n<p><strong>MathQuest \u2013 A Jornada dos N\u00fameros<\/strong><br \/>\n<strong>S\u00e9rie: Ensino Fundamental.<\/strong><br \/>\n<strong>Conte\u00fado: Opera\u00e7\u00f5es Matem\u00e1ticas (Adi\u00e7\u00e3o, Subtra\u00e7\u00e3o, Multiplica\u00e7\u00e3o, Divis\u00e3o, Potencia\u00e7\u00e3o e Radicia\u00e7\u00e3o).<\/strong><\/p>\n<p>MathQuest, o aluno embarca em uma jornada \u00e9pica para resgatar as opera\u00e7\u00f5es matem\u00e1ticas, roubadas pelo vil\u00e3o Caos Matem\u00e1tico, e restaurar a ordem no reino dos n\u00fameros. Assumindo o papel de um her\u00f3i aventureiro, o jogador deve superar batalhas por turnos utilizando um baralho de cartas num\u00e9ricas e operacionais para formar as express\u00f5es de ataque mais poderosas.<\/p>\n<p>Cada batalha \u00e9 uma aula de estrat\u00e9gia, onde formar a &#8220;conta \u00f3tima&#8221; \u2014 a express\u00e3o que causa o m\u00e1ximo de dano \u2014 fortalece o her\u00f3i e garante a vit\u00f3ria. O acerto \u00e9 recompensado, e o erro se torna uma chance de aprender, com o jogo incentivando o jogador a &#8220;pensar mais&#8221; para encontrar a melhor solu\u00e7\u00e3o.<\/p>\n<p>A jornada o levar\u00e1 por mundos tem\u00e1ticos, como o &#8220;Mundo da Adi\u00e7\u00e3o e Subtra\u00e7\u00e3o&#8221; e o &#8220;Mundo da Multiplica\u00e7\u00e3o e Divis\u00e3o&#8221;, onde cada vit\u00f3ria representa a recupera\u00e7\u00e3o de um conhecimento perdido e um passo a mais em sua miss\u00e3o. Com o conhecimento e a estrat\u00e9gia afiados, o her\u00f3i estar\u00e1 mais preparado para enfrentar os desafios impostos pelo Caos Matem\u00e1tico e, finalmente, restaurar o equil\u00edbrio e a sabedoria no mundo dos n\u00fameros.<\/p>\n<hr \/>\n<p><strong>Contato do Criador:<\/strong><\/p>\n<p>Telefone: (11)963625300<\/p>\n<p>E-mail: Murilo.russo@outlook.com<\/p>\n<p><img loading=\"lazy\" decoding=\"async\" class=\"alignnone wp-image-1987 size-medium\" src=\"https:\/\/eventos.crp.ufv.br\/jogosdigitais\/wp-content\/uploads\/2025\/08\/Imagem-do-WhatsApp-de-2025-07-10-as-10.42.55_d0feaa9d-225x300.jpg\" alt=\"\" width=\"225\" height=\"300\" srcset=\"https:\/\/eventos.crp.ufv.br\/jogosdigitais\/wp-content\/uploads\/2025\/08\/Imagem-do-WhatsApp-de-2025-07-10-as-10.42.55_d0feaa9d-225x300.jpg 225w, https:\/\/eventos.crp.ufv.br\/jogosdigitais\/wp-content\/uploads\/2025\/08\/Imagem-do-WhatsApp-de-2025-07-10-as-10.42.55_d0feaa9d-768x1024.jpg 768w, https:\/\/eventos.crp.ufv.br\/jogosdigitais\/wp-content\/uploads\/2025\/08\/Imagem-do-WhatsApp-de-2025-07-10-as-10.42.55_d0feaa9d.jpg 864w\" sizes=\"auto, (max-width: 225px) 100vw, 225px\" \/><\/p>\n<hr \/>\n<p><strong>Download:<\/strong><\/p>\n<p><strong><a href=\"https:\/\/drive.google.com\/drive\/folders\/1TuVdXw0quzhZ8YxI8fUaJGJVilVXYifV?usp=sharing\" target=\"_blank\" rel=\"noopener\"><img loading=\"lazy\" decoding=\"async\" class=\"alignnone wp-image-1501\" src=\"https:\/\/eventos.crp.ufv.br\/jogosdigitais\/wp-content\/uploads\/2023\/06\/windows-150x150.png\" width=\"50\" height=\"50\" srcset=\"https:\/\/eventos.crp.ufv.br\/jogosdigitais\/wp-content\/uploads\/2023\/06\/windows-150x150.png 150w, https:\/\/eventos.crp.ufv.br\/jogosdigitais\/wp-content\/uploads\/2023\/06\/windows.png 256w\" sizes=\"auto, (max-width: 50px) 100vw, 50px\" \/><\/a><a href=\"https:\/\/drive.google.com\/drive\/folders\/1l6N1EGWa6edP1eGbTU5tMAA4ODRf_Zd2?usp=sharing\"><img loading=\"lazy\" decoding=\"async\" class=\"alignnone wp-image-1502\" src=\"https:\/\/eventos.crp.ufv.br\/jogosdigitais\/wp-content\/uploads\/2023\/06\/linux-150x150.png\" width=\"50\" height=\"50\" srcset=\"https:\/\/eventos.crp.ufv.br\/jogosdigitais\/wp-content\/uploads\/2023\/06\/linux-150x150.png 150w, https:\/\/eventos.crp.ufv.br\/jogosdigitais\/wp-content\/uploads\/2023\/06\/linux.png 256w\" sizes=\"auto, (max-width: 50px) 100vw, 50px\" \/><\/a><\/strong><\/p>\n<p><strong>Tutorial de instala\u00e7\u00e3o:<\/strong><br \/>\n<a href=\"https:\/\/drive.google.com\/file\/d\/1q9fHXbxAS5e4ISrz66lANoTYMtkQQ_9K\/view?usp=drive_link\">Link<br \/>\n<\/a><\/p>\n<hr \/>\n<p><strong>Galeria<\/strong><\/p>\n<p><img loading=\"lazy\" decoding=\"async\" class=\"alignnone size-medium wp-image-1986\" src=\"https:\/\/eventos.crp.ufv.br\/jogosdigitais\/wp-content\/uploads\/2025\/08\/Imagem-do-WhatsApp-de-2025-07-10-as-10.42.55_32787199-300x168.jpg\" alt=\"\" width=\"300\" height=\"168\" srcset=\"https:\/\/eventos.crp.ufv.br\/jogosdigitais\/wp-content\/uploads\/2025\/08\/Imagem-do-WhatsApp-de-2025-07-10-as-10.42.55_32787199-300x168.jpg 300w, https:\/\/eventos.crp.ufv.br\/jogosdigitais\/wp-content\/uploads\/2025\/08\/Imagem-do-WhatsApp-de-2025-07-10-as-10.42.55_32787199-1024x574.jpg 1024w, https:\/\/eventos.crp.ufv.br\/jogosdigitais\/wp-content\/uploads\/2025\/08\/Imagem-do-WhatsApp-de-2025-07-10-as-10.42.55_32787199-768x431.jpg 768w, https:\/\/eventos.crp.ufv.br\/jogosdigitais\/wp-content\/uploads\/2025\/08\/Imagem-do-WhatsApp-de-2025-07-10-as-10.42.55_32787199-500x280.jpg 500w, https:\/\/eventos.crp.ufv.br\/jogosdigitais\/wp-content\/uploads\/2025\/08\/Imagem-do-WhatsApp-de-2025-07-10-as-10.42.55_32787199.jpg 1280w\" sizes=\"auto, (max-width: 300px) 100vw, 300px\" \/> <img loading=\"lazy\" decoding=\"async\" class=\"alignnone size-medium wp-image-1985\" src=\"https:\/\/eventos.crp.ufv.br\/jogosdigitais\/wp-content\/uploads\/2025\/08\/Imagem-do-WhatsApp-de-2025-07-10-as-10.42.54_ea29d802-300x169.jpg\" alt=\"\" width=\"300\" height=\"169\" srcset=\"https:\/\/eventos.crp.ufv.br\/jogosdigitais\/wp-content\/uploads\/2025\/08\/Imagem-do-WhatsApp-de-2025-07-10-as-10.42.54_ea29d802-300x169.jpg 300w, https:\/\/eventos.crp.ufv.br\/jogosdigitais\/wp-content\/uploads\/2025\/08\/Imagem-do-WhatsApp-de-2025-07-10-as-10.42.54_ea29d802-1024x576.jpg 1024w, https:\/\/eventos.crp.ufv.br\/jogosdigitais\/wp-content\/uploads\/2025\/08\/Imagem-do-WhatsApp-de-2025-07-10-as-10.42.54_ea29d802-768x432.jpg 768w, https:\/\/eventos.crp.ufv.br\/jogosdigitais\/wp-content\/uploads\/2025\/08\/Imagem-do-WhatsApp-de-2025-07-10-as-10.42.54_ea29d802-500x281.jpg 500w, https:\/\/eventos.crp.ufv.br\/jogosdigitais\/wp-content\/uploads\/2025\/08\/Imagem-do-WhatsApp-de-2025-07-10-as-10.42.54_ea29d802.jpg 1280w\" sizes=\"auto, (max-width: 300px) 100vw, 300px\" \/><\/p>\n<p><img loading=\"lazy\" decoding=\"async\" class=\"alignnone size-medium wp-image-1984\" src=\"https:\/\/eventos.crp.ufv.br\/jogosdigitais\/wp-content\/uploads\/2025\/08\/Imagem-do-WhatsApp-de-2025-07-10-as-10.42.54_b325ae52-300x169.jpg\" alt=\"\" width=\"300\" height=\"169\" srcset=\"https:\/\/eventos.crp.ufv.br\/jogosdigitais\/wp-content\/uploads\/2025\/08\/Imagem-do-WhatsApp-de-2025-07-10-as-10.42.54_b325ae52-300x169.jpg 300w, https:\/\/eventos.crp.ufv.br\/jogosdigitais\/wp-content\/uploads\/2025\/08\/Imagem-do-WhatsApp-de-2025-07-10-as-10.42.54_b325ae52-1024x575.jpg 1024w, https:\/\/eventos.crp.ufv.br\/jogosdigitais\/wp-content\/uploads\/2025\/08\/Imagem-do-WhatsApp-de-2025-07-10-as-10.42.54_b325ae52-768x431.jpg 768w, https:\/\/eventos.crp.ufv.br\/jogosdigitais\/wp-content\/uploads\/2025\/08\/Imagem-do-WhatsApp-de-2025-07-10-as-10.42.54_b325ae52-500x281.jpg 500w, https:\/\/eventos.crp.ufv.br\/jogosdigitais\/wp-content\/uploads\/2025\/08\/Imagem-do-WhatsApp-de-2025-07-10-as-10.42.54_b325ae52.jpg 1280w\" sizes=\"auto, (max-width: 300px) 100vw, 300px\" \/> <img loading=\"lazy\" decoding=\"async\" class=\"alignnone size-medium wp-image-1952\" src=\"https:\/\/eventos.crp.ufv.br\/jogosdigitais\/wp-content\/uploads\/2025\/07\/Imagem-do-WhatsApp-de-2025-06-18-\u00e0s-13.26.49_6e21a928-300x169.jpg\" alt=\"\" width=\"300\" height=\"169\" srcset=\"https:\/\/eventos.crp.ufv.br\/jogosdigitais\/wp-content\/uploads\/2025\/07\/Imagem-do-WhatsApp-de-2025-06-18-\u00e0s-13.26.49_6e21a928-300x169.jpg 300w, https:\/\/eventos.crp.ufv.br\/jogosdigitais\/wp-content\/uploads\/2025\/07\/Imagem-do-WhatsApp-de-2025-06-18-\u00e0s-13.26.49_6e21a928-768x432.jpg 768w, https:\/\/eventos.crp.ufv.br\/jogosdigitais\/wp-content\/uploads\/2025\/07\/Imagem-do-WhatsApp-de-2025-06-18-\u00e0s-13.26.49_6e21a928-1024x576.jpg 1024w, https:\/\/eventos.crp.ufv.br\/jogosdigitais\/wp-content\/uploads\/2025\/07\/Imagem-do-WhatsApp-de-2025-06-18-\u00e0s-13.26.49_6e21a928-500x281.jpg 500w, https:\/\/eventos.crp.ufv.br\/jogosdigitais\/wp-content\/uploads\/2025\/07\/Imagem-do-WhatsApp-de-2025-06-18-\u00e0s-13.26.49_6e21a928.jpg 1280w\" sizes=\"auto, (max-width: 300px) 100vw, 300px\" \/><\/p>\n","protected":false},"excerpt":{"rendered":"<p>MathQuest \u2013 A Jornada dos N\u00fameros S\u00e9rie: Ensino Fundamental. Conte\u00fado: Opera\u00e7\u00f5es Matem\u00e1ticas (Adi\u00e7\u00e3o, Subtra\u00e7\u00e3o, Multiplica\u00e7\u00e3o, Divis\u00e3o, Potencia\u00e7\u00e3o e Radicia\u00e7\u00e3o). MathQuest, o aluno embarca em uma jornada \u00e9pica para resgatar as opera\u00e7\u00f5es matem\u00e1ticas, roubadas pelo vil\u00e3o Caos Matem\u00e1tico, e restaurar a &hellip; <a href=\"https:\/\/eventos.crp.ufv.br\/jogosdigitais\/?page_id=1951\">Leia mais<\/a><\/p>\n","protected":false},"author":5,"featured_media":0,"parent":1812,"menu_order":0,"comment_status":"closed","ping_status":"closed","template":"","meta":{"footnotes":""},"class_list":["post-1951","page","type-page","status-publish","hentry"],"_links":{"self":[{"href":"https:\/\/eventos.crp.ufv.br\/jogosdigitais\/index.php?rest_route=\/wp\/v2\/pages\/1951","targetHints":{"allow":["GET"]}}],"collection":[{"href":"https:\/\/eventos.crp.ufv.br\/jogosdigitais\/index.php?rest_route=\/wp\/v2\/pages"}],"about":[{"href":"https:\/\/eventos.crp.ufv.br\/jogosdigitais\/index.php?rest_route=\/wp\/v2\/types\/page"}],"author":[{"embeddable":true,"href":"https:\/\/eventos.crp.ufv.br\/jogosdigitais\/index.php?rest_route=\/wp\/v2\/users\/5"}],"replies":[{"embeddable":true,"href":"https:\/\/eventos.crp.ufv.br\/jogosdigitais\/index.php?rest_route=%2Fwp%2Fv2%2Fcomments&post=1951"}],"version-history":[{"count":5,"href":"https:\/\/eventos.crp.ufv.br\/jogosdigitais\/index.php?rest_route=\/wp\/v2\/pages\/1951\/revisions"}],"predecessor-version":[{"id":2021,"href":"https:\/\/eventos.crp.ufv.br\/jogosdigitais\/index.php?rest_route=\/wp\/v2\/pages\/1951\/revisions\/2021"}],"up":[{"embeddable":true,"href":"https:\/\/eventos.crp.ufv.br\/jogosdigitais\/index.php?rest_route=\/wp\/v2\/pages\/1812"}],"wp:attachment":[{"href":"https:\/\/eventos.crp.ufv.br\/jogosdigitais\/index.php?rest_route=%2Fwp%2Fv2%2Fmedia&parent=1951"}],"curies":[{"name":"wp","href":"https:\/\/api.w.org\/{rel}","templated":true}]}}