{"id":1989,"date":"2025-08-14T17:51:19","date_gmt":"2025-08-14T20:51:19","guid":{"rendered":"https:\/\/eventos.crp.ufv.br\/jogosdigitais\/?page_id=1989"},"modified":"2025-08-14T17:51:19","modified_gmt":"2025-08-14T20:51:19","slug":"galeria-2024","status":"publish","type":"page","link":"https:\/\/eventos.crp.ufv.br\/jogosdigitais\/?page_id=1989","title":{"rendered":"Galeria 2024"},"content":{"rendered":"<h1><\/h1>\n<h1>2024<\/h1>\n<h1>Organiza\u00e7\u00e3o<\/h1>\n\n\t\t<style type=\"text\/css\">\n\t\t\t#gallery-1 {\n\t\t\t\tmargin: auto;\n\t\t\t}\n\t\t\t#gallery-1 .gallery-item {\n\t\t\t\tfloat: left;\n\t\t\t\tmargin-top: 10px;\n\t\t\t\ttext-align: center;\n\t\t\t\twidth: 33%;\n\t\t\t}\n\t\t\t#gallery-1 img {\n\t\t\t\tborder: 2px solid #cfcfcf;\n\t\t\t}\n\t\t\t#gallery-1 .gallery-caption {\n\t\t\t\tmargin-left: 0;\n\t\t\t}\n\t\t\t\/* see gallery_shortcode() in wp-includes\/media.php *\/\n\t\t<\/style>\n\t\t<div id='gallery-1' class='gallery galleryid-1989 gallery-columns-3 gallery-size-thumbnail'><dl class='gallery-item'>\n\t\t\t<dt class='gallery-icon portrait'>\n\t\t\t\t<a href='https:\/\/eventos.crp.ufv.br\/jogosdigitais\/?attachment_id=1774'><img loading=\"lazy\" decoding=\"async\" width=\"150\" height=\"150\" src=\"https:\/\/eventos.crp.ufv.br\/jogosdigitais\/wp-content\/uploads\/2014\/07\/IMG_0678-150x150.jpg\" class=\"attachment-thumbnail size-thumbnail\" alt=\"\" \/><\/a>\n\t\t\t<\/dt><\/dl><dl class='gallery-item'>\n\t\t\t<dt class='gallery-icon portrait'>\n\t\t\t\t<a href='https:\/\/eventos.crp.ufv.br\/jogosdigitais\/?attachment_id=1775'><img loading=\"lazy\" decoding=\"async\" width=\"150\" height=\"150\" src=\"https:\/\/eventos.crp.ufv.br\/jogosdigitais\/wp-content\/uploads\/2014\/07\/IMG_0681-150x150.jpg\" class=\"attachment-thumbnail size-thumbnail\" alt=\"\" \/><\/a>\n\t\t\t<\/dt><\/dl><dl class='gallery-item'>\n\t\t\t<dt class='gallery-icon portrait'>\n\t\t\t\t<a href='https:\/\/eventos.crp.ufv.br\/jogosdigitais\/?attachment_id=1776'><img loading=\"lazy\" decoding=\"async\" width=\"150\" height=\"150\" src=\"https:\/\/eventos.crp.ufv.br\/jogosdigitais\/wp-content\/uploads\/2014\/07\/IMG_0682-150x150.jpg\" class=\"attachment-thumbnail size-thumbnail\" alt=\"\" \/><\/a>\n\t\t\t<\/dt><\/dl><br style=\"clear: both\" \/><dl class='gallery-item'>\n\t\t\t<dt class='gallery-icon portrait'>\n\t\t\t\t<a href='https:\/\/eventos.crp.ufv.br\/jogosdigitais\/?attachment_id=1777'><img loading=\"lazy\" decoding=\"async\" width=\"150\" height=\"150\" src=\"https:\/\/eventos.crp.ufv.br\/jogosdigitais\/wp-content\/uploads\/2014\/07\/IMG_0710-150x150.jpg\" class=\"attachment-thumbnail size-thumbnail\" alt=\"\" \/><\/a>\n\t\t\t<\/dt><\/dl><dl class='gallery-item'>\n\t\t\t<dt class='gallery-icon portrait'>\n\t\t\t\t<a href='https:\/\/eventos.crp.ufv.br\/jogosdigitais\/?attachment_id=1778'><img loading=\"lazy\" decoding=\"async\" width=\"150\" height=\"150\" src=\"https:\/\/eventos.crp.ufv.br\/jogosdigitais\/wp-content\/uploads\/2014\/07\/IMG_0715-150x150.jpg\" class=\"attachment-thumbnail size-thumbnail\" alt=\"\" \/><\/a>\n\t\t\t<\/dt><\/dl><dl class='gallery-item'>\n\t\t\t<dt class='gallery-icon portrait'>\n\t\t\t\t<a href='https:\/\/eventos.crp.ufv.br\/jogosdigitais\/?attachment_id=1779'><img loading=\"lazy\" decoding=\"async\" width=\"150\" height=\"150\" src=\"https:\/\/eventos.crp.ufv.br\/jogosdigitais\/wp-content\/uploads\/2014\/07\/IMG_0716-150x150.jpg\" class=\"attachment-thumbnail size-thumbnail\" alt=\"\" \/><\/a>\n\t\t\t<\/dt><\/dl><br style=\"clear: both\" \/><dl class='gallery-item'>\n\t\t\t<dt class='gallery-icon landscape'>\n\t\t\t\t<a href='https:\/\/eventos.crp.ufv.br\/jogosdigitais\/?attachment_id=1780'><img loading=\"lazy\" decoding=\"async\" width=\"150\" height=\"150\" src=\"https:\/\/eventos.crp.ufv.br\/jogosdigitais\/wp-content\/uploads\/2014\/07\/IMG_0722-150x150.jpg\" class=\"attachment-thumbnail size-thumbnail\" alt=\"\" \/><\/a>\n\t\t\t<\/dt><\/dl><dl class='gallery-item'>\n\t\t\t<dt class='gallery-icon landscape'>\n\t\t\t\t<a href='https:\/\/eventos.crp.ufv.br\/jogosdigitais\/?attachment_id=1772'><img loading=\"lazy\" decoding=\"async\" width=\"150\" height=\"150\" src=\"https:\/\/eventos.crp.ufv.br\/jogosdigitais\/wp-content\/uploads\/2014\/07\/f67fc71e-771f-4c97-9abd-37617e28660d-150x150.jpg\" class=\"attachment-thumbnail size-thumbnail\" alt=\"\" \/><\/a>\n\t\t\t<\/dt><\/dl><dl class='gallery-item'>\n\t\t\t<dt class='gallery-icon landscape'>\n\t\t\t\t<a href='https:\/\/eventos.crp.ufv.br\/jogosdigitais\/?attachment_id=1773'><img loading=\"lazy\" decoding=\"async\" width=\"150\" height=\"150\" src=\"https:\/\/eventos.crp.ufv.br\/jogosdigitais\/wp-content\/uploads\/2014\/07\/IMG_0673-150x150.jpg\" class=\"attachment-thumbnail size-thumbnail\" alt=\"\" \/><\/a>\n\t\t\t<\/dt><\/dl><br style=\"clear: both\" \/>\n\t\t<\/div>\n\n<h1>Coordena\u00e7\u00e3o<\/h1>\n\n\t\t<style type=\"text\/css\">\n\t\t\t#gallery-2 {\n\t\t\t\tmargin: auto;\n\t\t\t}\n\t\t\t#gallery-2 .gallery-item {\n\t\t\t\tfloat: left;\n\t\t\t\tmargin-top: 10px;\n\t\t\t\ttext-align: center;\n\t\t\t\twidth: 33%;\n\t\t\t}\n\t\t\t#gallery-2 img {\n\t\t\t\tborder: 2px solid #cfcfcf;\n\t\t\t}\n\t\t\t#gallery-2 .gallery-caption {\n\t\t\t\tmargin-left: 0;\n\t\t\t}\n\t\t\t\/* see gallery_shortcode() in wp-includes\/media.php *\/\n\t\t<\/style>\n\t\t<div id='gallery-2' class='gallery galleryid-1989 gallery-columns-3 gallery-size-medium'><dl class='gallery-item'>\n\t\t\t<dt class='gallery-icon portrait'>\n\t\t\t\t<a href='https:\/\/eventos.crp.ufv.br\/jogosdigitais\/?attachment_id=1293'><img loading=\"lazy\" decoding=\"async\" width=\"187\" height=\"300\" src=\"https:\/\/eventos.crp.ufv.br\/jogosdigitais\/wp-content\/uploads\/2014\/07\/image-187x300.png\" class=\"attachment-medium size-medium\" alt=\"\" aria-describedby=\"gallery-2-1293\" srcset=\"https:\/\/eventos.crp.ufv.br\/jogosdigitais\/wp-content\/uploads\/2014\/07\/image-187x300.png 187w, https:\/\/eventos.crp.ufv.br\/jogosdigitais\/wp-content\/uploads\/2014\/07\/image-639x1024.png 639w, https:\/\/eventos.crp.ufv.br\/jogosdigitais\/wp-content\/uploads\/2014\/07\/image.png 720w\" sizes=\"auto, (max-width: 187px) 100vw, 187px\" \/><\/a>\n\t\t\t<\/dt>\n\t\t\t\t<dd class='wp-caption-text gallery-caption' id='gallery-2-1293'>\n\t\t\t\tProfessor Pedro Mois\u00e9s\n\t\t\t\t<\/dd><\/dl><dl class='gallery-item'>\n\t\t\t<dt class='gallery-icon portrait'>\n\t\t\t\t<a href='https:\/\/eventos.crp.ufv.br\/jogosdigitais\/?attachment_id=1645'><img loading=\"lazy\" decoding=\"async\" width=\"169\" height=\"300\" src=\"https:\/\/eventos.crp.ufv.br\/jogosdigitais\/wp-content\/uploads\/2014\/07\/fabio-169x300.jpg\" class=\"attachment-medium size-medium\" alt=\"\" aria-describedby=\"gallery-2-1645\" srcset=\"https:\/\/eventos.crp.ufv.br\/jogosdigitais\/wp-content\/uploads\/2014\/07\/fabio-169x300.jpg 169w, https:\/\/eventos.crp.ufv.br\/jogosdigitais\/wp-content\/uploads\/2014\/07\/fabio-768x1365.jpg 768w, https:\/\/eventos.crp.ufv.br\/jogosdigitais\/wp-content\/uploads\/2014\/07\/fabio-576x1024.jpg 576w, https:\/\/eventos.crp.ufv.br\/jogosdigitais\/wp-content\/uploads\/2014\/07\/fabio.jpg 900w\" sizes=\"auto, (max-width: 169px) 100vw, 169px\" \/><\/a>\n\t\t\t<\/dt>\n\t\t\t\t<dd class='wp-caption-text gallery-caption' id='gallery-2-1645'>\n\t\t\t\tMonitor F\u00e1bio Bastos\n\t\t\t\t<\/dd><\/dl><dl class='gallery-item'>\n\t\t\t<dt class='gallery-icon portrait'>\n\t\t\t\t<a href='https:\/\/eventos.crp.ufv.br\/jogosdigitais\/?attachment_id=1720'><img loading=\"lazy\" decoding=\"async\" width=\"169\" height=\"300\" src=\"https:\/\/eventos.crp.ufv.br\/jogosdigitais\/wp-content\/uploads\/2014\/07\/Alvaro-169x300.jpg\" class=\"attachment-medium size-medium\" alt=\"\" aria-describedby=\"gallery-2-1720\" srcset=\"https:\/\/eventos.crp.ufv.br\/jogosdigitais\/wp-content\/uploads\/2014\/07\/Alvaro-169x300.jpg 169w, https:\/\/eventos.crp.ufv.br\/jogosdigitais\/wp-content\/uploads\/2014\/07\/Alvaro-576x1024.jpg 576w, https:\/\/eventos.crp.ufv.br\/jogosdigitais\/wp-content\/uploads\/2014\/07\/Alvaro.jpg 720w\" sizes=\"auto, (max-width: 169px) 100vw, 169px\" \/><\/a>\n\t\t\t<\/dt>\n\t\t\t\t<dd class='wp-caption-text gallery-caption' id='gallery-2-1720'>\n\t\t\t\tMonitor \u00c1lvaro Oda\n\t\t\t\t<\/dd><\/dl><br style=\"clear: both\" \/><dl class='gallery-item'>\n\t\t\t<dt class='gallery-icon portrait'>\n\t\t\t\t<a href='https:\/\/eventos.crp.ufv.br\/jogosdigitais\/?attachment_id=1329'><img loading=\"lazy\" decoding=\"async\" width=\"189\" height=\"300\" src=\"https:\/\/eventos.crp.ufv.br\/jogosdigitais\/wp-content\/uploads\/2014\/07\/larissa-189x300.png\" class=\"attachment-medium size-medium\" alt=\"\" aria-describedby=\"gallery-2-1329\" srcset=\"https:\/\/eventos.crp.ufv.br\/jogosdigitais\/wp-content\/uploads\/2014\/07\/larissa-189x300.png 189w, https:\/\/eventos.crp.ufv.br\/jogosdigitais\/wp-content\/uploads\/2014\/07\/larissa-768x1217.png 768w, https:\/\/eventos.crp.ufv.br\/jogosdigitais\/wp-content\/uploads\/2014\/07\/larissa-646x1024.png 646w, https:\/\/eventos.crp.ufv.br\/jogosdigitais\/wp-content\/uploads\/2014\/07\/larissa.png 1048w\" sizes=\"auto, (max-width: 189px) 100vw, 189px\" \/><\/a>\n\t\t\t<\/dt>\n\t\t\t\t<dd class='wp-caption-text gallery-caption' id='gallery-2-1329'>\n\t\t\t\tProfessora Larissa\n\t\t\t\t<\/dd><\/dl><dl class='gallery-item'>\n\t\t\t<dt class='gallery-icon portrait'>\n\t\t\t\t<a href='https:\/\/eventos.crp.ufv.br\/jogosdigitais\/?attachment_id=1343'><img loading=\"lazy\" decoding=\"async\" width=\"175\" height=\"300\" src=\"https:\/\/eventos.crp.ufv.br\/jogosdigitais\/wp-content\/uploads\/2014\/07\/image-1-175x300.png\" class=\"attachment-medium size-medium\" alt=\"\" aria-describedby=\"gallery-2-1343\" srcset=\"https:\/\/eventos.crp.ufv.br\/jogosdigitais\/wp-content\/uploads\/2014\/07\/image-1-175x300.png 175w, https:\/\/eventos.crp.ufv.br\/jogosdigitais\/wp-content\/uploads\/2014\/07\/image-1-768x1315.png 768w, https:\/\/eventos.crp.ufv.br\/jogosdigitais\/wp-content\/uploads\/2014\/07\/image-1-598x1024.png 598w, https:\/\/eventos.crp.ufv.br\/jogosdigitais\/wp-content\/uploads\/2014\/07\/image-1.png 970w\" sizes=\"auto, (max-width: 175px) 100vw, 175px\" \/><\/a>\n\t\t\t<\/dt>\n\t\t\t\t<dd class='wp-caption-text gallery-caption' id='gallery-2-1343'>\n\t\t\t\tProfessor Rodrigo\n\t\t\t\t<\/dd><\/dl><dl class='gallery-item'>\n\t\t\t<dt class='gallery-icon portrait'>\n\t\t\t\t<a href='https:\/\/eventos.crp.ufv.br\/jogosdigitais\/?attachment_id=1344'><img loading=\"lazy\" decoding=\"async\" width=\"177\" height=\"300\" src=\"https:\/\/eventos.crp.ufv.br\/jogosdigitais\/wp-content\/uploads\/2014\/07\/image-1-1-177x300.png\" class=\"attachment-medium size-medium\" alt=\"\" aria-describedby=\"gallery-2-1344\" srcset=\"https:\/\/eventos.crp.ufv.br\/jogosdigitais\/wp-content\/uploads\/2014\/07\/image-1-1-177x300.png 177w, https:\/\/eventos.crp.ufv.br\/jogosdigitais\/wp-content\/uploads\/2014\/07\/image-1-1-603x1024.png 603w, https:\/\/eventos.crp.ufv.br\/jogosdigitais\/wp-content\/uploads\/2014\/07\/image-1-1.png 684w\" sizes=\"auto, (max-width: 177px) 100vw, 177px\" \/><\/a>\n\t\t\t<\/dt>\n\t\t\t\t<dd class='wp-caption-text gallery-caption' id='gallery-2-1344'>\n\t\t\t\tProfessora Adriana\n\t\t\t\t<\/dd><\/dl><br style=\"clear: both\" \/><dl class='gallery-item'>\n\t\t\t<dt class='gallery-icon portrait'>\n\t\t\t\t<a href='https:\/\/eventos.crp.ufv.br\/jogosdigitais\/?attachment_id=1405'><img loading=\"lazy\" decoding=\"async\" width=\"185\" height=\"300\" src=\"https:\/\/eventos.crp.ufv.br\/jogosdigitais\/wp-content\/uploads\/2014\/07\/image-2-185x300.png\" class=\"attachment-medium size-medium\" alt=\"\" aria-describedby=\"gallery-2-1405\" srcset=\"https:\/\/eventos.crp.ufv.br\/jogosdigitais\/wp-content\/uploads\/2014\/07\/image-2-185x300.png 185w, https:\/\/eventos.crp.ufv.br\/jogosdigitais\/wp-content\/uploads\/2014\/07\/image-2-768x1245.png 768w, https:\/\/eventos.crp.ufv.br\/jogosdigitais\/wp-content\/uploads\/2014\/07\/image-2-632x1024.png 632w, https:\/\/eventos.crp.ufv.br\/jogosdigitais\/wp-content\/uploads\/2014\/07\/image-2.png 866w\" sizes=\"auto, (max-width: 185px) 100vw, 185px\" \/><\/a>\n\t\t\t<\/dt>\n\t\t\t\t<dd class='wp-caption-text gallery-caption' id='gallery-2-1405'>\n\t\t\t\tProfessor Rodrigo Smarzaro\n\t\t\t\t<\/dd><\/dl><dl class='gallery-item'>\n\t\t\t<dt class='gallery-icon portrait'>\n\t\t\t\t<a href='https:\/\/eventos.crp.ufv.br\/jogosdigitais\/?attachment_id=1644'><img loading=\"lazy\" decoding=\"async\" width=\"200\" height=\"300\" src=\"https:\/\/eventos.crp.ufv.br\/jogosdigitais\/wp-content\/uploads\/2014\/07\/Pedro-Damaso-1-200x300.jpg\" class=\"attachment-medium size-medium\" alt=\"\" aria-describedby=\"gallery-2-1644\" srcset=\"https:\/\/eventos.crp.ufv.br\/jogosdigitais\/wp-content\/uploads\/2014\/07\/Pedro-Damaso-1-200x300.jpg 200w, https:\/\/eventos.crp.ufv.br\/jogosdigitais\/wp-content\/uploads\/2014\/07\/Pedro-Damaso-1.jpg 480w\" sizes=\"auto, (max-width: 200px) 100vw, 200px\" \/><\/a>\n\t\t\t<\/dt>\n\t\t\t\t<dd class='wp-caption-text gallery-caption' id='gallery-2-1644'>\n\t\t\t\tProfessor Pedro Damaso\n\t\t\t\t<\/dd><\/dl><dl class='gallery-item'>\n\t\t\t<dt class='gallery-icon portrait'>\n\t\t\t\t<a href='https:\/\/eventos.crp.ufv.br\/jogosdigitais\/?attachment_id=1646'><img loading=\"lazy\" decoding=\"async\" width=\"200\" height=\"300\" src=\"https:\/\/eventos.crp.ufv.br\/jogosdigitais\/wp-content\/uploads\/2014\/07\/Liziane-1-200x300.jpg\" class=\"attachment-medium size-medium\" alt=\"\" aria-describedby=\"gallery-2-1646\" srcset=\"https:\/\/eventos.crp.ufv.br\/jogosdigitais\/wp-content\/uploads\/2014\/07\/Liziane-1-200x300.jpg 200w, https:\/\/eventos.crp.ufv.br\/jogosdigitais\/wp-content\/uploads\/2014\/07\/Liziane-1.jpg 480w\" sizes=\"auto, (max-width: 200px) 100vw, 200px\" \/><\/a>\n\t\t\t<\/dt>\n\t\t\t\t<dd class='wp-caption-text gallery-caption' id='gallery-2-1646'>\n\t\t\t\tProfessora Liziane\n\t\t\t\t<\/dd><\/dl><br style=\"clear: both\" \/><dl class='gallery-item'>\n\t\t\t<dt class='gallery-icon portrait'>\n\t\t\t\t<a href='https:\/\/eventos.crp.ufv.br\/jogosdigitais\/?attachment_id=1648'><img loading=\"lazy\" decoding=\"async\" width=\"169\" height=\"300\" src=\"https:\/\/eventos.crp.ufv.br\/jogosdigitais\/wp-content\/uploads\/2014\/07\/Alan-1-169x300.jpg\" class=\"attachment-medium size-medium\" alt=\"\" aria-describedby=\"gallery-2-1648\" srcset=\"https:\/\/eventos.crp.ufv.br\/jogosdigitais\/wp-content\/uploads\/2014\/07\/Alan-1-169x300.jpg 169w, https:\/\/eventos.crp.ufv.br\/jogosdigitais\/wp-content\/uploads\/2014\/07\/Alan-1-768x1365.jpg 768w, https:\/\/eventos.crp.ufv.br\/jogosdigitais\/wp-content\/uploads\/2014\/07\/Alan-1-576x1024.jpg 576w, https:\/\/eventos.crp.ufv.br\/jogosdigitais\/wp-content\/uploads\/2014\/07\/Alan-1.jpg 900w\" sizes=\"auto, (max-width: 169px) 100vw, 169px\" \/><\/a>\n\t\t\t<\/dt>\n\t\t\t\t<dd class='wp-caption-text gallery-caption' id='gallery-2-1648'>\n\t\t\t\tProfessor Alan\n\t\t\t\t<\/dd><\/dl><dl class='gallery-item'>\n\t\t\t<dt class='gallery-icon portrait'>\n\t\t\t\t<a href='https:\/\/eventos.crp.ufv.br\/jogosdigitais\/?attachment_id=1650'><img loading=\"lazy\" decoding=\"async\" width=\"188\" height=\"300\" src=\"https:\/\/eventos.crp.ufv.br\/jogosdigitais\/wp-content\/uploads\/2014\/07\/Jo\u00e3o-Mari-1-188x300.jpg\" class=\"attachment-medium size-medium\" alt=\"\" aria-describedby=\"gallery-2-1650\" srcset=\"https:\/\/eventos.crp.ufv.br\/jogosdigitais\/wp-content\/uploads\/2014\/07\/Jo\u00e3o-Mari-1-188x300.jpg 188w, https:\/\/eventos.crp.ufv.br\/jogosdigitais\/wp-content\/uploads\/2014\/07\/Jo\u00e3o-Mari-1.jpg 300w\" sizes=\"auto, (max-width: 188px) 100vw, 188px\" \/><\/a>\n\t\t\t<\/dt>\n\t\t\t\t<dd class='wp-caption-text gallery-caption' id='gallery-2-1650'>\n\t\t\t\tProfessor Jo\u00e3o Mari\n\t\t\t\t<\/dd><\/dl><dl class='gallery-item'>\n\t\t\t<dt class='gallery-icon portrait'>\n\t\t\t\t<a href='https:\/\/eventos.crp.ufv.br\/jogosdigitais\/?attachment_id=1654'><img loading=\"lazy\" decoding=\"async\" width=\"218\" height=\"300\" src=\"https:\/\/eventos.crp.ufv.br\/jogosdigitais\/wp-content\/uploads\/2014\/07\/Clausius-1-218x300.jpg\" class=\"attachment-medium size-medium\" alt=\"\" aria-describedby=\"gallery-2-1654\" srcset=\"https:\/\/eventos.crp.ufv.br\/jogosdigitais\/wp-content\/uploads\/2014\/07\/Clausius-1-218x300.jpg 218w, https:\/\/eventos.crp.ufv.br\/jogosdigitais\/wp-content\/uploads\/2014\/07\/Clausius-1.jpg 655w\" sizes=\"auto, (max-width: 218px) 100vw, 218px\" \/><\/a>\n\t\t\t<\/dt>\n\t\t\t\t<dd class='wp-caption-text gallery-caption' id='gallery-2-1654'>\n\t\t\t\tProfessor Clausius\n\t\t\t\t<\/dd><\/dl><br style=\"clear: both\" \/>\n\t\t<\/div>\n\n","protected":false},"excerpt":{"rendered":"<p>2024 Organiza\u00e7\u00e3o Coordena\u00e7\u00e3o<\/p>\n","protected":false},"author":5,"featured_media":0,"parent":0,"menu_order":0,"comment_status":"closed","ping_status":"closed","template":"","meta":{"footnotes":""},"class_list":["post-1989","page","type-page","status-publish","hentry"],"_links":{"self":[{"href":"https:\/\/eventos.crp.ufv.br\/jogosdigitais\/index.php?rest_route=\/wp\/v2\/pages\/1989","targetHints":{"allow":["GET"]}}],"collection":[{"href":"https:\/\/eventos.crp.ufv.br\/jogosdigitais\/index.php?rest_route=\/wp\/v2\/pages"}],"about":[{"href":"https:\/\/eventos.crp.ufv.br\/jogosdigitais\/index.php?rest_route=\/wp\/v2\/types\/page"}],"author":[{"embeddable":true,"href":"https:\/\/eventos.crp.ufv.br\/jogosdigitais\/index.php?rest_route=\/wp\/v2\/users\/5"}],"replies":[{"embeddable":true,"href":"https:\/\/eventos.crp.ufv.br\/jogosdigitais\/index.php?rest_route=%2Fwp%2Fv2%2Fcomments&post=1989"}],"version-history":[{"count":1,"href":"https:\/\/eventos.crp.ufv.br\/jogosdigitais\/index.php?rest_route=\/wp\/v2\/pages\/1989\/revisions"}],"predecessor-version":[{"id":1990,"href":"https:\/\/eventos.crp.ufv.br\/jogosdigitais\/index.php?rest_route=\/wp\/v2\/pages\/1989\/revisions\/1990"}],"wp:attachment":[{"href":"https:\/\/eventos.crp.ufv.br\/jogosdigitais\/index.php?rest_route=%2Fwp%2Fv2%2Fmedia&parent=1989"}],"curies":[{"name":"wp","href":"https:\/\/api.w.org\/{rel}","templated":true}]}}