{"id":890,"date":"2017-07-17T19:43:12","date_gmt":"2017-07-17T22:43:12","guid":{"rendered":"https:\/\/eventos.crp.ufv.br\/jogosdigitais\/?page_id=890"},"modified":"2025-08-14T17:42:56","modified_gmt":"2025-08-14T20:42:56","slug":"certificados","status":"publish","type":"page","link":"https:\/\/eventos.crp.ufv.br\/jogosdigitais\/?page_id=890","title":{"rendered":"Agradecimentos"},"content":{"rendered":"<p>Agradecemos sinceramente a todos os envolvidos que contribu\u00edram para o sucesso da 7\u00aa Mostra de Jogos da Universidade Federal de Vi\u00e7osa &#8211; Campus Rio Parana\u00edba (UFV-CRP), um evento que celebra a criatividade, inova\u00e7\u00e3o e paix\u00e3o pelos jogos. Gostar\u00edamos de expressar nossa gratid\u00e3o especial aos seguintes apoiadores:<\/p>\n<p>\u2022 \u00c0 Universidade Federal de Vi\u00e7osa &#8211; Campus Rio Parana\u00edba (UFV-CRP), por fornecer o espa\u00e7o e suporte necess\u00e1rio para a realiza\u00e7\u00e3o deste evento extraordin\u00e1rio, e em particular, ao Curso de Sistemas de Informa\u00e7\u00e3o da UFV-CRP, por sua colabora\u00e7\u00e3o ativa e engajamento na organiza\u00e7\u00e3o da Mostra de Jogos.<\/p>\n<p>\u2022 \u00c0 Diretoria Geral da UFV-CRP, por seu constante apoio e compromisso com a promo\u00e7\u00e3o de iniciativas acad\u00eamicas e culturais de alta qualidade, incluindo a Mostra de Jogos.<\/p>\n<p>\u2022 \u00c0 Diretoria de Ensino da UFV-CRP, por incentivar e valorizar a forma\u00e7\u00e3o e a educa\u00e7\u00e3o atrav\u00e9s da participa\u00e7\u00e3o ativa na Mostra de Jogos, envolvendo os estudantes do Curso de Sistemas de Informa\u00e7\u00e3o e de outras \u00e1reas afins.<\/p>\n<p>\u2022 \u00c0 Diretoria de Extens\u00e3o (DXC) da UFV-CRP, por sua dedica\u00e7\u00e3o em divulgar e promover a Mostra de Jogos, alcan\u00e7ando um p\u00fablico mais amplo e engajado, incluindo as escolas da regi\u00e3o do Alto Parana\u00edba, que participaram e contribu\u00edram com entusiasmo.<\/p>\n<p>\u2022 Ao Instituto de Ci\u00eancias Exatas e Tecnol\u00f3gicas da UFV-CRP, por fornecer suporte e recursos valiosos para a realiza\u00e7\u00e3o deste evento emocionante, que beneficia n\u00e3o apenas os estudantes do curso, mas tamb\u00e9m toda a comunidade local.<\/p>\n<p>\u2022 Gostar\u00edamos de expressar nossa profunda gratid\u00e3o aos nossos patrocinadores e parceiros, cujo apoio financeiro e colabora\u00e7\u00e3o foram essenciais para tornar este evento um sucesso. Em particular, gostar\u00edamos de destacar o apoio do com\u00e9rcio local, representado pela Ternura Modas pelas embalagens, Refer\u00eancia em Moda Festa (www.noivaestilos.com) pelas incr\u00edveis fantasias do Mario e Luigi, e tamb\u00e9m a Mega Cartuchos e a Engenharia de Produ\u00e7\u00e3o (Samuel) pela habilidade e dedica\u00e7\u00e3o na confec\u00e7\u00e3o dos chaveiros. Seu apoio inestim\u00e1vel foi fundamental para o \u00eaxito deste evento.<\/p>\n<p>\u2022 Aos alunos que desenvolveram os jogos educacionais, queremos expressar nosso profundo agradecimento por compartilharem seu talento e criatividade com o p\u00fablico. Seu trabalho \u00e1rduo e dedica\u00e7\u00e3o resultaram em jogos educacionais incr\u00edveis, que proporcionaram uma experi\u00eancia \u00fanica e enriquecedora para os estudantes das escolas do Alto Parana\u00edba. Voc\u00eas s\u00e3o verdadeiros inspiradores, utilizando a tecnologia de forma educativa e divertida. Parab\u00e9ns pelo seu excelente trabalho e por contribuir para o sucesso da 7\u00aa Mostra de Jogos da UFV-CRP. Voc\u00eas s\u00e3o o futuro brilhante da ind\u00fastria de jogos e esperamos ver mais de suas cria\u00e7\u00f5es no futuro. Muito obrigado!&#8221;<\/p>\n<p>\u2022 Agradecemos imensamente \u00e0s escolas do Alto Parana\u00edba, na regi\u00e3o de Minas Gerais, por sua participa\u00e7\u00e3o ativa e entusiasmo na 7\u00aa Mostra de Jogos da UFV-CRP. Sua presen\u00e7a e envolvimento foram fundamentais para o sucesso do evento. Queremos expressar nossa gratid\u00e3o especial aos estudantes das escolas do Alto Parana\u00edba, que aproveitaram a oportunidade de vivenciar os jogos educacionais desenvolvidos pelos alunos, proporcionando-lhes uma experi\u00eancia \u00fanica e enriquecedora. Agradecemos tamb\u00e9m aos professores e diretores das escolas, por incentivarem seus alunos a participarem e valorizarem a import\u00e2ncia da educa\u00e7\u00e3o atrav\u00e9s dos jogos. A colabora\u00e7\u00e3o entre a UFV-CRP, o Curso de Sistemas de Informa\u00e7\u00e3o, as escolas do Alto Parana\u00edba e seus estudantes foi essencial para tornar esta Mostra de Jogos uma experi\u00eancia memor\u00e1vel para todos. Nossos sinceros agradecimentos por seu apoio e contribui\u00e7\u00e3o para o sucesso deste evento.<\/p>\n<p>\u2022 Aos visitantes e entusiastas de jogos, por sua presen\u00e7a e entusiasmo contagiante, tornando a Mostra de Jogos um verdadeiro sucesso, e em especial aos estudantes das escolas do Alto Parana\u00edba, por sua participa\u00e7\u00e3o e envolvimento.<\/p>\n<p>Agradecemos a todos por seu envolvimento, dedica\u00e7\u00e3o e contribui\u00e7\u00e3o para tornar a 6\u00aa Mostra de Jogos da UFV-CRP uma experi\u00eancia memor\u00e1vel e inspiradora. Seu apoio \u00e9 inestim\u00e1vel e esperamos continuar promovendo eventos emocionantes no futuro. Muito obrigado!<\/p>\n","protected":false},"excerpt":{"rendered":"<p>Agradecemos sinceramente a todos os envolvidos que contribu\u00edram para o sucesso da 7\u00aa Mostra de Jogos da Universidade Federal de Vi\u00e7osa &#8211; Campus Rio Parana\u00edba (UFV-CRP), um evento que celebra a criatividade, inova\u00e7\u00e3o e paix\u00e3o pelos jogos. Gostar\u00edamos de expressar &hellip; <a href=\"https:\/\/eventos.crp.ufv.br\/jogosdigitais\/?page_id=890\">Leia mais<\/a><\/p>\n","protected":false},"author":1,"featured_media":0,"parent":0,"menu_order":0,"comment_status":"closed","ping_status":"closed","template":"","meta":{"footnotes":""},"class_list":["post-890","page","type-page","status-publish","hentry"],"_links":{"self":[{"href":"https:\/\/eventos.crp.ufv.br\/jogosdigitais\/index.php?rest_route=\/wp\/v2\/pages\/890","targetHints":{"allow":["GET"]}}],"collection":[{"href":"https:\/\/eventos.crp.ufv.br\/jogosdigitais\/index.php?rest_route=\/wp\/v2\/pages"}],"about":[{"href":"https:\/\/eventos.crp.ufv.br\/jogosdigitais\/index.php?rest_route=\/wp\/v2\/types\/page"}],"author":[{"embeddable":true,"href":"https:\/\/eventos.crp.ufv.br\/jogosdigitais\/index.php?rest_route=\/wp\/v2\/users\/1"}],"replies":[{"embeddable":true,"href":"https:\/\/eventos.crp.ufv.br\/jogosdigitais\/index.php?rest_route=%2Fwp%2Fv2%2Fcomments&post=890"}],"version-history":[{"count":12,"href":"https:\/\/eventos.crp.ufv.br\/jogosdigitais\/index.php?rest_route=\/wp\/v2\/pages\/890\/revisions"}],"predecessor-version":[{"id":1983,"href":"https:\/\/eventos.crp.ufv.br\/jogosdigitais\/index.php?rest_route=\/wp\/v2\/pages\/890\/revisions\/1983"}],"wp:attachment":[{"href":"https:\/\/eventos.crp.ufv.br\/jogosdigitais\/index.php?rest_route=%2Fwp%2Fv2%2Fmedia&parent=890"}],"curies":[{"name":"wp","href":"https:\/\/api.w.org\/{rel}","templated":true}]}}