{"id":12,"date":"2013-07-24T17:49:16","date_gmt":"2013-07-24T17:49:16","guid":{"rendered":"http:\/\/localhost\/eventos\/?page_id=12"},"modified":"2019-05-25T07:46:40","modified_gmt":"2019-05-25T10:46:40","slug":"contato","status":"publish","type":"page","link":"https:\/\/eventos.crp.ufv.br\/semanadaquimica\/?page_id=12","title":{"rendered":"Comit\u00ea"},"content":{"rendered":"<p><strong>Comiss\u00e3o Organizadora:<\/strong><\/p>\n<p>Prof. Dra. V\u00e2nia Maria Moreira Valente<\/p>\n<p>Prof. Dr. Gilmar Gon\u00e7alves Ferreira<\/p>\n<p>Prof. Dr. Sidney Xavier dos Santos<\/p>\n<p>MSc. Valber Georgio de Oliveira Duarte<\/p>\n<p>Ana Luiza Amorim Gomes<\/p>\n<p>Camila Cristina Cal\u00e1cio<\/p>\n<p>Cec\u00edlia Baldo\u00edno Ferreira<\/p>\n<p>Geovanna Soldi Mendes Correia<\/p>\n<p>Let\u00edcia Cristina Vieira Atanazio<\/p>\n<p>L\u00eddio J\u00fanior<\/p>\n<p>Lucas Henrique Silva Moura<\/p>\n<p>Mateus de Morais Silva<\/p>\n<p>Silas J\u00fanior<\/p>\n<p>&nbsp;<\/p>\n","protected":false},"excerpt":{"rendered":"<p>Comiss\u00e3o Organizadora: Prof. Dra. V\u00e2nia Maria Moreira Valente Prof. Dr. Gilmar Gon\u00e7alves Ferreira Prof. Dr. Sidney Xavier dos Santos MSc. Valber Georgio de Oliveira Duarte Ana Luiza Amorim Gomes Camila Cristina Cal\u00e1cio Cec\u00edlia Baldo\u00edno Ferreira Geovanna Soldi Mendes Correia Let\u00edcia &hellip; <a href=\"https:\/\/eventos.crp.ufv.br\/semanadaquimica\/?page_id=12\">Leia mais<\/a><\/p>\n","protected":false},"author":1,"featured_media":0,"parent":0,"menu_order":0,"comment_status":"closed","ping_status":"closed","template":"","meta":{"footnotes":""},"class_list":["post-12","page","type-page","status-publish","hentry"],"_links":{"self":[{"href":"https:\/\/eventos.crp.ufv.br\/semanadaquimica\/index.php?rest_route=\/wp\/v2\/pages\/12","targetHints":{"allow":["GET"]}}],"collection":[{"href":"https:\/\/eventos.crp.ufv.br\/semanadaquimica\/index.php?rest_route=\/wp\/v2\/pages"}],"about":[{"href":"https:\/\/eventos.crp.ufv.br\/semanadaquimica\/index.php?rest_route=\/wp\/v2\/types\/page"}],"author":[{"embeddable":true,"href":"https:\/\/eventos.crp.ufv.br\/semanadaquimica\/index.php?rest_route=\/wp\/v2\/users\/1"}],"replies":[{"embeddable":true,"href":"https:\/\/eventos.crp.ufv.br\/semanadaquimica\/index.php?rest_route=%2Fwp%2Fv2%2Fcomments&post=12"}],"version-history":[{"count":24,"href":"https:\/\/eventos.crp.ufv.br\/semanadaquimica\/index.php?rest_route=\/wp\/v2\/pages\/12\/revisions"}],"predecessor-version":[{"id":673,"href":"https:\/\/eventos.crp.ufv.br\/semanadaquimica\/index.php?rest_route=\/wp\/v2\/pages\/12\/revisions\/673"}],"wp:attachment":[{"href":"https:\/\/eventos.crp.ufv.br\/semanadaquimica\/index.php?rest_route=%2Fwp%2Fv2%2Fmedia&parent=12"}],"curies":[{"name":"wp","href":"https:\/\/api.w.org\/{rel}","templated":true}]}}