{"id":392,"date":"2014-07-13T19:09:41","date_gmt":"2014-07-13T19:09:41","guid":{"rendered":"http:\/\/eventos.crp.ufv.br\/semanadaquimica\/?page_id=392"},"modified":"2019-05-30T14:27:06","modified_gmt":"2019-05-30T17:27:06","slug":"inscricoes-2","status":"publish","type":"page","link":"https:\/\/eventos.crp.ufv.br\/semanadaquimica\/?page_id=392","title":{"rendered":"Inscri\u00e7\u00f5es"},"content":{"rendered":"<h3>As inscri\u00e7\u00f5es ocorrer\u00e3o online no per\u00edodo de 27 maio a 22 junho de 2019.<\/h3>\n<h2 style=\"text-align: center;\"><strong><span style=\"color: #ff0000;\">ATEN\u00c7\u00c3O! N\u00c3O HAVER\u00c1 PRORROGA\u00c7\u00c3O PARA INSCRI\u00c7\u00d5ES!<\/span><\/strong><\/h2>\n<p style=\"text-align: center;\"><a href=\"https:\/\/eventos.crp.ufv.br\/semanadaquimica\/wp-content\/uploads\/Pacotes.jpg\"><img loading=\"lazy\" decoding=\"async\" class=\"aligncenter wp-image-717 size-full\" src=\"https:\/\/eventos.crp.ufv.br\/semanadaquimica\/wp-content\/uploads\/Pacotes.jpg\" width=\"580\" height=\"434\" srcset=\"https:\/\/eventos.crp.ufv.br\/semanadaquimica\/wp-content\/uploads\/Pacotes.jpg 580w, https:\/\/eventos.crp.ufv.br\/semanadaquimica\/wp-content\/uploads\/Pacotes-300x224.jpg 300w, https:\/\/eventos.crp.ufv.br\/semanadaquimica\/wp-content\/uploads\/Pacotes-401x300.jpg 401w\" sizes=\"auto, (max-width: 580px) 100vw, 580px\" \/><\/a><\/p>\n<h3 style=\"text-align: left;\"><strong><span style=\"color: #ff0000;\">INSCRI\u00c7\u00d5ES NO LINK:\u00a0<\/span><\/strong><\/h3>\n<p><a href=\"https:\/\/www.sympla.com.br\/6-seaq---ufv-crp__542448\" target=\"_blank\">https:\/\/www.sympla.com.br\/6-seaq&#8212;ufv-crp__542448<\/a><\/p>\n<p>&nbsp;<\/p>\n<h3 style=\"text-align: left;\"><strong><span style=\"color: #ff0000;\">MODELO E TAMANHO DA CAMISA:\u00a0<\/span><\/strong><\/h3>\n<p><a href=\"https:\/\/docs.google.com\/forms\/d\/e\/1FAIpQLSdNWq2Bitn2bzQrNsvB7kwPtpi6Rl3tYF-tadMZF5XcBOZ9zA\/viewform\" target=\"_blank\">https:\/\/docs.google.com\/forms\/d\/e\/1FAIpQLSdNWq2Bitn2bzQrNsvB7kwPtpi6Rl3tYF-tadMZF5XcBOZ9zA\/viewform<\/a><\/p>\n<p>&nbsp;<\/p>\n","protected":false},"excerpt":{"rendered":"<p>As inscri\u00e7\u00f5es ocorrer\u00e3o online no per\u00edodo de 27 maio a 22 junho de 2019. ATEN\u00c7\u00c3O! N\u00c3O HAVER\u00c1 PRORROGA\u00c7\u00c3O PARA INSCRI\u00c7\u00d5ES! INSCRI\u00c7\u00d5ES NO LINK:\u00a0 https:\/\/www.sympla.com.br\/6-seaq&#8212;ufv-crp__542448 &nbsp; MODELO E TAMANHO DA CAMISA:\u00a0 https:\/\/docs.google.com\/forms\/d\/e\/1FAIpQLSdNWq2Bitn2bzQrNsvB7kwPtpi6Rl3tYF-tadMZF5XcBOZ9zA\/viewform &nbsp;<\/p>\n","protected":false},"author":1,"featured_media":0,"parent":0,"menu_order":0,"comment_status":"open","ping_status":"open","template":"","meta":{"footnotes":""},"class_list":["post-392","page","type-page","status-publish","hentry"],"_links":{"self":[{"href":"https:\/\/eventos.crp.ufv.br\/semanadaquimica\/index.php?rest_route=\/wp\/v2\/pages\/392","targetHints":{"allow":["GET"]}}],"collection":[{"href":"https:\/\/eventos.crp.ufv.br\/semanadaquimica\/index.php?rest_route=\/wp\/v2\/pages"}],"about":[{"href":"https:\/\/eventos.crp.ufv.br\/semanadaquimica\/index.php?rest_route=\/wp\/v2\/types\/page"}],"author":[{"embeddable":true,"href":"https:\/\/eventos.crp.ufv.br\/semanadaquimica\/index.php?rest_route=\/wp\/v2\/users\/1"}],"replies":[{"embeddable":true,"href":"https:\/\/eventos.crp.ufv.br\/semanadaquimica\/index.php?rest_route=%2Fwp%2Fv2%2Fcomments&post=392"}],"version-history":[{"count":16,"href":"https:\/\/eventos.crp.ufv.br\/semanadaquimica\/index.php?rest_route=\/wp\/v2\/pages\/392\/revisions"}],"predecessor-version":[{"id":721,"href":"https:\/\/eventos.crp.ufv.br\/semanadaquimica\/index.php?rest_route=\/wp\/v2\/pages\/392\/revisions\/721"}],"wp:attachment":[{"href":"https:\/\/eventos.crp.ufv.br\/semanadaquimica\/index.php?rest_route=%2Fwp%2Fv2%2Fmedia&parent=392"}],"curies":[{"name":"wp","href":"https:\/\/api.w.org\/{rel}","templated":true}]}}