{"id":4,"date":"2013-07-24T14:09:38","date_gmt":"2013-07-24T14:09:38","guid":{"rendered":"http:\/\/localhost\/eventos\/?page_id=4"},"modified":"2019-05-27T12:50:25","modified_gmt":"2019-05-27T15:50:25","slug":"sobre-o-evento","status":"publish","type":"page","link":"https:\/\/eventos.crp.ufv.br\/semanadaquimica\/","title":{"rendered":"Sobre o Evento"},"content":{"rendered":"<p style=\"text-align: justify; text-indent: 35.4pt;\"><span style=\"color: #333333;\">A Semana Acad\u00eamica de Qu\u00edmica &#8211; SEAQ \u00e9 um evento realizado pela Universidade Federal de Vi\u00e7osa \u2013 Campus Rio Parana\u00edba, aberto\u00a0 para a comunidade acad\u00eamica e profissionais da \u00e1rea da Qu\u00edmica.<\/span><\/p>\n<p style=\"text-align: justify; text-indent: 35.4pt; font-variant-ligatures: normal; font-variant-caps: normal; orphans: 2; widows: 2; -webkit-text-stroke-width: 0px; text-decoration-style: initial; text-decoration-color: initial; word-spacing: 0px;\"><span style=\"color: #333333;\">Em 2019, a 6\u00b0 edi\u00e7\u00e3o da SEAQ ocorrer\u00e1 entre os dias 24 e 29 de Junho com o tema\u00a0<strong>\u201c10 Anos do curso de Qu\u00edmica UFV-CRP: oportunidades para atua\u00e7\u00e3o do profissional da Qu\u00edmica na ind\u00fastria e \u00e1rea acad\u00eamica\u201d<\/strong>.<\/span><\/p>\n<p style=\"text-align: justify; text-indent: 35.4pt; font-variant-ligatures: normal; font-variant-caps: normal; orphans: 2; widows: 2; -webkit-text-stroke-width: 0px; text-decoration-style: initial; text-decoration-color: initial; word-spacing: 0px;\"><span style=\"color: #333333;\">O evento tem como objetivos discutir e expor \u00e0 comunidade acad\u00eamica, as diversas possibilidades de atua\u00e7\u00e3o do profissional da Qu\u00edmica, destacando as oportunidades oferecidas tanto pela academia quanto pelo mercado de trabalho, al\u00e9m de despertar o senso de investiga\u00e7\u00e3o cient\u00edfica, tecnol\u00f3gica e de inova\u00e7\u00e3o.<\/span><\/p>\n","protected":false},"excerpt":{"rendered":"<p>A Semana Acad\u00eamica de Qu\u00edmica &#8211; SEAQ \u00e9 um evento realizado pela Universidade Federal de Vi\u00e7osa \u2013 Campus Rio Parana\u00edba, aberto\u00a0 para a comunidade acad\u00eamica e profissionais da \u00e1rea da Qu\u00edmica. Em 2019, a 6\u00b0 edi\u00e7\u00e3o da SEAQ ocorrer\u00e1 entre &hellip; <a href=\"https:\/\/eventos.crp.ufv.br\/semanadaquimica\/\">Leia mais<\/a><\/p>\n","protected":false},"author":1,"featured_media":0,"parent":0,"menu_order":0,"comment_status":"closed","ping_status":"closed","template":"inicio-page.php","meta":{"footnotes":""},"class_list":["post-4","page","type-page","status-publish","hentry"],"_links":{"self":[{"href":"https:\/\/eventos.crp.ufv.br\/semanadaquimica\/index.php?rest_route=\/wp\/v2\/pages\/4","targetHints":{"allow":["GET"]}}],"collection":[{"href":"https:\/\/eventos.crp.ufv.br\/semanadaquimica\/index.php?rest_route=\/wp\/v2\/pages"}],"about":[{"href":"https:\/\/eventos.crp.ufv.br\/semanadaquimica\/index.php?rest_route=\/wp\/v2\/types\/page"}],"author":[{"embeddable":true,"href":"https:\/\/eventos.crp.ufv.br\/semanadaquimica\/index.php?rest_route=\/wp\/v2\/users\/1"}],"replies":[{"embeddable":true,"href":"https:\/\/eventos.crp.ufv.br\/semanadaquimica\/index.php?rest_route=%2Fwp%2Fv2%2Fcomments&post=4"}],"version-history":[{"count":45,"href":"https:\/\/eventos.crp.ufv.br\/semanadaquimica\/index.php?rest_route=\/wp\/v2\/pages\/4\/revisions"}],"predecessor-version":[{"id":704,"href":"https:\/\/eventos.crp.ufv.br\/semanadaquimica\/index.php?rest_route=\/wp\/v2\/pages\/4\/revisions\/704"}],"wp:attachment":[{"href":"https:\/\/eventos.crp.ufv.br\/semanadaquimica\/index.php?rest_route=%2Fwp%2Fv2%2Fmedia&parent=4"}],"curies":[{"name":"wp","href":"https:\/\/api.w.org\/{rel}","templated":true}]}}