{"id":13,"date":"2013-07-24T18:26:47","date_gmt":"2013-07-24T18:26:47","guid":{"rendered":"http:\/\/localhost\/eventos\/?page_id=13"},"modified":"2016-12-07T13:56:39","modified_gmt":"2016-12-07T16:56:39","slug":"endereco","status":"publish","type":"page","link":"https:\/\/eventos.crp.ufv.br\/simal\/?page_id=13","title":{"rendered":"Endere\u00e7o"},"content":{"rendered":"<p><strong>Universidade Federal de Vi\u00e7osa<\/strong>\u00a0 &#8211; <strong><em>Campus<\/em> Rio Parana\u00edba<\/strong><br \/>\nInstituto de Ci\u00eancias Agr\u00e1rias<br \/>\nRodovia MG-230 &#8211; Km 7\u00a0 &#8211; Rio Parana\u00edba \u2013 MG<br \/>\nCEP: 38810-000 &#8211; Caixa Postal 2<\/p>\n<p>&nbsp;<\/p>\n","protected":false},"excerpt":{"rendered":"<p>Universidade Federal de Vi\u00e7osa\u00a0 &#8211; Campus Rio Parana\u00edba Instituto de Ci\u00eancias Agr\u00e1rias Rodovia MG-230 &#8211; Km 7\u00a0 &#8211; Rio Parana\u00edba \u2013 MG CEP: 38810-000 &#8211; Caixa Postal 2 &nbsp;<\/p>\n","protected":false},"author":1,"featured_media":0,"parent":0,"menu_order":0,"comment_status":"open","ping_status":"open","template":"","meta":{"footnotes":""},"class_list":["post-13","page","type-page","status-publish","hentry"],"_links":{"self":[{"href":"https:\/\/eventos.crp.ufv.br\/simal\/index.php?rest_route=\/wp\/v2\/pages\/13","targetHints":{"allow":["GET"]}}],"collection":[{"href":"https:\/\/eventos.crp.ufv.br\/simal\/index.php?rest_route=\/wp\/v2\/pages"}],"about":[{"href":"https:\/\/eventos.crp.ufv.br\/simal\/index.php?rest_route=\/wp\/v2\/types\/page"}],"author":[{"embeddable":true,"href":"https:\/\/eventos.crp.ufv.br\/simal\/index.php?rest_route=\/wp\/v2\/users\/1"}],"replies":[{"embeddable":true,"href":"https:\/\/eventos.crp.ufv.br\/simal\/index.php?rest_route=%2Fwp%2Fv2%2Fcomments&post=13"}],"version-history":[{"count":8,"href":"https:\/\/eventos.crp.ufv.br\/simal\/index.php?rest_route=\/wp\/v2\/pages\/13\/revisions"}],"predecessor-version":[{"id":680,"href":"https:\/\/eventos.crp.ufv.br\/simal\/index.php?rest_route=\/wp\/v2\/pages\/13\/revisions\/680"}],"wp:attachment":[{"href":"https:\/\/eventos.crp.ufv.br\/simal\/index.php?rest_route=%2Fwp%2Fv2%2Fmedia&parent=13"}],"curies":[{"name":"wp","href":"https:\/\/api.w.org\/{rel}","templated":true}]}}