{"id":381,"date":"2014-07-13T18:48:31","date_gmt":"2014-07-13T18:48:31","guid":{"rendered":"http:\/\/eventos.crp.ufv.br\/simal\/?page_id=381"},"modified":"2017-04-12T10:46:19","modified_gmt":"2017-04-12T13:46:19","slug":"inscricoes","status":"publish","type":"page","link":"https:\/\/eventos.crp.ufv.br\/simal\/?page_id=381","title":{"rendered":"Submiss\u00f5es de trabalho"},"content":{"rendered":"<h3>ATEN\u00c7\u00c3O: O PRAZO PARA SUBMISS\u00c3O DE RESUMOS FOI ESTENDIDO AT\u00c9 O DIA 31\/03\/17!<\/h3>\n<h3>Normas para a elabora\u00e7\u00e3o e envio de trabalhos:<\/h3>\n<p style=\"text-align: justify;\">Os trabalhos dever\u00e3o ser encaminhados na forma de resumo expandido, com a revis\u00e3o lingu\u00edstica realizada, para publica\u00e7\u00e3o no site do evento. Todos os trabalhos dever\u00e3o ser enviados \u00e0 Comiss\u00e3o T\u00e9cnico-Cient\u00edfica at\u00e9 o dia <strong>31<\/strong><b>\u00a0de mar\u00e7o de 2017<\/b>.<\/p>\n<p style=\"text-align: justify;\">A apresenta\u00e7\u00e3o durante o evento ser\u00e1 em forma de p\u00f4ster. Um comunicado de aceite ou n\u00e3o do trabalho ser\u00e1 enviado ao autor correspondente at\u00e9 o dia <b>14 de abril de 2017<\/b>.<\/p>\n<p style=\"text-align: justify;\">A Comiss\u00e3o T\u00e9cnico-Cient\u00edfica selecionar\u00e1 trabalhos para apresenta\u00e7\u00e3o oral. O local de apresenta\u00e7\u00e3o e hor\u00e1rio ser\u00e3o comunicados pela Comiss\u00e3o ao autor correspondente.<\/p>\n<h3 style=\"text-align: justify;\">Importante:<\/h3>\n<p>\u25cf O autor correspondente do trabalho deve realizar inscri\u00e7\u00e3o no evento. <b>Para cada inscri\u00e7\u00e3o poder\u00e1 ser submetido at\u00e9 dois resumos expandidos.<\/b> Junto com o envio do (s) resumo (s) deve ser enviado o comprovante de pagamento da taxa de inscri\u00e7\u00e3o no Evento. Em hip\u00f3tese alguma ser\u00e1 realizada devolu\u00e7\u00e3o da taxa de inscri\u00e7\u00e3o e o pagamento dessa n\u00e3o condiciona o aceite do resumo expandido submetido \u00e0 Comiss\u00e3o T\u00e9cnico-Cient\u00edfica do Evento.<\/p>\n<p>\u25cf Caso o autor correspondente n\u00e3o possa apresentar o trabalho, dever\u00e1 indicar o nome de um coautor listado no trabalho e devidamente inscrito no evento.<\/p>\n<p>\u25cf Somente far\u00e1 jus ao certificado de apresentador de trabalho aquele que efetivamente o apresentar e permanecer no local da exposi\u00e7\u00e3o, na data e hora estabelecida, pela Comiss\u00e3o T\u00e9cnico-Cient\u00edfica.<\/p>\n<p>\u25cf O n\u00famero m\u00e1ximo de autores por trabalho \u00e9 <b>SEIS<\/b>.<\/p>\n<p>\u25cf O \u00faltimo autor deve ser o pesquisador\/orientador respons\u00e1vel pelo trabalho.<\/p>\n<p>\u25cf Os trabalhos recebidos fora das normas e\/ou datas expressas neste documento ser\u00e3o recusados.<\/p>\n<h3>Informa\u00e7\u00f5es:<\/h3>\n<p>Normas para elabora\u00e7\u00e3o e envio dos resumos expandidos:\u00a0<a href=\"https:\/\/eventos.crp.ufv.br\/simal\/wp-content\/uploads\/2014\/07\/ELABORA\u00c7\u00c3O-DO-RESUMO-EXPANDIDO1.pdf\">NORMAS<\/a>\u00a0<a href=\"https:\/\/eventos.crp.ufv.br\/simal\/wp-content\/uploads\/2014\/07\/ELABORA\u00c7\u00c3O-DO-RESUMO-EXPANDIDO.pdf\"><br \/>\n<\/a><\/p>\n<p>Modelo de resumo expandido:\u00a0<a href=\"https:\/\/eventos.crp.ufv.br\/simal\/wp-content\/uploads\/2014\/07\/Modelo-de-resumo-expandido.pdf\" target=\"_blank\">Modelo de resumo expandido<\/a><\/p>\n<p>Modelo de resumo expandido em docx:\u00a0<a href=\"https:\/\/eventos.crp.ufv.br\/simal\/wp-content\/uploads\/2014\/07\/MODELO-RESUMO-1.docx\">MODELO RESUMO<\/a><\/p>\n<p>E-mail para envio do resumo: <strong>enviotrabalhosimal@gmail.com<\/strong><\/p>\n<p>Normas para preparo e apresenta\u00e7\u00e3o do p\u00f4ster e para apresenta\u00e7\u00f5es orais:\u00a0<a href=\"https:\/\/eventos.crp.ufv.br\/simal\/wp-content\/uploads\/2014\/07\/NORMAS-P\u00d4STER.pdf\">NORMAS P\u00d4STER<\/a><\/p>\n<p>Modelo p\u00f4ster:\u00a0<a href=\"https:\/\/eventos.crp.ufv.br\/simal\/wp-content\/uploads\/2014\/07\/MODELO-P\u00f4ster-Simal_Seacal.ppt\">MODELO P\u00f4ster Simal_Seacal<\/a><\/p>\n<p>&nbsp;<\/p>\n","protected":false},"excerpt":{"rendered":"<p>ATEN\u00c7\u00c3O: O PRAZO PARA SUBMISS\u00c3O DE RESUMOS FOI ESTENDIDO AT\u00c9 O DIA 31\/03\/17! Normas para a elabora\u00e7\u00e3o e envio de trabalhos: Os trabalhos dever\u00e3o ser encaminhados na forma de resumo expandido, com a revis\u00e3o lingu\u00edstica realizada, para publica\u00e7\u00e3o no site &hellip; <a href=\"https:\/\/eventos.crp.ufv.br\/simal\/?page_id=381\">Leia mais<\/a><\/p>\n","protected":false},"author":1,"featured_media":0,"parent":0,"menu_order":0,"comment_status":"open","ping_status":"open","template":"","meta":{"footnotes":""},"class_list":["post-381","page","type-page","status-publish","hentry"],"_links":{"self":[{"href":"https:\/\/eventos.crp.ufv.br\/simal\/index.php?rest_route=\/wp\/v2\/pages\/381","targetHints":{"allow":["GET"]}}],"collection":[{"href":"https:\/\/eventos.crp.ufv.br\/simal\/index.php?rest_route=\/wp\/v2\/pages"}],"about":[{"href":"https:\/\/eventos.crp.ufv.br\/simal\/index.php?rest_route=\/wp\/v2\/types\/page"}],"author":[{"embeddable":true,"href":"https:\/\/eventos.crp.ufv.br\/simal\/index.php?rest_route=\/wp\/v2\/users\/1"}],"replies":[{"embeddable":true,"href":"https:\/\/eventos.crp.ufv.br\/simal\/index.php?rest_route=%2Fwp%2Fv2%2Fcomments&post=381"}],"version-history":[{"count":52,"href":"https:\/\/eventos.crp.ufv.br\/simal\/index.php?rest_route=\/wp\/v2\/pages\/381\/revisions"}],"predecessor-version":[{"id":846,"href":"https:\/\/eventos.crp.ufv.br\/simal\/index.php?rest_route=\/wp\/v2\/pages\/381\/revisions\/846"}],"wp:attachment":[{"href":"https:\/\/eventos.crp.ufv.br\/simal\/index.php?rest_route=%2Fwp%2Fv2%2Fmedia&parent=381"}],"curies":[{"name":"wp","href":"https:\/\/api.w.org\/{rel}","templated":true}]}}