{"id":4,"date":"2013-07-24T14:09:38","date_gmt":"2013-07-24T14:09:38","guid":{"rendered":"http:\/\/localhost\/eventos\/?page_id=4"},"modified":"2017-02-20T10:24:22","modified_gmt":"2017-02-20T13:24:22","slug":"sobre-o-evento","status":"publish","type":"page","link":"https:\/\/eventos.crp.ufv.br\/simal\/","title":{"rendered":"Sobre o Evento"},"content":{"rendered":"<p>O II Simp\u00f3sio de Alimentos e III Semana Acad\u00eamica de Ci\u00eancia e Tecnologia de Alimentos, promovidos pelo Curso de Ci\u00eancia e Tecnologia de Alimentos da Universidade Federal de Vi\u00e7osa &#8211; Campus de Rio Parana\u00edba, ocorrer\u00e3o de 09 a 12 de Maio de 2017, cujo tema \u00e9 &#8220;Sustentabilidade, Desafio e Inova\u00e7\u00e3o&#8221;.<\/p>\n<p>O II SIMAL &amp; IIISEACAL \u00e9 um encontro entre docentes, discentes e profissionais da \u00e1rea de Ci\u00eancia e Tecnologia de Alimentos e afins, valorizando discuss\u00f5es referentes aos temas, bem como troca de experi\u00eancia entre os participantes.<\/p>\n<p>&nbsp;<\/p>\n<p>Visite tamb\u00e9m nossa p\u00e1gina no Facebook: II SIMAL &amp; III SEACAL<\/p>\n","protected":false},"excerpt":{"rendered":"<p>O II Simp\u00f3sio de Alimentos e III Semana Acad\u00eamica de Ci\u00eancia e Tecnologia de Alimentos, promovidos pelo Curso de Ci\u00eancia e Tecnologia de Alimentos da Universidade Federal de Vi\u00e7osa &#8211; Campus de Rio Parana\u00edba, ocorrer\u00e3o de 09 a 12 de &hellip; <a href=\"https:\/\/eventos.crp.ufv.br\/simal\/\">Leia mais<\/a><\/p>\n","protected":false},"author":1,"featured_media":0,"parent":0,"menu_order":0,"comment_status":"closed","ping_status":"closed","template":"inicio-page.php","meta":{"footnotes":""},"class_list":["post-4","page","type-page","status-publish","hentry"],"_links":{"self":[{"href":"https:\/\/eventos.crp.ufv.br\/simal\/index.php?rest_route=\/wp\/v2\/pages\/4","targetHints":{"allow":["GET"]}}],"collection":[{"href":"https:\/\/eventos.crp.ufv.br\/simal\/index.php?rest_route=\/wp\/v2\/pages"}],"about":[{"href":"https:\/\/eventos.crp.ufv.br\/simal\/index.php?rest_route=\/wp\/v2\/types\/page"}],"author":[{"embeddable":true,"href":"https:\/\/eventos.crp.ufv.br\/simal\/index.php?rest_route=\/wp\/v2\/users\/1"}],"replies":[{"embeddable":true,"href":"https:\/\/eventos.crp.ufv.br\/simal\/index.php?rest_route=%2Fwp%2Fv2%2Fcomments&post=4"}],"version-history":[{"count":48,"href":"https:\/\/eventos.crp.ufv.br\/simal\/index.php?rest_route=\/wp\/v2\/pages\/4\/revisions"}],"predecessor-version":[{"id":808,"href":"https:\/\/eventos.crp.ufv.br\/simal\/index.php?rest_route=\/wp\/v2\/pages\/4\/revisions\/808"}],"wp:attachment":[{"href":"https:\/\/eventos.crp.ufv.br\/simal\/index.php?rest_route=%2Fwp%2Fv2%2Fmedia&parent=4"}],"curies":[{"name":"wp","href":"https:\/\/api.w.org\/{rel}","templated":true}]}}