{"id":672,"date":"2016-12-05T10:08:43","date_gmt":"2016-12-05T13:08:43","guid":{"rendered":"http:\/\/eventos.crp.ufv.br\/simal\/?page_id=672"},"modified":"2017-03-07T10:57:36","modified_gmt":"2017-03-07T13:57:36","slug":"mesa-redonda","status":"publish","type":"page","link":"https:\/\/eventos.crp.ufv.br\/simal\/?page_id=672","title":{"rendered":"Minicursos"},"content":{"rendered":"<h1 style=\"text-align: left;\">Aten\u00e7\u00e3o: Vagas\u00a0para o minicurso de Cerveja Artesanal esgotadas!<\/h1>\n<h1 style=\"text-align: left;\">Informa\u00e7\u00e3o:<\/h1>\n<p>Cada inscri\u00e7\u00e3o ter\u00e1 direito a <strong>1 minicurso pr\u00e1tico<\/strong> e <strong>1 minicurso te\u00f3rico :<\/strong><\/p>\n<p style=\"text-align: left; padding-left: 120px;\"><img loading=\"lazy\" decoding=\"async\" class=\"wp-image-790 aligncenter\" src=\"https:\/\/eventos.crp.ufv.br\/simal\/wp-content\/uploads\/2016\/12\/mon-1-1.png\" alt=\"\" width=\"491\" height=\"694\" srcset=\"https:\/\/eventos.crp.ufv.br\/simal\/wp-content\/uploads\/2016\/12\/mon-1-1.png 794w, https:\/\/eventos.crp.ufv.br\/simal\/wp-content\/uploads\/2016\/12\/mon-1-1-212x300.png 212w, https:\/\/eventos.crp.ufv.br\/simal\/wp-content\/uploads\/2016\/12\/mon-1-1-768x1086.png 768w, https:\/\/eventos.crp.ufv.br\/simal\/wp-content\/uploads\/2016\/12\/mon-1-1-724x1024.png 724w\" sizes=\"auto, (max-width: 491px) 100vw, 491px\" \/><\/p>\n<hr \/>\n<p style=\"text-align: left;\">Na ficha de inscri\u00e7\u00e3o \u00e9\u00a0solicitado que o participante escolha o minicurso pr\u00e1tico (que tem vagas limitadas) e automaticamente ele ser\u00e1 inscrito no minicurso te\u00f3rico que n\u00e3o d\u00ea conflito de hor\u00e1rio com o pr\u00e1tico escolhido.<\/p>\n<p style=\"padding-left: 90px;\"><!--more--><!--more--><!--more--><\/p>\n","protected":false},"excerpt":{"rendered":"<p>Aten\u00e7\u00e3o: Vagas\u00a0para o minicurso de Cerveja Artesanal esgotadas! Informa\u00e7\u00e3o: Cada inscri\u00e7\u00e3o ter\u00e1 direito a 1 minicurso pr\u00e1tico e 1 minicurso te\u00f3rico : Na ficha de inscri\u00e7\u00e3o \u00e9\u00a0solicitado que o participante escolha o minicurso pr\u00e1tico (que tem vagas limitadas) e automaticamente &hellip; <a href=\"https:\/\/eventos.crp.ufv.br\/simal\/?page_id=672\">Leia mais<\/a><\/p>\n","protected":false},"author":3,"featured_media":0,"parent":0,"menu_order":0,"comment_status":"open","ping_status":"open","template":"","meta":{"footnotes":""},"class_list":["post-672","page","type-page","status-publish","hentry"],"_links":{"self":[{"href":"https:\/\/eventos.crp.ufv.br\/simal\/index.php?rest_route=\/wp\/v2\/pages\/672","targetHints":{"allow":["GET"]}}],"collection":[{"href":"https:\/\/eventos.crp.ufv.br\/simal\/index.php?rest_route=\/wp\/v2\/pages"}],"about":[{"href":"https:\/\/eventos.crp.ufv.br\/simal\/index.php?rest_route=\/wp\/v2\/types\/page"}],"author":[{"embeddable":true,"href":"https:\/\/eventos.crp.ufv.br\/simal\/index.php?rest_route=\/wp\/v2\/users\/3"}],"replies":[{"embeddable":true,"href":"https:\/\/eventos.crp.ufv.br\/simal\/index.php?rest_route=%2Fwp%2Fv2%2Fcomments&post=672"}],"version-history":[{"count":38,"href":"https:\/\/eventos.crp.ufv.br\/simal\/index.php?rest_route=\/wp\/v2\/pages\/672\/revisions"}],"predecessor-version":[{"id":812,"href":"https:\/\/eventos.crp.ufv.br\/simal\/index.php?rest_route=\/wp\/v2\/pages\/672\/revisions\/812"}],"wp:attachment":[{"href":"https:\/\/eventos.crp.ufv.br\/simal\/index.php?rest_route=%2Fwp%2Fv2%2Fmedia&parent=672"}],"curies":[{"name":"wp","href":"https:\/\/api.w.org\/{rel}","templated":true}]}}