{"id":851,"date":"2017-05-01T11:55:29","date_gmt":"2017-05-01T14:55:29","guid":{"rendered":"https:\/\/eventos.crp.ufv.br\/simal\/?page_id=851"},"modified":"2017-05-01T11:55:58","modified_gmt":"2017-05-01T14:55:58","slug":"visitas-tecnicas","status":"publish","type":"page","link":"https:\/\/eventos.crp.ufv.br\/simal\/?page_id=851","title":{"rendered":"Visitas T\u00e9cnicas"},"content":{"rendered":"<p><strong>Aten\u00e7\u00e3o!<\/strong><\/p>\n<p>As visitas acontecer\u00e3o na sexta-feira ( 12\/05) pela manh\u00e3.<\/p>\n<div class=\"text_exposed_show\">\n<p>Para entrar nas empresas \u00e9 necess\u00e1rio vestir cal\u00e7a, sapato fechado sem salto, e blusa sem decote, e seguir as normas de seguran\u00e7a do local.<\/p>\n<p>As empresas s\u00e3o:<br \/>\nPifpaf &#8211; Patroc\u00ednio<br \/>\nPredilecta -Patos( apenas estudantes, n\u00e3o ser\u00e1 permitido acesso por profissionais, a empresa exigir\u00e1 apresenta\u00e7\u00e3o da carteirinha )<br \/>\nTirolez- Arapu\u00e1<\/p>\n<p>O n\u00famero de vagas \u00e9 diferente para cada uma delas.<\/p>\n<p>No momento do registro no evento cada participante receber\u00e1 uma ficha para indicar a ordem de prefer\u00eancia, e a comiss\u00e3o far\u00e1 a separa\u00e7\u00e3o por ordem de inscri\u00e7\u00e3o ( e n\u00e3o de registro).<\/p>\n<p>A lista com os nomes que participar\u00e3o de cada visita e o local de sa\u00edda ser\u00e1 divulgada na quarta (10\/05).<\/p>\n<\/div>\n","protected":false},"excerpt":{"rendered":"<p>Aten\u00e7\u00e3o! As visitas acontecer\u00e3o na sexta-feira ( 12\/05) pela manh\u00e3. Para entrar nas empresas \u00e9 necess\u00e1rio vestir cal\u00e7a, sapato fechado sem salto, e blusa sem decote, e seguir as normas de seguran\u00e7a do local. As empresas s\u00e3o: Pifpaf &#8211; Patroc\u00ednio &hellip; <a href=\"https:\/\/eventos.crp.ufv.br\/simal\/?page_id=851\">Leia mais<\/a><\/p>\n","protected":false},"author":3,"featured_media":0,"parent":0,"menu_order":0,"comment_status":"closed","ping_status":"closed","template":"","meta":{"footnotes":""},"class_list":["post-851","page","type-page","status-publish","hentry"],"_links":{"self":[{"href":"https:\/\/eventos.crp.ufv.br\/simal\/index.php?rest_route=\/wp\/v2\/pages\/851","targetHints":{"allow":["GET"]}}],"collection":[{"href":"https:\/\/eventos.crp.ufv.br\/simal\/index.php?rest_route=\/wp\/v2\/pages"}],"about":[{"href":"https:\/\/eventos.crp.ufv.br\/simal\/index.php?rest_route=\/wp\/v2\/types\/page"}],"author":[{"embeddable":true,"href":"https:\/\/eventos.crp.ufv.br\/simal\/index.php?rest_route=\/wp\/v2\/users\/3"}],"replies":[{"embeddable":true,"href":"https:\/\/eventos.crp.ufv.br\/simal\/index.php?rest_route=%2Fwp%2Fv2%2Fcomments&post=851"}],"version-history":[{"count":2,"href":"https:\/\/eventos.crp.ufv.br\/simal\/index.php?rest_route=\/wp\/v2\/pages\/851\/revisions"}],"predecessor-version":[{"id":853,"href":"https:\/\/eventos.crp.ufv.br\/simal\/index.php?rest_route=\/wp\/v2\/pages\/851\/revisions\/853"}],"wp:attachment":[{"href":"https:\/\/eventos.crp.ufv.br\/simal\/index.php?rest_route=%2Fwp%2Fv2%2Fmedia&parent=851"}],"curies":[{"name":"wp","href":"https:\/\/api.w.org\/{rel}","templated":true}]}}